{"id":715,"date":"2024-07-19T17:22:02","date_gmt":"2024-07-19T20:22:02","guid":{"rendered":"https:\/\/chapeucenter.com.br\/index\/produto\/chapeu-pralana-champion-biplay-2-cinza-escuro-58\/"},"modified":"2026-03-25T12:59:38","modified_gmt":"2026-03-25T15:59:38","slug":"chapeu-pralana-champion-biplay-2-cinza-escuro-58","status":"publish","type":"product","link":"https:\/\/chapeucenter.com.br\/index\/produto\/chapeu-pralana-champion-biplay-2-cinza-escuro-58\/","title":{"rendered":"CHAP\u00c9U PRALANA CHAMPION BIPLAY 2 CINZA ESCURO 58"},"content":{"rendered":"<p><span style=\"color: #3f4254;font-family: Montserrat, sans-serif;font-size: 13px\">CHAP\u00c9U DE ALTA QUALIDADE E DURABILIDADE, SUPER ESTILOSO E CONFORT\u00c1VEL PARA QUALQUER HORA DO DIA. A MARCA PRALANA SEMPRE PENSANDO NA SATISFA\u00c7\u00c3O DE SEUS CLIENTES PROPORCIONANDO O MELHOR DA MODA COUNTRY.<\/span><br style=\"color: #3f4254;font-family: Montserrat, sans-serif;font-size: 13px\" \/><br style=\"color: #3f4254;font-family: Montserrat, sans-serif;font-size: 13px\" \/><br style=\"color: #3f4254;font-family: Montserrat, sans-serif;font-size: 13px\" \/><br style=\"color: #3f4254;font-family: Montserrat, sans-serif;font-size: 13px\" \/><span style=\"color: #3f4254;font-family: Montserrat, sans-serif;font-size: 13px\">Material Feltro 100% L\u00e3<\/span><br style=\"color: #3f4254;font-family: Montserrat, sans-serif;font-size: 13px\" \/><span style=\"color: #3f4254;font-family: Montserrat, sans-serif;font-size: 13px\">Aba 13.0 cm<\/span><br style=\"color: #3f4254;font-family: Montserrat, sans-serif;font-size: 13px\" \/><span style=\"color: #3f4254;font-family: Montserrat, sans-serif;font-size: 13px\">Carneira: Recouro<\/span><br style=\"color: #3f4254;font-family: Montserrat, sans-serif;font-size: 13px\" \/><span style=\"color: #3f4254;font-family: Montserrat, sans-serif;font-size: 13px\">Dispon\u00edvel Nas Cores : Marrom, Preto, Cinza, Areia e Camel<\/span><br style=\"color: #3f4254;font-family: Montserrat, sans-serif;font-size: 13px\" \/><span style=\"color: #3f4254;font-family: Montserrat, sans-serif;font-size: 13px\">Dispon\u00edvel Nos Tamanhos : 54 a 62<\/span><\/p>\n","protected":false},"excerpt":{"rendered":"<p>CHAP\u00c9U DE ALTA QUALIDADE E DURABILIDADE, SUPER ESTILOSO E CONFORT\u00c1VEL PARA QUALQUER HORA DO DIA. A MARCA PRALANA SEMPRE PENSANDO NA SATISFA\u00c7\u00c3O DE SEUS CLIENTES PROPORCIONANDO<span class=\"excerpt-hellip\"> [\u2026]<\/span><\/p>\n","protected":false},"featured_media":2024,"template":"","meta":{"_joinchat":[]},"product_brand":[],"product_cat":[35],"product_tag":[],"class_list":{"0":"post-715","1":"product","2":"type-product","3":"status-publish","4":"has-post-thumbnail","6":"product_cat-champion-biplay","8":"first","9":"instock","10":"shipping-taxable","11":"purchasable","12":"product-type-simple"},"_links":{"self":[{"href":"https:\/\/chapeucenter.com.br\/index\/wp-json\/wp\/v2\/product\/715","targetHints":{"allow":["GET"]}}],"collection":[{"href":"https:\/\/chapeucenter.com.br\/index\/wp-json\/wp\/v2\/product"}],"about":[{"href":"https:\/\/chapeucenter.com.br\/index\/wp-json\/wp\/v2\/types\/product"}],"wp:featuredmedia":[{"embeddable":true,"href":"https:\/\/chapeucenter.com.br\/index\/wp-json\/wp\/v2\/media\/2024"}],"wp:attachment":[{"href":"https:\/\/chapeucenter.com.br\/index\/wp-json\/wp\/v2\/media?parent=715"}],"wp:term":[{"taxonomy":"product_brand","embeddable":true,"href":"https:\/\/chapeucenter.com.br\/index\/wp-json\/wp\/v2\/product_brand?post=715"},{"taxonomy":"product_cat","embeddable":true,"href":"https:\/\/chapeucenter.com.br\/index\/wp-json\/wp\/v2\/product_cat?post=715"},{"taxonomy":"product_tag","embeddable":true,"href":"https:\/\/chapeucenter.com.br\/index\/wp-json\/wp\/v2\/product_tag?post=715"}],"curies":[{"name":"wp","href":"https:\/\/api.w.org\/{rel}","templated":true}]}}