{"id":6683,"date":"2026-01-30T10:06:11","date_gmt":"2026-01-30T13:06:11","guid":{"rendered":"https:\/\/chapeucenter.com.br\/index\/produto\/chapeu-pralana-personalizado-3-cravos-com-casca-de-bala-e-couro-aba-11-tam-58\/"},"modified":"2026-03-30T11:45:49","modified_gmt":"2026-03-30T14:45:49","slug":"chapeu-pralana-personalizado-3-cravos-com-casca-de-bala-e-couro-aba-11-tam-58","status":"publish","type":"product","link":"https:\/\/chapeucenter.com.br\/index\/produto\/chapeu-pralana-personalizado-3-cravos-com-casca-de-bala-e-couro-aba-11-tam-58\/","title":{"rendered":"CHAP\u00c9U PRALANA PERSONALIZADO 3 CRAVOS COM CASCA DE BALA E COURO ABA 11 &#8211; TAM. 58"},"content":{"rendered":"<p>\u2728 <strong>Detalhes do Chap\u00e9u:<\/strong><br \/>&#8211; O chap\u00e9u Pralana \u00e9 personalizado com 3 cravos.<br \/>&#8211; Inclui casca de bala e couro na aba.<br \/>&#8211; Design exclusivo com 3 cravos para um toque personalizado.<\/p>\n","protected":false},"excerpt":{"rendered":"<p>\u2728 Detalhes do Chap\u00e9u:&#8211; O chap\u00e9u Pralana \u00e9 personalizado com 3 cravos.&#8211; Inclui casca de bala e couro na aba.&#8211; Design exclusivo com 3 cravos para<span class=\"excerpt-hellip\"> [\u2026]<\/span><\/p>\n","protected":false},"featured_media":6675,"template":"","meta":{"_joinchat":[]},"product_brand":[],"product_cat":[77],"product_tag":[],"class_list":{"0":"post-6683","1":"product","2":"type-product","3":"status-publish","4":"has-post-thumbnail","6":"product_cat-couro","8":"first","9":"instock","10":"shipping-taxable","11":"purchasable","12":"product-type-simple"},"_links":{"self":[{"href":"https:\/\/chapeucenter.com.br\/index\/wp-json\/wp\/v2\/product\/6683","targetHints":{"allow":["GET"]}}],"collection":[{"href":"https:\/\/chapeucenter.com.br\/index\/wp-json\/wp\/v2\/product"}],"about":[{"href":"https:\/\/chapeucenter.com.br\/index\/wp-json\/wp\/v2\/types\/product"}],"wp:featuredmedia":[{"embeddable":true,"href":"https:\/\/chapeucenter.com.br\/index\/wp-json\/wp\/v2\/media\/6675"}],"wp:attachment":[{"href":"https:\/\/chapeucenter.com.br\/index\/wp-json\/wp\/v2\/media?parent=6683"}],"wp:term":[{"taxonomy":"product_brand","embeddable":true,"href":"https:\/\/chapeucenter.com.br\/index\/wp-json\/wp\/v2\/product_brand?post=6683"},{"taxonomy":"product_cat","embeddable":true,"href":"https:\/\/chapeucenter.com.br\/index\/wp-json\/wp\/v2\/product_cat?post=6683"},{"taxonomy":"product_tag","embeddable":true,"href":"https:\/\/chapeucenter.com.br\/index\/wp-json\/wp\/v2\/product_tag?post=6683"}],"curies":[{"name":"wp","href":"https:\/\/api.w.org\/{rel}","templated":true}]}}