{"id":6510,"date":"2026-01-08T11:07:44","date_gmt":"2026-01-08T14:07:44","guid":{"rendered":"https:\/\/chapeucenter.com.br\/index\/produto\/chapeu-pralana-30x-preto-aba-11-personalizado-casca-de-bala-tam-57\/"},"modified":"2026-01-08T11:07:44","modified_gmt":"2026-01-08T14:07:44","slug":"chapeu-pralana-30x-preto-aba-11-personalizado-casca-de-bala-tam-57","status":"publish","type":"product","link":"https:\/\/chapeucenter.com.br\/index\/produto\/chapeu-pralana-30x-preto-aba-11-personalizado-casca-de-bala-tam-57\/","title":{"rendered":"CHAP\u00c9U PRALANA 30X PRETO ABA 11 PERSONALIZADO CASCA DE BALA TAM 57"},"content":{"rendered":"<p><span style=\"font-family: 'Proxima Nova', -apple-system, Roboto, Arial, sans-serif;font-size: 20px\">CHAP\u00c9U PERSONALIZADO COM BANDINHA DE COURO, 3 CRAVOS PRATEADOS, CAPSULAS DE MUNI\u00c7\u00c3O E PENA DE METAL ESSE MODELO \u00c9 OFICIAL DA NOSSA LOJA CHAP\u00c9U CENTER, FEITO EM CIMA DOS CHAP\u00c9US ORIGINAL DA F\u00c1BRICA PRALANA ELE EST\u00c1 DISPON\u00cdVEL ORIGINALMENTE NA ABA 10, MAS PODE SER REDUZIDO DE 0,5CM AT\u00c9 A ABA 7 DISPON\u00cdVEL EM V\u00c1RIAS CORES MATERIAL 100% FELTRO (L\u00c3 DE CARNEIRO) TAMANHO PP AO GG<\/span><\/p>\n","protected":false},"excerpt":{"rendered":"<p>CHAP\u00c9U PERSONALIZADO COM BANDINHA DE COURO, 3 CRAVOS PRATEADOS, CAPSULAS DE MUNI\u00c7\u00c3O E PENA DE METAL ESSE MODELO \u00c9 OFICIAL DA NOSSA LOJA CHAP\u00c9U CENTER, FEITO<span class=\"excerpt-hellip\"> [\u2026]<\/span><\/p>\n","protected":false},"featured_media":6507,"template":"","meta":{"_joinchat":[]},"product_brand":[],"product_cat":[52],"product_tag":[],"class_list":{"0":"post-6510","1":"product","2":"type-product","3":"status-publish","4":"has-post-thumbnail","6":"product_cat-casca-de-bala","8":"first","9":"instock","10":"shipping-taxable","11":"purchasable","12":"product-type-simple"},"_links":{"self":[{"href":"https:\/\/chapeucenter.com.br\/index\/wp-json\/wp\/v2\/product\/6510","targetHints":{"allow":["GET"]}}],"collection":[{"href":"https:\/\/chapeucenter.com.br\/index\/wp-json\/wp\/v2\/product"}],"about":[{"href":"https:\/\/chapeucenter.com.br\/index\/wp-json\/wp\/v2\/types\/product"}],"wp:featuredmedia":[{"embeddable":true,"href":"https:\/\/chapeucenter.com.br\/index\/wp-json\/wp\/v2\/media\/6507"}],"wp:attachment":[{"href":"https:\/\/chapeucenter.com.br\/index\/wp-json\/wp\/v2\/media?parent=6510"}],"wp:term":[{"taxonomy":"product_brand","embeddable":true,"href":"https:\/\/chapeucenter.com.br\/index\/wp-json\/wp\/v2\/product_brand?post=6510"},{"taxonomy":"product_cat","embeddable":true,"href":"https:\/\/chapeucenter.com.br\/index\/wp-json\/wp\/v2\/product_cat?post=6510"},{"taxonomy":"product_tag","embeddable":true,"href":"https:\/\/chapeucenter.com.br\/index\/wp-json\/wp\/v2\/product_tag?post=6510"}],"curies":[{"name":"wp","href":"https:\/\/api.w.org\/{rel}","templated":true}]}}