{"id":6421,"date":"2026-01-07T16:59:56","date_gmt":"2026-01-07T19:59:56","guid":{"rendered":"https:\/\/chapeucenter.com.br\/index\/produto\/chapeu-personalizado-campo-raiz-bege-aba-85-com-desenhos-tam-pp\/"},"modified":"2026-01-07T16:59:56","modified_gmt":"2026-01-07T19:59:56","slug":"chapeu-personalizado-campo-raiz-bege-aba-85-com-desenhos-tam-pp","status":"publish","type":"product","link":"https:\/\/chapeucenter.com.br\/index\/produto\/chapeu-personalizado-campo-raiz-bege-aba-85-com-desenhos-tam-pp\/","title":{"rendered":"Chap\u00e9u Personalizado Campo Raiz Bege Aba 8,5 Com Desenhos tam PP"},"content":{"rendered":"<p>\u00a0<span style=\"font-family: 'Proxima Nova', -apple-system, Roboto, Arial, sans-serif;font-size: 20px\">CHAP\u00c9U PERSONALIZADO ORIGINAL PRALANA COM DESENHOS FEITO A M\u00c3O<\/span><\/p>\n<p><span style=\"font-family: 'Proxima Nova', -apple-system, Roboto, Arial, sans-serif;font-size: 20px\"> DISPON\u00cdVEL NA ABA 8,5 COR: BEGE TAMANHOS: PP(53CM) P(55-54) M(57-56) G(59-58) GG(61-60)<\/span><\/p>\n","protected":false},"excerpt":{"rendered":"<p>\u00a0CHAP\u00c9U PERSONALIZADO ORIGINAL PRALANA COM DESENHOS FEITO A M\u00c3O DISPON\u00cdVEL NA ABA 8,5 COR: BEGE TAMANHOS: PP(53CM) P(55-54) M(57-56) G(59-58) GG(61-60)<\/p>\n","protected":false},"featured_media":6417,"template":"","meta":{"_joinchat":[]},"product_brand":[],"product_cat":[76],"product_tag":[],"class_list":{"0":"post-6421","1":"product","2":"type-product","3":"status-publish","4":"has-post-thumbnail","6":"product_cat-laser","8":"first","9":"outofstock","10":"shipping-taxable","11":"purchasable","12":"product-type-simple"},"_links":{"self":[{"href":"https:\/\/chapeucenter.com.br\/index\/wp-json\/wp\/v2\/product\/6421","targetHints":{"allow":["GET"]}}],"collection":[{"href":"https:\/\/chapeucenter.com.br\/index\/wp-json\/wp\/v2\/product"}],"about":[{"href":"https:\/\/chapeucenter.com.br\/index\/wp-json\/wp\/v2\/types\/product"}],"wp:featuredmedia":[{"embeddable":true,"href":"https:\/\/chapeucenter.com.br\/index\/wp-json\/wp\/v2\/media\/6417"}],"wp:attachment":[{"href":"https:\/\/chapeucenter.com.br\/index\/wp-json\/wp\/v2\/media?parent=6421"}],"wp:term":[{"taxonomy":"product_brand","embeddable":true,"href":"https:\/\/chapeucenter.com.br\/index\/wp-json\/wp\/v2\/product_brand?post=6421"},{"taxonomy":"product_cat","embeddable":true,"href":"https:\/\/chapeucenter.com.br\/index\/wp-json\/wp\/v2\/product_cat?post=6421"},{"taxonomy":"product_tag","embeddable":true,"href":"https:\/\/chapeucenter.com.br\/index\/wp-json\/wp\/v2\/product_tag?post=6421"}],"curies":[{"name":"wp","href":"https:\/\/api.w.org\/{rel}","templated":true}]}}