{"id":6249,"date":"2025-11-28T15:23:28","date_gmt":"2025-11-28T18:23:28","guid":{"rendered":"https:\/\/chapeucenter.com.br\/index\/produto\/chapeu-country-pralana-arizona-cafe-p\/"},"modified":"2026-03-30T09:47:08","modified_gmt":"2026-03-30T12:47:08","slug":"chapeu-country-pralana-arizona-cafe-p","status":"publish","type":"product","link":"https:\/\/chapeucenter.com.br\/index\/produto\/chapeu-country-pralana-arizona-cafe-p\/","title":{"rendered":"CHAPEU COUNTRY PRALANA ARIZONA CAF\u00c9 P"},"content":{"rendered":"<p><span style=\"font-family: 'Proxima Nova', -apple-system, Roboto, Arial, sans-serif;font-size: 20px\">Chap\u00e9u Pralana Arizona VI Caf\u00e9<\/span><br style=\"font-family: 'Proxima Nova', -apple-system, Roboto, Arial, sans-serif;font-size: 20px\" \/><br style=\"font-family: 'Proxima Nova', -apple-system, Roboto, Arial, sans-serif;font-size: 20px\" \/><span style=\"font-family: 'Proxima Nova', -apple-system, Roboto, Arial, sans-serif;font-size: 20px\">Chap\u00e9u Pralana Arizona VI Caf\u00e9 , confeccionado em leg\u00edtimo feltro. Composi\u00e7\u00e3o externa 100% L\u00e3 importada. Repelente a \u00e1gua, aba de 10 cm, copa 12cm. Carneira em tecido sint\u00e9tico. Produto de alta qualidade como mostram as figuras.<\/span><br style=\"font-family: 'Proxima Nova', -apple-system, Roboto, Arial, sans-serif;font-size: 20px\" \/><br style=\"font-family: 'Proxima Nova', -apple-system, Roboto, Arial, sans-serif;font-size: 20px\" \/><span style=\"font-family: 'Proxima Nova', -apple-system, Roboto, Arial, sans-serif;font-size: 20px\">Modelo: 1666<\/span><br style=\"font-family: 'Proxima Nova', -apple-system, Roboto, Arial, sans-serif;font-size: 20px\" \/><br style=\"font-family: 'Proxima Nova', -apple-system, Roboto, Arial, sans-serif;font-size: 20px\" \/><span style=\"font-family: 'Proxima Nova', -apple-system, Roboto, Arial, sans-serif;font-size: 20px\">Cor: Caf\u00e9<\/span><br style=\"font-family: 'Proxima Nova', -apple-system, Roboto, Arial, sans-serif;font-size: 20px\" \/><br style=\"font-family: 'Proxima Nova', -apple-system, Roboto, Arial, sans-serif;font-size: 20px\" \/><span style=\"font-family: 'Proxima Nova', -apple-system, Roboto, Arial, sans-serif;font-size: 20px\">Marca: Pralana<\/span><br style=\"font-family: 'Proxima Nova', -apple-system, Roboto, Arial, sans-serif;font-size: 20px\" \/><br style=\"font-family: 'Proxima Nova', -apple-system, Roboto, Arial, sans-serif;font-size: 20px\" \/><span style=\"font-family: 'Proxima Nova', -apple-system, Roboto, Arial, sans-serif;font-size: 20px\">Pralana, sin\u00f4nimo de qualidade no mercado de chap\u00e9us, confecciona seus produtos com materiais de alt\u00edssima qualidade, que lhe conferem alta durabilidade, acabamento inigual\u00e1vel, conforto e estilo, proporcionando o melhor da moda country para os seus clientes.<\/span><\/p>\n","protected":false},"excerpt":{"rendered":"<p>Chap\u00e9u Pralana Arizona VI Caf\u00e9Chap\u00e9u Pralana Arizona VI Caf\u00e9 , confeccionado em leg\u00edtimo feltro. Composi\u00e7\u00e3o externa 100% L\u00e3 importada. Repelente a \u00e1gua, aba de 10 cm,<span class=\"excerpt-hellip\"> [\u2026]<\/span><\/p>\n","protected":false},"featured_media":6248,"template":"","meta":{"_joinchat":[]},"product_brand":[],"product_cat":[42],"product_tag":[],"class_list":{"0":"post-6249","1":"product","2":"type-product","3":"status-publish","4":"has-post-thumbnail","6":"product_cat-arizona","8":"first","9":"instock","10":"shipping-taxable","11":"purchasable","12":"product-type-simple"},"_links":{"self":[{"href":"https:\/\/chapeucenter.com.br\/index\/wp-json\/wp\/v2\/product\/6249","targetHints":{"allow":["GET"]}}],"collection":[{"href":"https:\/\/chapeucenter.com.br\/index\/wp-json\/wp\/v2\/product"}],"about":[{"href":"https:\/\/chapeucenter.com.br\/index\/wp-json\/wp\/v2\/types\/product"}],"wp:featuredmedia":[{"embeddable":true,"href":"https:\/\/chapeucenter.com.br\/index\/wp-json\/wp\/v2\/media\/6248"}],"wp:attachment":[{"href":"https:\/\/chapeucenter.com.br\/index\/wp-json\/wp\/v2\/media?parent=6249"}],"wp:term":[{"taxonomy":"product_brand","embeddable":true,"href":"https:\/\/chapeucenter.com.br\/index\/wp-json\/wp\/v2\/product_brand?post=6249"},{"taxonomy":"product_cat","embeddable":true,"href":"https:\/\/chapeucenter.com.br\/index\/wp-json\/wp\/v2\/product_cat?post=6249"},{"taxonomy":"product_tag","embeddable":true,"href":"https:\/\/chapeucenter.com.br\/index\/wp-json\/wp\/v2\/product_tag?post=6249"}],"curies":[{"name":"wp","href":"https:\/\/api.w.org\/{rel}","templated":true}]}}