{"id":6050,"date":"2025-11-05T16:14:37","date_gmt":"2025-11-05T19:14:37","guid":{"rendered":"https:\/\/chapeucenter.com.br\/index\/produto\/chapeu-pralana-big-horse-preto-aba-11-personalizado-feminino-59\/"},"modified":"2026-03-25T17:45:50","modified_gmt":"2026-03-25T20:45:50","slug":"chapeu-pralana-big-horse-preto-aba-11-personalizado-feminino-59","status":"publish","type":"product","link":"https:\/\/chapeucenter.com.br\/index\/produto\/chapeu-pralana-big-horse-preto-aba-11-personalizado-feminino-59\/","title":{"rendered":"CHAP\u00c9U PRALANA BIG HORSE PRETO ABA 11 PERSONALIZADO FEMININO 59"},"content":{"rendered":"<h3 align=\"left\" data-pm-slice=\"1 1 []\">Descri\u00e7\u00e3o:<\/h3>\n<p>\u2728 <strong>Detalhes do Produto:<\/strong><br \/>&#8211; O chap\u00e9u Pralana Big Horse \u00e9 preto e tem aba de 11 cm.<br \/>&#8211; Perfeito para quem busca um chap\u00e9u feminino e estiloso.<\/p>\n<p>\u2728 <strong>Caracter\u00edsticas:<\/strong><br \/>&#8211; Cor: Preto<br \/>&#8211; ABA: 11 cm<br \/>&#8211; Personalizado para mulheres<\/p>\n<p>\u2728 <strong>Uso:<\/strong><br \/>&#8211; Ideal para ocasi\u00f5es casuais e formais.<br \/>&#8211; Ajusta-se perfeitamente ao estilo feminino.<\/p>\n<p>\u00a0<\/p>\n<p>\u2728 <strong>Informa\u00e7\u00f5es Adicionais:<\/strong><br \/>&#8211; N\u00e3o h\u00e1 especifica\u00e7\u00f5es de material ou durabilidade.<\/p>\n","protected":false},"excerpt":{"rendered":"<p>Descri\u00e7\u00e3o: \u2728 Detalhes do Produto:&#8211; O chap\u00e9u Pralana Big Horse \u00e9 preto e tem aba de 11 cm.&#8211; Perfeito para quem busca um chap\u00e9u feminino e<span class=\"excerpt-hellip\"> [\u2026]<\/span><\/p>\n","protected":false},"featured_media":6044,"template":"","meta":{"_joinchat":[]},"product_brand":[],"product_cat":[25],"product_tag":[],"class_list":{"0":"post-6050","1":"product","2":"type-product","3":"status-publish","4":"has-post-thumbnail","6":"product_cat-diversos","8":"first","9":"instock","10":"shipping-taxable","11":"purchasable","12":"product-type-simple"},"_links":{"self":[{"href":"https:\/\/chapeucenter.com.br\/index\/wp-json\/wp\/v2\/product\/6050","targetHints":{"allow":["GET"]}}],"collection":[{"href":"https:\/\/chapeucenter.com.br\/index\/wp-json\/wp\/v2\/product"}],"about":[{"href":"https:\/\/chapeucenter.com.br\/index\/wp-json\/wp\/v2\/types\/product"}],"wp:featuredmedia":[{"embeddable":true,"href":"https:\/\/chapeucenter.com.br\/index\/wp-json\/wp\/v2\/media\/6044"}],"wp:attachment":[{"href":"https:\/\/chapeucenter.com.br\/index\/wp-json\/wp\/v2\/media?parent=6050"}],"wp:term":[{"taxonomy":"product_brand","embeddable":true,"href":"https:\/\/chapeucenter.com.br\/index\/wp-json\/wp\/v2\/product_brand?post=6050"},{"taxonomy":"product_cat","embeddable":true,"href":"https:\/\/chapeucenter.com.br\/index\/wp-json\/wp\/v2\/product_cat?post=6050"},{"taxonomy":"product_tag","embeddable":true,"href":"https:\/\/chapeucenter.com.br\/index\/wp-json\/wp\/v2\/product_tag?post=6050"}],"curies":[{"name":"wp","href":"https:\/\/api.w.org\/{rel}","templated":true}]}}