{"id":5798,"date":"2025-10-29T16:43:06","date_gmt":"2025-10-29T19:43:06","guid":{"rendered":"https:\/\/chapeucenter.com.br\/index\/produto\/chapeu-pralana-5x-land-aba-10-preto-m\/"},"modified":"2026-03-25T13:40:19","modified_gmt":"2026-03-25T16:40:19","slug":"chapeu-pralana-5x-land-aba-10-preto-m","status":"publish","type":"product","link":"https:\/\/chapeucenter.com.br\/index\/produto\/chapeu-pralana-5x-land-aba-10-preto-m\/","title":{"rendered":"CHAPEU PRALANA 5X LAND ABA 10 PRETO M"},"content":{"rendered":"<p><span>DESCRI\u00c7\u00c3O<\/span><\/p>\n<p><span>Chap\u00e9u ideal para quem busca prote\u00e7\u00e3o e conforto. Confeccionado com mat\u00e9ria prima de alta qualidade e fino acabamento, pensado para o dia dia e nos principais eventos e festivais do mundo country, bastante flex\u00edvel e se ajeita perfeitamente ao corpo. Possui detalhe \u00fanicos, que agrega ainda mais estilo e sofistica\u00e7\u00e3o ao chap\u00e9u.<\/span><\/p>\n<p><span>INFORMA\u00c7\u00d5ES ADICIONAIS<\/span><\/p>\n<p><span>Marca: Pralana<\/span><br \/><span>Qualidade: 5x<\/span><br \/><span>Material: Feltro<\/span><br \/><span>Aba: Aproximadamente 10cm<\/span><br \/><span>Copa: Aproximadamente 12cm<\/span><br \/><span>Carneira: El\u00e1stico<\/span><br \/><span>Banda: Couro com detalhes<\/span><\/p>\n","protected":false},"excerpt":{"rendered":"<p>DESCRI\u00c7\u00c3O Chap\u00e9u ideal para quem busca prote\u00e7\u00e3o e conforto. Confeccionado com mat\u00e9ria prima de alta qualidade e fino acabamento, pensado para o dia dia e nos<span class=\"excerpt-hellip\"> [\u2026]<\/span><\/p>\n","protected":false},"featured_media":5797,"template":"","meta":{"_joinchat":[]},"product_brand":[],"product_cat":[24],"product_tag":[],"class_list":{"0":"post-5798","1":"product","2":"type-product","3":"status-publish","4":"has-post-thumbnail","6":"product_cat-promocoes","8":"first","9":"instock","10":"shipping-taxable","11":"purchasable","12":"product-type-simple"},"_links":{"self":[{"href":"https:\/\/chapeucenter.com.br\/index\/wp-json\/wp\/v2\/product\/5798","targetHints":{"allow":["GET"]}}],"collection":[{"href":"https:\/\/chapeucenter.com.br\/index\/wp-json\/wp\/v2\/product"}],"about":[{"href":"https:\/\/chapeucenter.com.br\/index\/wp-json\/wp\/v2\/types\/product"}],"wp:featuredmedia":[{"embeddable":true,"href":"https:\/\/chapeucenter.com.br\/index\/wp-json\/wp\/v2\/media\/5797"}],"wp:attachment":[{"href":"https:\/\/chapeucenter.com.br\/index\/wp-json\/wp\/v2\/media?parent=5798"}],"wp:term":[{"taxonomy":"product_brand","embeddable":true,"href":"https:\/\/chapeucenter.com.br\/index\/wp-json\/wp\/v2\/product_brand?post=5798"},{"taxonomy":"product_cat","embeddable":true,"href":"https:\/\/chapeucenter.com.br\/index\/wp-json\/wp\/v2\/product_cat?post=5798"},{"taxonomy":"product_tag","embeddable":true,"href":"https:\/\/chapeucenter.com.br\/index\/wp-json\/wp\/v2\/product_tag?post=5798"}],"curies":[{"name":"wp","href":"https:\/\/api.w.org\/{rel}","templated":true}]}}