{"id":5706,"date":"2025-10-29T14:37:33","date_gmt":"2025-10-29T17:37:33","guid":{"rendered":"https:\/\/chapeucenter.com.br\/index\/produto\/calca-jeans-tassa-cowboy-cut-amaciado-36\/"},"modified":"2025-10-29T14:37:33","modified_gmt":"2025-10-29T17:37:33","slug":"calca-jeans-tassa-cowboy-cut-amaciado-36","status":"publish","type":"product","link":"https:\/\/chapeucenter.com.br\/index\/produto\/calca-jeans-tassa-cowboy-cut-amaciado-36\/","title":{"rendered":"CAL\u00c7A JEANS TASSA COWBOY CUT AMACIADO 36"},"content":{"rendered":"<p>CAL\u00c7A TASSA COWBOY CUT<\/p>\n<p>Cal\u00e7a Jeans Tassa Fit Cowboy cut Modelo Original na cor amaciado, cintura tradicional, costura interna com pesponto de seguran\u00e7a, bolso frontal fundo, bolso traseiro tradicional, perna com corte reto, boca da perna reta, acabamento com rebite de cobre e bot\u00e3o personalizado.<\/p>\n<p>A cal\u00e7a jeans cowboy cut de fino acabamento traz um conforto diferenciado, como todas as cal\u00e7as da Tassa Jeans, ela veste super bem, \u00e9 confort\u00e1vel, resistente perfeita para trabalho e passeio, com sua cintura e bolso tradicional \u00e9 perfeita para o cowboy que trabalha no campo montado a cavalo, n\u00e3o amassando a carteira.<br \/>Cal\u00e7a jeans country do cowboy tem que ser TASSA.<\/p>\n<p>Detalhes da Cal\u00e7a Tassa Jeans Cowboy Cut<\/p>\n<p>MARCA: Tassa Jeans<br \/>MATERIAL: Jeans<br \/>ALGOD\u00c3O: 82%<br \/>POLI\u00c9STER: 16%<br \/>ELASTANO: 02%<br \/>COR: amaciado<\/p>\n<p>\u00a0<\/p>\n<p><span>ATEN\u00c7\u00c3O: As medidas dispon\u00edveis na tabela s\u00e3o referentes \u00e0 pe\u00e7a de roupa, ou seja, a cal\u00e7a \u00e9 medida de costura a costura. Essas medidas n\u00e3o correspondem \u00e0 circunfer\u00eancia e n\u00e3o s\u00e3o medidas corporais.<\/span><\/p>\n<p><span>Tamanho 36 &#8211; Cintura:36cm; Comprimento:114,2cm Quadril:45,2cm;<\/span><br \/><span>Tamanho 38 &#8211; Cintura:38cm; Comprimento:113,2cm Quadril:47cm;<\/span><br \/><span>Tamanho 40 &#8211; Cintura:40cm; Comprimento:113cm Quadril:48,4cm;<\/span><br \/><span>Tamanho 42 &#8211; Cintura:42cm; Comprimento:114,3cm Quadril:50,2cm;<\/span><br \/><span>Tamanho 44 &#8211; Cintura:44cm; Comprimento:114cm Quadril:51,8cm;<\/span><br \/><span>Tamanho 46 &#8211; Cintura:46cm; Comprimento:115,4cm Quadril:53,6cm;<\/span><br \/><span>Tamanho 48 &#8211; Cintura:48cm; Comprimento:115,8cm Quadril:51,2cm;<\/span><br \/><span>Tamanho 50 &#8211; Cintura:50cm; Comprimento:116,8cm Quadril:52,6cm;<\/span><br \/><span>Tamanho 52 &#8211; Cintura:52cm; Comprimento:116,6cm Quadril:54,4cm;<\/span><\/p>\n","protected":false},"excerpt":{"rendered":"<p>CAL\u00c7A TASSA COWBOY CUT Cal\u00e7a Jeans Tassa Fit Cowboy cut Modelo Original na cor amaciado, cintura tradicional, costura interna com pesponto de seguran\u00e7a, bolso frontal fundo,<span class=\"excerpt-hellip\"> [\u2026]<\/span><\/p>\n","protected":false},"featured_media":5702,"template":"","meta":{"_joinchat":[]},"product_brand":[],"product_cat":[81],"product_tag":[],"class_list":{"0":"post-5706","1":"product","2":"type-product","3":"status-publish","4":"has-post-thumbnail","6":"product_cat-tassa","8":"first","9":"instock","10":"shipping-taxable","11":"purchasable","12":"product-type-simple"},"_links":{"self":[{"href":"https:\/\/chapeucenter.com.br\/index\/wp-json\/wp\/v2\/product\/5706","targetHints":{"allow":["GET"]}}],"collection":[{"href":"https:\/\/chapeucenter.com.br\/index\/wp-json\/wp\/v2\/product"}],"about":[{"href":"https:\/\/chapeucenter.com.br\/index\/wp-json\/wp\/v2\/types\/product"}],"wp:featuredmedia":[{"embeddable":true,"href":"https:\/\/chapeucenter.com.br\/index\/wp-json\/wp\/v2\/media\/5702"}],"wp:attachment":[{"href":"https:\/\/chapeucenter.com.br\/index\/wp-json\/wp\/v2\/media?parent=5706"}],"wp:term":[{"taxonomy":"product_brand","embeddable":true,"href":"https:\/\/chapeucenter.com.br\/index\/wp-json\/wp\/v2\/product_brand?post=5706"},{"taxonomy":"product_cat","embeddable":true,"href":"https:\/\/chapeucenter.com.br\/index\/wp-json\/wp\/v2\/product_cat?post=5706"},{"taxonomy":"product_tag","embeddable":true,"href":"https:\/\/chapeucenter.com.br\/index\/wp-json\/wp\/v2\/product_tag?post=5706"}],"curies":[{"name":"wp","href":"https:\/\/api.w.org\/{rel}","templated":true}]}}