{"id":5574,"date":"2025-10-16T16:18:23","date_gmt":"2025-10-16T19:18:23","guid":{"rendered":"https:\/\/chapeucenter.com.br\/index\/produto\/chapeu-personalizado-casca-de-bala-preto-aba-10-tam-gg\/"},"modified":"2026-03-25T17:47:32","modified_gmt":"2026-03-25T20:47:32","slug":"chapeu-personalizado-casca-de-bala-preto-aba-10-tam-gg","status":"publish","type":"product","link":"https:\/\/chapeucenter.com.br\/index\/produto\/chapeu-personalizado-casca-de-bala-preto-aba-10-tam-gg\/","title":{"rendered":"CHAP\u00c9U PERSONALIZADO CASCA DE BALA  PRETO ABA 10 TAM GG"},"content":{"rendered":"<p><span style=\"font-family: 'Proxima Nova', -apple-system, Roboto, Arial, sans-serif;font-size: 20px\">CHAP\u00c9U DE ALTA QUALIDADE E DURABILIDADE, SUPER ESTILOSO E CONFORT\u00c1VEL PARA QUALQUER HORA DO DIA. A MARCA PRALANA SEMPRE PENSANDO NA SATISFA\u00c7\u00c3O DE SEUS CLIENTES PROPORCIONANDO O MELHOR DA MODA COUNTRY.<\/span><br style=\"font-family: 'Proxima Nova', -apple-system, Roboto, Arial, sans-serif;font-size: 20px\" \/><br style=\"font-family: 'Proxima Nova', -apple-system, Roboto, Arial, sans-serif;font-size: 20px\" \/><span style=\"font-family: 'Proxima Nova', -apple-system, Roboto, Arial, sans-serif;font-size: 20px\"><\/span><span style=\"font-family: 'Proxima Nova', -apple-system, Roboto, Arial, sans-serif;font-size: 20px\"><\/span><\/p>\n<p>CHAP\u00c9U PERSONALIZADO CASCA DE BALA PRETO ABA 10<\/p>\n<p>\u00a0<\/p>\n<p>COR: PRETO<\/p>\n<p>COPA: 10CM<\/p>\n<p>ABA: 10CM<\/p>\n<p>DISPON\u00cdVEL NOS TAMANHOS P AO GG<\/p>\n<p>\u00a0<\/p>\n<p>\u00a0<\/p>\n<p><span style=\"font-family: 'Proxima Nova', -apple-system, Roboto, Arial, sans-serif;font-size: 20px\">O tamanho do chap\u00e9u \u00e9 a medida em cent\u00edmetros cm da circunfer\u00eancia da cabe\u00e7a, portanto Para medir o tamanho do seu chap\u00e9u, passe uma fita m\u00e9trica no meio da testa, seguindo 2 dedos acima da orelha, at\u00e9 completar a volta inteira na cabe\u00e7a<\/span><\/p>\n","protected":false},"excerpt":{"rendered":"<p>CHAP\u00c9U DE ALTA QUALIDADE E DURABILIDADE, SUPER ESTILOSO E CONFORT\u00c1VEL PARA QUALQUER HORA DO DIA. A MARCA PRALANA SEMPRE PENSANDO NA SATISFA\u00c7\u00c3O DE SEUS CLIENTES PROPORCIONANDO<span class=\"excerpt-hellip\"> [\u2026]<\/span><\/p>\n","protected":false},"featured_media":5570,"template":"","meta":{"_joinchat":[]},"product_brand":[],"product_cat":[52],"product_tag":[],"class_list":{"0":"post-5574","1":"product","2":"type-product","3":"status-publish","4":"has-post-thumbnail","6":"product_cat-casca-de-bala","8":"first","9":"instock","10":"shipping-taxable","11":"purchasable","12":"product-type-simple"},"_links":{"self":[{"href":"https:\/\/chapeucenter.com.br\/index\/wp-json\/wp\/v2\/product\/5574","targetHints":{"allow":["GET"]}}],"collection":[{"href":"https:\/\/chapeucenter.com.br\/index\/wp-json\/wp\/v2\/product"}],"about":[{"href":"https:\/\/chapeucenter.com.br\/index\/wp-json\/wp\/v2\/types\/product"}],"wp:featuredmedia":[{"embeddable":true,"href":"https:\/\/chapeucenter.com.br\/index\/wp-json\/wp\/v2\/media\/5570"}],"wp:attachment":[{"href":"https:\/\/chapeucenter.com.br\/index\/wp-json\/wp\/v2\/media?parent=5574"}],"wp:term":[{"taxonomy":"product_brand","embeddable":true,"href":"https:\/\/chapeucenter.com.br\/index\/wp-json\/wp\/v2\/product_brand?post=5574"},{"taxonomy":"product_cat","embeddable":true,"href":"https:\/\/chapeucenter.com.br\/index\/wp-json\/wp\/v2\/product_cat?post=5574"},{"taxonomy":"product_tag","embeddable":true,"href":"https:\/\/chapeucenter.com.br\/index\/wp-json\/wp\/v2\/product_tag?post=5574"}],"curies":[{"name":"wp","href":"https:\/\/api.w.org\/{rel}","templated":true}]}}