{"id":5282,"date":"2025-09-19T08:05:38","date_gmt":"2025-09-19T11:05:38","guid":{"rendered":"https:\/\/chapeucenter.com.br\/index\/produto\/bandinha-de-chapeu-com-casca-de-bala-boi-marrom\/"},"modified":"2025-09-19T08:05:38","modified_gmt":"2025-09-19T11:05:38","slug":"bandinha-de-chapeu-com-casca-de-bala-boi-marrom","status":"publish","type":"product","link":"https:\/\/chapeucenter.com.br\/index\/produto\/bandinha-de-chapeu-com-casca-de-bala-boi-marrom\/","title":{"rendered":"Bandinha De Chap\u00e9u Com Casca De Bala Boi Marrom"},"content":{"rendered":"<p>BANDINHA DE COURO PARA CHAP\u00c9U PERSONALIZADA COM 4 R\u00c9PLICAS DE C\u00c1PSULAS DE MUNI\u00c7\u00c3O 9MM <\/p>\n<p>OBS: VENDA APENAS DA BANDINHA, CHAP\u00c9U N\u00c3O INCLUSO<\/p>\n","protected":false},"excerpt":{"rendered":"<p>BANDINHA DE COURO PARA CHAP\u00c9U PERSONALIZADA COM 4 R\u00c9PLICAS DE C\u00c1PSULAS DE MUNI\u00c7\u00c3O 9MM OBS: VENDA APENAS DA BANDINHA, CHAP\u00c9U N\u00c3O INCLUSO<\/p>\n","protected":false},"featured_media":5280,"template":"","meta":{"_joinchat":[]},"product_brand":[],"product_cat":[25],"product_tag":[],"class_list":{"0":"post-5282","1":"product","2":"type-product","3":"status-publish","4":"has-post-thumbnail","6":"product_cat-diversos","8":"first","9":"instock","10":"shipping-taxable","11":"purchasable","12":"product-type-simple"},"_links":{"self":[{"href":"https:\/\/chapeucenter.com.br\/index\/wp-json\/wp\/v2\/product\/5282","targetHints":{"allow":["GET"]}}],"collection":[{"href":"https:\/\/chapeucenter.com.br\/index\/wp-json\/wp\/v2\/product"}],"about":[{"href":"https:\/\/chapeucenter.com.br\/index\/wp-json\/wp\/v2\/types\/product"}],"wp:featuredmedia":[{"embeddable":true,"href":"https:\/\/chapeucenter.com.br\/index\/wp-json\/wp\/v2\/media\/5280"}],"wp:attachment":[{"href":"https:\/\/chapeucenter.com.br\/index\/wp-json\/wp\/v2\/media?parent=5282"}],"wp:term":[{"taxonomy":"product_brand","embeddable":true,"href":"https:\/\/chapeucenter.com.br\/index\/wp-json\/wp\/v2\/product_brand?post=5282"},{"taxonomy":"product_cat","embeddable":true,"href":"https:\/\/chapeucenter.com.br\/index\/wp-json\/wp\/v2\/product_cat?post=5282"},{"taxonomy":"product_tag","embeddable":true,"href":"https:\/\/chapeucenter.com.br\/index\/wp-json\/wp\/v2\/product_tag?post=5282"}],"curies":[{"name":"wp","href":"https:\/\/api.w.org\/{rel}","templated":true}]}}