{"id":5176,"date":"2025-08-14T10:29:18","date_gmt":"2025-08-14T13:29:18","guid":{"rendered":"https:\/\/chapeucenter.com.br\/index\/produto\/chapeu-pralana-bangora-horse-aba-11-preto-tamanho-p\/"},"modified":"2026-04-07T07:52:26","modified_gmt":"2026-04-07T10:52:26","slug":"chapeu-pralana-bangora-horse-aba-11-preto-tamanho-p","status":"publish","type":"product","link":"https:\/\/chapeucenter.com.br\/index\/produto\/chapeu-pralana-bangora-horse-aba-11-preto-tamanho-p\/","title":{"rendered":"CHAP\u00c9U PRALANA BANGORA HORSE ABA 11 PRETO TAMANHO P"},"content":{"rendered":"<p>CHAP\u00c9U DE ALTA QUALIDADE E DURABILIDADE, SUPER ESTILOSO E CONFORT\u00c1VEL PARA QUALQUER HORA DO DIA. A MARCA PRALANA SEMPRE PENSANDO NA SATISFA\u00c7\u00c3O DE SEUS CLIENTES PROPORCIONANDO O MELHOR DA MODA COUNTRY.<\/p>\n<p>\u00a0<\/p>\n<p>Fabricado em palha na cor preta;\u00a0<\/p>\n<p>Copa rendada de aproximadamente 11cm, com banda em tecido na cor Preto com fivela Pralana;\u00a0<\/p>\n<p>Aba de aproximadamente 11cm; Carneira de el\u00e1stico<\/p>\n<p>\u00a0<\/p>\n<p>O tamanho do chap\u00e9u deve ser informado por mensagem (podendo ser antes ou ap\u00f3s a compra). Sendo assim, seu pedido ser\u00e1 enviado conforme voc\u00ea pedir!!!<\/p>\n<p>\u00a0<\/p>\n<p>O tamanho do chap\u00e9u \u00e9 a medida em cent\u00edmetros cm da circunfer\u00eancia da cabe\u00e7a, portanto Para medir o tamanho do seu chap\u00e9u, passe uma fita m\u00e9trica no meio da testa, seguindo 2 dedos acima da orelha, at\u00e9 completar a volta inteira na cabe\u00e7a<\/p>\n","protected":false},"excerpt":{"rendered":"<p>CHAP\u00c9U DE ALTA QUALIDADE E DURABILIDADE, SUPER ESTILOSO E CONFORT\u00c1VEL PARA QUALQUER HORA DO DIA. A MARCA PRALANA SEMPRE PENSANDO NA SATISFA\u00c7\u00c3O DE SEUS CLIENTES PROPORCIONANDO<span class=\"excerpt-hellip\"> [\u2026]<\/span><\/p>\n","protected":false},"featured_media":5175,"template":"","meta":{"_joinchat":[]},"product_brand":[],"product_cat":[63],"product_tag":[],"class_list":{"0":"post-5176","1":"product","2":"type-product","3":"status-publish","4":"has-post-thumbnail","6":"product_cat-bangora-horse","8":"first","9":"outofstock","10":"shipping-taxable","11":"purchasable","12":"product-type-simple"},"_links":{"self":[{"href":"https:\/\/chapeucenter.com.br\/index\/wp-json\/wp\/v2\/product\/5176","targetHints":{"allow":["GET"]}}],"collection":[{"href":"https:\/\/chapeucenter.com.br\/index\/wp-json\/wp\/v2\/product"}],"about":[{"href":"https:\/\/chapeucenter.com.br\/index\/wp-json\/wp\/v2\/types\/product"}],"wp:featuredmedia":[{"embeddable":true,"href":"https:\/\/chapeucenter.com.br\/index\/wp-json\/wp\/v2\/media\/5175"}],"wp:attachment":[{"href":"https:\/\/chapeucenter.com.br\/index\/wp-json\/wp\/v2\/media?parent=5176"}],"wp:term":[{"taxonomy":"product_brand","embeddable":true,"href":"https:\/\/chapeucenter.com.br\/index\/wp-json\/wp\/v2\/product_brand?post=5176"},{"taxonomy":"product_cat","embeddable":true,"href":"https:\/\/chapeucenter.com.br\/index\/wp-json\/wp\/v2\/product_cat?post=5176"},{"taxonomy":"product_tag","embeddable":true,"href":"https:\/\/chapeucenter.com.br\/index\/wp-json\/wp\/v2\/product_tag?post=5176"}],"curies":[{"name":"wp","href":"https:\/\/api.w.org\/{rel}","templated":true}]}}