{"id":5164,"date":"2025-08-08T10:34:59","date_gmt":"2025-08-08T13:34:59","guid":{"rendered":"https:\/\/chapeucenter.com.br\/index\/produto\/bandinha-casca-de-bala\/"},"modified":"2026-04-18T12:16:14","modified_gmt":"2026-04-18T15:16:14","slug":"bandinha-casca-de-bala","status":"publish","type":"product","link":"https:\/\/chapeucenter.com.br\/index\/produto\/bandinha-casca-de-bala\/","title":{"rendered":"BANDINHA CASCA DE BALA"},"content":{"rendered":"<p>BANDINHA DE COURO PARA CHAP\u00c9U PERSONALIZADA COM 4 R\u00c9PLICAS DE C\u00c1PSULAS DE MUNI\u00c7\u00c3O 9MM<\/p>\n<p>OBS: VENDA APENAS DA BANDINHA, CHAP\u00c9U N\u00c3O INCLUSO<\/p>\n<div id=\"ag-1754658763313\"><\/div>\n","protected":false},"excerpt":{"rendered":"<p>BANDINHA DE COURO PARA CHAP\u00c9U PERSONALIZADA COM 4 R\u00c9PLICAS DE C\u00c1PSULAS DE MUNI\u00c7\u00c3O 9MM OBS: VENDA APENAS DA BANDINHA, CHAP\u00c9U N\u00c3O INCLUSO<\/p>\n","protected":false},"featured_media":5161,"template":"","meta":{"_joinchat":[]},"product_brand":[],"product_cat":[25],"product_tag":[],"class_list":{"0":"post-5164","1":"product","2":"type-product","3":"status-publish","4":"has-post-thumbnail","6":"product_cat-diversos","8":"first","9":"instock","10":"sale","11":"shipping-taxable","12":"purchasable","13":"product-type-simple"},"_links":{"self":[{"href":"https:\/\/chapeucenter.com.br\/index\/wp-json\/wp\/v2\/product\/5164","targetHints":{"allow":["GET"]}}],"collection":[{"href":"https:\/\/chapeucenter.com.br\/index\/wp-json\/wp\/v2\/product"}],"about":[{"href":"https:\/\/chapeucenter.com.br\/index\/wp-json\/wp\/v2\/types\/product"}],"wp:featuredmedia":[{"embeddable":true,"href":"https:\/\/chapeucenter.com.br\/index\/wp-json\/wp\/v2\/media\/5161"}],"wp:attachment":[{"href":"https:\/\/chapeucenter.com.br\/index\/wp-json\/wp\/v2\/media?parent=5164"}],"wp:term":[{"taxonomy":"product_brand","embeddable":true,"href":"https:\/\/chapeucenter.com.br\/index\/wp-json\/wp\/v2\/product_brand?post=5164"},{"taxonomy":"product_cat","embeddable":true,"href":"https:\/\/chapeucenter.com.br\/index\/wp-json\/wp\/v2\/product_cat?post=5164"},{"taxonomy":"product_tag","embeddable":true,"href":"https:\/\/chapeucenter.com.br\/index\/wp-json\/wp\/v2\/product_tag?post=5164"}],"curies":[{"name":"wp","href":"https:\/\/api.w.org\/{rel}","templated":true}]}}