{"id":5079,"date":"2025-07-04T09:27:21","date_gmt":"2025-07-04T12:27:21","guid":{"rendered":"https:\/\/chapeucenter.com.br\/index\/produto\/chapeu-casca-de-bala-original-pralana-personalizado-p\/"},"modified":"2026-03-25T13:33:40","modified_gmt":"2026-03-25T16:33:40","slug":"chapeu-casca-de-bala-original-pralana-personalizado-p","status":"publish","type":"product","link":"https:\/\/chapeucenter.com.br\/index\/produto\/chapeu-casca-de-bala-original-pralana-personalizado-p\/","title":{"rendered":"CHAP\u00c9U CASCA DE BALA ORIGINAL PRALANA PERSONALIZADO P"},"content":{"rendered":"<p>CHAP\u00c9U ORIGINAL PRALANA PERSONALIZADO COM CRAVOS DE FERRADURA E CAPSULA DE MUNI\u00c7\u00c3O<\/p>\n<p>ORIGINALMENTE NA ABA 10, MAS PODE SER FEITO NA ABA 10 AO 7,5CM<\/p>\n<p>DISPON\u00cdVEL NOS TAMANHOS: PP AO GG<\/p>\n<p>CORES: MARROM, CAF\u00c9, PRETO, CASTOR, CINZA ESCURO, CINZA CLARO, B\u00c9GE, AZUL, CAMEL, BRANCO GELO, TAUPE<\/p>\n","protected":false},"excerpt":{"rendered":"<p>&nbsp;<\/p>\n","protected":false},"featured_media":5075,"template":"","meta":{"_joinchat":[]},"product_brand":[],"product_cat":[52],"product_tag":[],"class_list":{"0":"post-5079","1":"product","2":"type-product","3":"status-publish","4":"has-post-thumbnail","6":"product_cat-casca-de-bala","8":"first","9":"instock","10":"shipping-taxable","11":"purchasable","12":"product-type-simple"},"_links":{"self":[{"href":"https:\/\/chapeucenter.com.br\/index\/wp-json\/wp\/v2\/product\/5079","targetHints":{"allow":["GET"]}}],"collection":[{"href":"https:\/\/chapeucenter.com.br\/index\/wp-json\/wp\/v2\/product"}],"about":[{"href":"https:\/\/chapeucenter.com.br\/index\/wp-json\/wp\/v2\/types\/product"}],"wp:featuredmedia":[{"embeddable":true,"href":"https:\/\/chapeucenter.com.br\/index\/wp-json\/wp\/v2\/media\/5075"}],"wp:attachment":[{"href":"https:\/\/chapeucenter.com.br\/index\/wp-json\/wp\/v2\/media?parent=5079"}],"wp:term":[{"taxonomy":"product_brand","embeddable":true,"href":"https:\/\/chapeucenter.com.br\/index\/wp-json\/wp\/v2\/product_brand?post=5079"},{"taxonomy":"product_cat","embeddable":true,"href":"https:\/\/chapeucenter.com.br\/index\/wp-json\/wp\/v2\/product_cat?post=5079"},{"taxonomy":"product_tag","embeddable":true,"href":"https:\/\/chapeucenter.com.br\/index\/wp-json\/wp\/v2\/product_tag?post=5079"}],"curies":[{"name":"wp","href":"https:\/\/api.w.org\/{rel}","templated":true}]}}