{"id":505,"date":"2024-07-19T16:21:52","date_gmt":"2024-07-19T19:21:52","guid":{"rendered":"https:\/\/chapeucenter.com.br\/index\/produto\/chapeu-country-pralana-arizona-gelo-g\/"},"modified":"2026-03-25T12:55:24","modified_gmt":"2026-03-25T15:55:24","slug":"chapeu-country-pralana-arizona-gelo-g","status":"publish","type":"product","link":"https:\/\/chapeucenter.com.br\/index\/produto\/chapeu-country-pralana-arizona-gelo-g\/","title":{"rendered":"CHAPEU COUNTRY PRALANA ARIZONA GELO G"},"content":{"rendered":"<p><span style=\"color: #3f4254;font-family: Montserrat, sans-serif;font-size: 13px\">Chap\u00e9u Pralana Arizona VI<\/span><br style=\"color: #3f4254;font-family: Montserrat, sans-serif;font-size: 13px\" \/><br style=\"color: #3f4254;font-family: Montserrat, sans-serif;font-size: 13px\" \/><span style=\"color: #3f4254;font-family: Montserrat, sans-serif;font-size: 13px\">Chap\u00e9u Pralana Arizona VI Preto , confeccionado em leg\u00edtimo feltro. Composi\u00e7\u00e3o externa 100% L\u00e3. Repelente a \u00e1gua, aba de 10 cm, copa 12cm. Carneira em tecido sint\u00e9tico. Produto de alta qualidade como mostram as figuras.<\/span><br style=\"color: #3f4254;font-family: Montserrat, sans-serif;font-size: 13px\" \/><br style=\"color: #3f4254;font-family: Montserrat, sans-serif;font-size: 13px\" \/><span style=\"color: #3f4254;font-family: Montserrat, sans-serif;font-size: 13px\">Marca: Pralana<\/span><br style=\"color: #3f4254;font-family: Montserrat, sans-serif;font-size: 13px\" \/><br style=\"color: #3f4254;font-family: Montserrat, sans-serif;font-size: 13px\" \/><span style=\"color: #3f4254;font-family: Montserrat, sans-serif;font-size: 13px\">Pralana, sin\u00f4nimo de qualidade no mercado de chap\u00e9us, confecciona seus produtos com materiais de alt\u00edssima qualidade, que lhe conferem alta durabilidade, acabamento inigual\u00e1vel, conforto e estilo, proporcionando o melhor da moda country para os seus clientes.<\/span><\/p>\n","protected":false},"excerpt":{"rendered":"<p>Chap\u00e9u Pralana Arizona VIChap\u00e9u Pralana Arizona VI Preto , confeccionado em leg\u00edtimo feltro. Composi\u00e7\u00e3o externa 100% L\u00e3. Repelente a \u00e1gua, aba de 10 cm, copa 12cm.<span class=\"excerpt-hellip\"> [\u2026]<\/span><\/p>\n","protected":false},"featured_media":994,"template":"","meta":{"_joinchat":[]},"product_brand":[],"product_cat":[42],"product_tag":[],"class_list":{"0":"post-505","1":"product","2":"type-product","3":"status-publish","4":"has-post-thumbnail","6":"product_cat-arizona","8":"first","9":"instock","10":"shipping-taxable","11":"purchasable","12":"product-type-simple"},"_links":{"self":[{"href":"https:\/\/chapeucenter.com.br\/index\/wp-json\/wp\/v2\/product\/505","targetHints":{"allow":["GET"]}}],"collection":[{"href":"https:\/\/chapeucenter.com.br\/index\/wp-json\/wp\/v2\/product"}],"about":[{"href":"https:\/\/chapeucenter.com.br\/index\/wp-json\/wp\/v2\/types\/product"}],"wp:featuredmedia":[{"embeddable":true,"href":"https:\/\/chapeucenter.com.br\/index\/wp-json\/wp\/v2\/media\/994"}],"wp:attachment":[{"href":"https:\/\/chapeucenter.com.br\/index\/wp-json\/wp\/v2\/media?parent=505"}],"wp:term":[{"taxonomy":"product_brand","embeddable":true,"href":"https:\/\/chapeucenter.com.br\/index\/wp-json\/wp\/v2\/product_brand?post=505"},{"taxonomy":"product_cat","embeddable":true,"href":"https:\/\/chapeucenter.com.br\/index\/wp-json\/wp\/v2\/product_cat?post=505"},{"taxonomy":"product_tag","embeddable":true,"href":"https:\/\/chapeucenter.com.br\/index\/wp-json\/wp\/v2\/product_tag?post=505"}],"curies":[{"name":"wp","href":"https:\/\/api.w.org\/{rel}","templated":true}]}}