{"id":5021,"date":"2025-07-04T08:43:21","date_gmt":"2025-07-04T11:43:21","guid":{"rendered":"https:\/\/chapeucenter.com.br\/index\/produto\/chapeu-barretos-70-anos-personalizado-chapeu-center-tam-60\/"},"modified":"2025-07-04T08:43:21","modified_gmt":"2025-07-04T11:43:21","slug":"chapeu-barretos-70-anos-personalizado-chapeu-center-tam-60","status":"publish","type":"product","link":"https:\/\/chapeucenter.com.br\/index\/produto\/chapeu-barretos-70-anos-personalizado-chapeu-center-tam-60\/","title":{"rendered":"CHAP\u00c9U BARRETOS 70 ANOS PERSONALIZADO &#8211; CHAP\u00c9U CENTER TAM 60"},"content":{"rendered":"<p>CHAP\u00c9U ORIGINAL PRALANA COM PERSONALIZA\u00c7\u00c3O EXCLUSIVA DA NOSSA LOJA CHAP\u00c9U CENTER<\/p>\n<p>\u00a0<\/p>\n<p>\u00a0<\/p>\n<p>\u00a0<\/p>\n<p>COR DOS COUROS, VARIAM DE ACORDO COM A DISPONIBILIDADE<\/p>\n<p>\u00a0<\/p>\n<p>\u00a0<\/p>\n<p>ORIGINALMENTE NA ABA 11, MAS PODE SER FEITO NA ABA 13 A 10CM<\/p>\n<p>\u00a0<\/p>\n<p>\u00a0<\/p>\n<p>DISPON\u00cdVEL NOS TAMANHOS: 54 AO 62<\/p>\n<p>\u00a0<\/p>\n<p>\u00a0<\/p>\n<p>COR: BRANCO GELO<\/p>\n<p>\u00a0<\/p>\n","protected":false},"excerpt":{"rendered":"<p>CHAP\u00c9U ORIGINAL PRALANA COM PERSONALIZA\u00c7\u00c3O EXCLUSIVA DA NOSSA LOJA CHAP\u00c9U CENTER \u00a0 \u00a0 \u00a0 COR DOS COUROS, VARIAM DE ACORDO COM A DISPONIBILIDADE \u00a0 \u00a0 ORIGINALMENTE<span class=\"excerpt-hellip\"> [\u2026]<\/span><\/p>\n","protected":false},"featured_media":5007,"template":"","meta":{"_joinchat":[]},"product_brand":[],"product_cat":[24],"product_tag":[],"class_list":{"0":"post-5021","1":"product","2":"type-product","3":"status-publish","4":"has-post-thumbnail","6":"product_cat-promocoes","8":"first","9":"instock","10":"shipping-taxable","11":"purchasable","12":"product-type-simple"},"_links":{"self":[{"href":"https:\/\/chapeucenter.com.br\/index\/wp-json\/wp\/v2\/product\/5021","targetHints":{"allow":["GET"]}}],"collection":[{"href":"https:\/\/chapeucenter.com.br\/index\/wp-json\/wp\/v2\/product"}],"about":[{"href":"https:\/\/chapeucenter.com.br\/index\/wp-json\/wp\/v2\/types\/product"}],"wp:featuredmedia":[{"embeddable":true,"href":"https:\/\/chapeucenter.com.br\/index\/wp-json\/wp\/v2\/media\/5007"}],"wp:attachment":[{"href":"https:\/\/chapeucenter.com.br\/index\/wp-json\/wp\/v2\/media?parent=5021"}],"wp:term":[{"taxonomy":"product_brand","embeddable":true,"href":"https:\/\/chapeucenter.com.br\/index\/wp-json\/wp\/v2\/product_brand?post=5021"},{"taxonomy":"product_cat","embeddable":true,"href":"https:\/\/chapeucenter.com.br\/index\/wp-json\/wp\/v2\/product_cat?post=5021"},{"taxonomy":"product_tag","embeddable":true,"href":"https:\/\/chapeucenter.com.br\/index\/wp-json\/wp\/v2\/product_tag?post=5021"}],"curies":[{"name":"wp","href":"https:\/\/api.w.org\/{rel}","templated":true}]}}