{"id":4808,"date":"2025-05-21T12:11:02","date_gmt":"2025-05-21T15:11:02","guid":{"rendered":"https:\/\/chapeucenter.com.br\/index\/produto\/chapeu-aba-13-3-cravos-copa-baixa-preto-banda-de-moeda-tam-59\/"},"modified":"2026-03-25T13:31:09","modified_gmt":"2026-03-25T16:31:09","slug":"chapeu-aba-13-3-cravos-copa-baixa-preto-banda-de-moeda-tam-59","status":"publish","type":"product","link":"https:\/\/chapeucenter.com.br\/index\/produto\/chapeu-aba-13-3-cravos-copa-baixa-preto-banda-de-moeda-tam-59\/","title":{"rendered":"CHAP\u00c9U ABA 13 3 CRAVOS COPA BAIXA PRETO BANDA DE MOEDA TAM 59"},"content":{"rendered":"<p>Chap\u00e9u personalizado aba 13 com cravos de ferradura e bandinha personalizada (escolha seu modelo de bandinha)<\/p>\n<p>Em caso de d\u00favidas, temos v\u00eddeos dispon\u00edveis em nosso canal do TikTok<\/p>\n<p>Modelos de bandinhas:<\/p>\n<p>Bandinha moeda marrom ou preta;<\/p>\n<p>Bandinha boizinho marrom ou preta;<\/p>\n<p>Bandas de strass(brilho)<\/p>\n<p>Material: 100% feltro<\/p>\n<p>Aba 13<\/p>\n<p>Cores: Preto, Marrom, B\u00e9ge, Camel, Cinza, Azul, Areia, Gelo<\/p>\n<p>Tamanhos: 54 ao 62<\/p>\n","protected":false},"excerpt":{"rendered":"<p>Chap\u00e9u personalizado aba 13 com cravos de ferradura e bandinha personalizada (escolha seu modelo de bandinha) Em caso de d\u00favidas, temos v\u00eddeos dispon\u00edveis em nosso canal<span class=\"excerpt-hellip\"> [\u2026]<\/span><\/p>\n","protected":false},"featured_media":4891,"template":"","meta":{"_joinchat":[]},"product_brand":[],"product_cat":[62],"product_tag":[],"class_list":{"0":"post-4808","1":"product","2":"type-product","3":"status-publish","4":"has-post-thumbnail","6":"product_cat-3-cravos-aba-larga","8":"first","9":"instock","10":"shipping-taxable","11":"purchasable","12":"product-type-simple"},"_links":{"self":[{"href":"https:\/\/chapeucenter.com.br\/index\/wp-json\/wp\/v2\/product\/4808","targetHints":{"allow":["GET"]}}],"collection":[{"href":"https:\/\/chapeucenter.com.br\/index\/wp-json\/wp\/v2\/product"}],"about":[{"href":"https:\/\/chapeucenter.com.br\/index\/wp-json\/wp\/v2\/types\/product"}],"wp:featuredmedia":[{"embeddable":true,"href":"https:\/\/chapeucenter.com.br\/index\/wp-json\/wp\/v2\/media\/4891"}],"wp:attachment":[{"href":"https:\/\/chapeucenter.com.br\/index\/wp-json\/wp\/v2\/media?parent=4808"}],"wp:term":[{"taxonomy":"product_brand","embeddable":true,"href":"https:\/\/chapeucenter.com.br\/index\/wp-json\/wp\/v2\/product_brand?post=4808"},{"taxonomy":"product_cat","embeddable":true,"href":"https:\/\/chapeucenter.com.br\/index\/wp-json\/wp\/v2\/product_cat?post=4808"},{"taxonomy":"product_tag","embeddable":true,"href":"https:\/\/chapeucenter.com.br\/index\/wp-json\/wp\/v2\/product_tag?post=4808"}],"curies":[{"name":"wp","href":"https:\/\/api.w.org\/{rel}","templated":true}]}}