{"id":468,"date":"2024-07-19T14:15:39","date_gmt":"2024-07-19T17:15:39","guid":{"rendered":"https:\/\/chapeucenter.com.br\/index\/produto\/chapeu-pralana-cross-felt-aba-12-preto-g\/"},"modified":"2026-04-14T17:15:15","modified_gmt":"2026-04-14T20:15:15","slug":"chapeu-pralana-cross-felt-aba-12-preto-g","status":"publish","type":"product","link":"https:\/\/chapeucenter.com.br\/index\/produto\/chapeu-pralana-cross-felt-aba-12-preto-g\/","title":{"rendered":"CHAP\u00c9U PRALANA CROSS FELT ABA 12 PRETO G"},"content":{"rendered":"<p>Chap\u00e9u Pralana Cross Felt 12426<\/p>\n<p>Fabricado em feltro de alta qualidade 100% L\u00e3, na cor Preto.<br \/>\nCopa quadrada de aproximadamente 12cm, aba de aproximadamente 12,5cm, banda em feltro Preto com acabamento em fivela\/ passador e ponteira dourada exclusiva Pralana.<br \/>\nCarneira el\u00e1stica.<\/p>\n<p>MARCA: PRALANA<br \/>\nREFER\u00caNCIA: 12426<br \/>\nCOR: PRETO<br \/>\nCONFEC\u00c7\u00c3O: FELTRO 100% L\u00c3<\/p>\n<p>&#8211; Esse chap\u00e9u \u00e9 vendido por P, M, G e GG, segue abaixo os tamanhos em cm de cada um:<br \/>\nPP= 53CM<br \/>\nP= 54 \u00e0 55 cm<br \/>\nM= 56 \u00e0 57 cm<br \/>\nG= 58 \u00e0 59 cm<br \/>\nGG= 60 \u00c0 61 cm<\/p>\n","protected":false},"excerpt":{"rendered":"<p>Chap\u00e9u Pralana Cross Felt 12426 Fabricado em feltro de alta qualidade 100% L\u00e3, na cor Preto. Copa quadrada de aproximadamente 12cm, aba de aproximadamente 12,5cm, banda<span class=\"excerpt-hellip\"> [\u2026]<\/span><\/p>\n","protected":false},"featured_media":2019,"template":"","meta":{"_joinchat":[]},"product_brand":[],"product_cat":[46],"product_tag":[],"class_list":{"0":"post-468","1":"product","2":"type-product","3":"status-publish","4":"has-post-thumbnail","6":"product_cat-cross-felt","8":"first","9":"outofstock","10":"shipping-taxable","11":"purchasable","12":"product-type-simple"},"_links":{"self":[{"href":"https:\/\/chapeucenter.com.br\/index\/wp-json\/wp\/v2\/product\/468","targetHints":{"allow":["GET"]}}],"collection":[{"href":"https:\/\/chapeucenter.com.br\/index\/wp-json\/wp\/v2\/product"}],"about":[{"href":"https:\/\/chapeucenter.com.br\/index\/wp-json\/wp\/v2\/types\/product"}],"wp:featuredmedia":[{"embeddable":true,"href":"https:\/\/chapeucenter.com.br\/index\/wp-json\/wp\/v2\/media\/2019"}],"wp:attachment":[{"href":"https:\/\/chapeucenter.com.br\/index\/wp-json\/wp\/v2\/media?parent=468"}],"wp:term":[{"taxonomy":"product_brand","embeddable":true,"href":"https:\/\/chapeucenter.com.br\/index\/wp-json\/wp\/v2\/product_brand?post=468"},{"taxonomy":"product_cat","embeddable":true,"href":"https:\/\/chapeucenter.com.br\/index\/wp-json\/wp\/v2\/product_cat?post=468"},{"taxonomy":"product_tag","embeddable":true,"href":"https:\/\/chapeucenter.com.br\/index\/wp-json\/wp\/v2\/product_tag?post=468"}],"curies":[{"name":"wp","href":"https:\/\/api.w.org\/{rel}","templated":true}]}}