{"id":4554,"date":"2025-04-23T08:41:12","date_gmt":"2025-04-23T11:41:12","guid":{"rendered":"https:\/\/chapeucenter.com.br\/index\/produto\/chapeu-personalizado-3-cravos-aba-12-palha-sintetica-preto-gg\/"},"modified":"2026-03-25T13:28:43","modified_gmt":"2026-03-25T16:28:43","slug":"chapeu-personalizado-3-cravos-aba-12-palha-sintetica-preto-gg","status":"publish","type":"product","link":"https:\/\/chapeucenter.com.br\/index\/produto\/chapeu-personalizado-3-cravos-aba-12-palha-sintetica-preto-gg\/","title":{"rendered":"Chap\u00e9u Personalizado 3 Cravos Aba 12 Palha Sint\u00e9tica Preto GG"},"content":{"rendered":"<p>Chap\u00e9u personalizado aba 12 com cravos de ferradura dourados e pena de metal dourada<\/p>\n<p>Material: Palha Sint\u00e9tica<\/p>\n<p>Aba 12<\/p>\n<p>Tamanhos:<\/p>\n<p>P (54-55)<\/p>\n<p>M (56-57)<\/p>\n<p>G (58-59)<\/p>\n<p>GG (60-61)<\/p>\n","protected":false},"excerpt":{"rendered":"<p>Chap\u00e9u personalizado aba 12 com cravos de ferradura dourados e pena de metal dourada Material: Palha Sint\u00e9tica Aba 12 Tamanhos: P (54-55) M (56-57) G (58-59)<span class=\"excerpt-hellip\"> [\u2026]<\/span><\/p>\n","protected":false},"featured_media":4899,"template":"","meta":{"_joinchat":[]},"product_brand":[],"product_cat":[62],"product_tag":[],"class_list":{"0":"post-4554","1":"product","2":"type-product","3":"status-publish","4":"has-post-thumbnail","6":"product_cat-3-cravos-aba-larga","8":"first","9":"instock","10":"shipping-taxable","11":"purchasable","12":"product-type-simple"},"_links":{"self":[{"href":"https:\/\/chapeucenter.com.br\/index\/wp-json\/wp\/v2\/product\/4554","targetHints":{"allow":["GET"]}}],"collection":[{"href":"https:\/\/chapeucenter.com.br\/index\/wp-json\/wp\/v2\/product"}],"about":[{"href":"https:\/\/chapeucenter.com.br\/index\/wp-json\/wp\/v2\/types\/product"}],"wp:featuredmedia":[{"embeddable":true,"href":"https:\/\/chapeucenter.com.br\/index\/wp-json\/wp\/v2\/media\/4899"}],"wp:attachment":[{"href":"https:\/\/chapeucenter.com.br\/index\/wp-json\/wp\/v2\/media?parent=4554"}],"wp:term":[{"taxonomy":"product_brand","embeddable":true,"href":"https:\/\/chapeucenter.com.br\/index\/wp-json\/wp\/v2\/product_brand?post=4554"},{"taxonomy":"product_cat","embeddable":true,"href":"https:\/\/chapeucenter.com.br\/index\/wp-json\/wp\/v2\/product_cat?post=4554"},{"taxonomy":"product_tag","embeddable":true,"href":"https:\/\/chapeucenter.com.br\/index\/wp-json\/wp\/v2\/product_tag?post=4554"}],"curies":[{"name":"wp","href":"https:\/\/api.w.org\/{rel}","templated":true}]}}