{"id":454,"date":"2024-07-19T14:09:54","date_gmt":"2024-07-19T17:09:54","guid":{"rendered":"https:\/\/chapeucenter.com.br\/index\/produto\/chapeu-pralana-indy-pino-social-morram-57\/"},"modified":"2026-04-06T19:46:13","modified_gmt":"2026-04-06T22:46:13","slug":"chapeu-pralana-indy-pino-social-morram-57","status":"publish","type":"product","link":"https:\/\/chapeucenter.com.br\/index\/produto\/chapeu-pralana-indy-pino-social-morram-57\/","title":{"rendered":"CHAP\u00c9U PRALANA INDY PINO SOCIAL MARROM 57"},"content":{"rendered":"<p>Chapeu Social Pralana Indy Pino Aba 7,0 Estilo Indiana Jones Casual cor marrom caf\u00e9<\/p>\n<p>A marca Pralana, sin\u00f4nimo de qualidade no mercado de chap\u00e9us, confecciona seus produtos com materiais de alt\u00edssima qualidade, que lhe conferem alta durabilidade, acabamento diferenciado, conforto e estilo, proporcionando o melhor da moda country para os seus clientes<\/p>\n<p>Caractersticas do produto:<br \/>\nMarca: Pralana<br \/>\nModelo: Indy<br \/>\nCor: Pino<br \/>\nMaterial: Fabricado em feltro 100% l importada em sua composi\u00e7\u00e3o externa<br \/>\nAba: 7,0cm<br \/>\nCopa: 10,5cm na parte da frente e 8,5cm na parte de tr\u00e1s<\/p>\n<p>*A m\u00e9dio do chap\u00e9u feita em cent\u00edmetros, assim utilize uma fita m\u00e9trica em volta da sua cabe\u00e7a na altura da testa e dois dedos acima da orelha para saber o tamanho ideal do seu chap\u00e9u.<\/p>\n","protected":false},"excerpt":{"rendered":"<p>Chapeu Social Pralana Indy Pino Aba 7,0 Estilo Indiana Jones Casual cor marrom caf\u00e9 A marca Pralana, sin\u00f4nimo de qualidade no mercado de chap\u00e9us, confecciona seus<span class=\"excerpt-hellip\"> [\u2026]<\/span><\/p>\n","protected":false},"featured_media":1017,"template":"","meta":{"_joinchat":[]},"product_brand":[],"product_cat":[41],"product_tag":[],"class_list":{"0":"post-454","1":"product","2":"type-product","3":"status-publish","4":"has-post-thumbnail","6":"product_cat-indy","8":"first","9":"outofstock","10":"shipping-taxable","11":"purchasable","12":"product-type-simple"},"_links":{"self":[{"href":"https:\/\/chapeucenter.com.br\/index\/wp-json\/wp\/v2\/product\/454","targetHints":{"allow":["GET"]}}],"collection":[{"href":"https:\/\/chapeucenter.com.br\/index\/wp-json\/wp\/v2\/product"}],"about":[{"href":"https:\/\/chapeucenter.com.br\/index\/wp-json\/wp\/v2\/types\/product"}],"wp:featuredmedia":[{"embeddable":true,"href":"https:\/\/chapeucenter.com.br\/index\/wp-json\/wp\/v2\/media\/1017"}],"wp:attachment":[{"href":"https:\/\/chapeucenter.com.br\/index\/wp-json\/wp\/v2\/media?parent=454"}],"wp:term":[{"taxonomy":"product_brand","embeddable":true,"href":"https:\/\/chapeucenter.com.br\/index\/wp-json\/wp\/v2\/product_brand?post=454"},{"taxonomy":"product_cat","embeddable":true,"href":"https:\/\/chapeucenter.com.br\/index\/wp-json\/wp\/v2\/product_cat?post=454"},{"taxonomy":"product_tag","embeddable":true,"href":"https:\/\/chapeucenter.com.br\/index\/wp-json\/wp\/v2\/product_tag?post=454"}],"curies":[{"name":"wp","href":"https:\/\/api.w.org\/{rel}","templated":true}]}}