{"id":4521,"date":"2025-04-04T15:58:01","date_gmt":"2025-04-04T18:58:01","guid":{"rendered":"https:\/\/chapeucenter.com.br\/index\/produto\/chapeu-personalizado-texas-aba-11-gelo-tam-56\/"},"modified":"2026-03-25T13:28:36","modified_gmt":"2026-03-25T16:28:36","slug":"chapeu-personalizado-texas-aba-11-gelo-tam-56","status":"publish","type":"product","link":"https:\/\/chapeucenter.com.br\/index\/produto\/chapeu-personalizado-texas-aba-11-gelo-tam-56\/","title":{"rendered":"CHAP\u00c9U PERSONALIZADO TEXAS ABA 11 GELO TAM 56"},"content":{"rendered":"<p>CHAP\u00c9U PERSONALIZADO ABA 11 TEXAS COM GRAVA\u00c7\u00d5ES A LASER<\/p>\n<p>&#8211; Marca: Pralana<\/p>\n<p>-Material: Chap\u00e9u em Feltro 100% l\u00e3<\/p>\n","protected":false},"excerpt":{"rendered":"<p>&nbsp;<\/p>\n","protected":false},"featured_media":4505,"template":"","meta":{"_joinchat":[]},"product_brand":[],"product_cat":[24],"product_tag":[],"class_list":{"0":"post-4521","1":"product","2":"type-product","3":"status-publish","4":"has-post-thumbnail","6":"product_cat-promocoes","8":"first","9":"instock","10":"shipping-taxable","11":"purchasable","12":"product-type-simple"},"_links":{"self":[{"href":"https:\/\/chapeucenter.com.br\/index\/wp-json\/wp\/v2\/product\/4521","targetHints":{"allow":["GET"]}}],"collection":[{"href":"https:\/\/chapeucenter.com.br\/index\/wp-json\/wp\/v2\/product"}],"about":[{"href":"https:\/\/chapeucenter.com.br\/index\/wp-json\/wp\/v2\/types\/product"}],"wp:featuredmedia":[{"embeddable":true,"href":"https:\/\/chapeucenter.com.br\/index\/wp-json\/wp\/v2\/media\/4505"}],"wp:attachment":[{"href":"https:\/\/chapeucenter.com.br\/index\/wp-json\/wp\/v2\/media?parent=4521"}],"wp:term":[{"taxonomy":"product_brand","embeddable":true,"href":"https:\/\/chapeucenter.com.br\/index\/wp-json\/wp\/v2\/product_brand?post=4521"},{"taxonomy":"product_cat","embeddable":true,"href":"https:\/\/chapeucenter.com.br\/index\/wp-json\/wp\/v2\/product_cat?post=4521"},{"taxonomy":"product_tag","embeddable":true,"href":"https:\/\/chapeucenter.com.br\/index\/wp-json\/wp\/v2\/product_tag?post=4521"}],"curies":[{"name":"wp","href":"https:\/\/api.w.org\/{rel}","templated":true}]}}