{"id":440,"date":"2024-07-19T13:47:25","date_gmt":"2024-07-19T16:47:25","guid":{"rendered":"https:\/\/chapeucenter.com.br\/index\/produto\/chapeu-pralana-alpaca-premium-preto-forrado-aba-6-59\/"},"modified":"2026-03-25T12:53:56","modified_gmt":"2026-03-25T15:53:56","slug":"chapeu-pralana-alpaca-premium-preto-forrado-aba-6-59","status":"publish","type":"product","link":"https:\/\/chapeucenter.com.br\/index\/produto\/chapeu-pralana-alpaca-premium-preto-forrado-aba-6-59\/","title":{"rendered":"CHAP\u00c9U PRALANA ALPACA PREMIUM PRETO FORRADO ABA 6 59"},"content":{"rendered":"<p><span style=\"color: #3f4254;font-family: Montserrat, sans-serif;font-size: 13px\">A marca Pralana, sin\u00f4nimo de qualidade no mercado de chap\u00e9us, confecciona seus produtos com materiais de alt\u00edssima qualidade, que lhe conferem alta durabilidade, acabamento diferenciado, conforto e estilo, proporcionando o melhor da moda country para os seus clientes.<\/span><br style=\"color: #3f4254;font-family: Montserrat, sans-serif;font-size: 13px\" \/><br style=\"color: #3f4254;font-family: Montserrat, sans-serif;font-size: 13px\" \/><span style=\"color: #3f4254;font-family: Montserrat, sans-serif;font-size: 13px\">Caracter\u00edsticas do produto: chapeu de feltro social<\/span><br style=\"color: #3f4254;font-family: Montserrat, sans-serif;font-size: 13px\" \/><br style=\"color: #3f4254;font-family: Montserrat, sans-serif;font-size: 13px\" \/><span style=\"color: #3f4254;font-family: Montserrat, sans-serif;font-size: 13px\">Marca: Pralana<\/span><br style=\"color: #3f4254;font-family: Montserrat, sans-serif;font-size: 13px\" \/><span style=\"color: #3f4254;font-family: Montserrat, sans-serif;font-size: 13px\">Modelo: Alpaca aba 6<\/span><br style=\"color: #3f4254;font-family: Montserrat, sans-serif;font-size: 13px\" \/><span style=\"color: #3f4254;font-family: Montserrat, sans-serif;font-size: 13px\">Cor: Preto<\/span><br style=\"color: #3f4254;font-family: Montserrat, sans-serif;font-size: 13px\" \/><span style=\"color: #3f4254;font-family: Montserrat, sans-serif;font-size: 13px\">Material: Fabricado em feltro 100% l\u00e3 importada em sua composi\u00e7\u00e3o externa.<\/span><br style=\"color: #3f4254;font-family: Montserrat, sans-serif;font-size: 13px\" \/><span style=\"color: #3f4254;font-family: Montserrat, sans-serif;font-size: 13px\">L\u00e3 (Feltro): R\u00edgido<\/span><br style=\"color: #3f4254;font-family: Montserrat, sans-serif;font-size: 13px\" \/><span style=\"color: #3f4254;font-family: Montserrat, sans-serif;font-size: 13px\">Interno: Forrado<\/span><br style=\"color: #3f4254;font-family: Montserrat, sans-serif;font-size: 13px\" \/><span style=\"color: #3f4254;font-family: Montserrat, sans-serif;font-size: 13px\">Aba: 760<\/span><br style=\"color: #3f4254;font-family: Montserrat, sans-serif;font-size: 13px\" \/><br style=\"color: #3f4254;font-family: Montserrat, sans-serif;font-size: 13px\" \/><br style=\"color: #3f4254;font-family: Montserrat, sans-serif;font-size: 13px\" \/><span style=\"color: #3f4254;font-family: Montserrat, sans-serif;font-size: 13px\">*A medi\u00e7\u00e3o do chap\u00e9u \u00e9 feita em cent\u00edmetros, assim utilize uma fita m\u00e9trica em volta da sua cabe\u00e7a na altura da testa e dois dedos acima da orelha para saber o tamanho ideal do seu chap\u00e9u.<\/span><\/p>\n","protected":false},"excerpt":{"rendered":"<p><span style=\"color: #3f4254;font-family: Montserrat, sans-serif;font-size: 13px\">A marca Pralana, sin\u00f4nimo de qualidade no mercado de chap\u00e9us, confecciona seus produtos com materiais de alt\u00edssima qualidade, que lhe conferem alta durabilidade, acabamento diferenciado, conforto e estilo, proporcionando o melhor da moda country para os seus clientes.<\/span><br style=\"color: #3f4254;font-family: Montserrat, sans-serif;font-size: 13px\" \/><br style=\"color: #3f4254;font-family: Montserrat, sans-serif;font-size: 13px\" \/><span style=\"color: #3f4254;font-family: Montserrat, sans-serif;font-size: 13px\">Caracter\u00edsticas do produto: chapeu de feltro social<\/span><br style=\"color: #3f4254;font-family: Montserrat, sans-serif;font-size: 13px\" \/><br style=\"color: #3f4254;font-family: Montserrat, sans-serif;font-size: 13px\" \/><span style=\"color: #3f4254;font-family: Montserrat, sans-serif;font-size: 13px\">Marca: Pralana<\/span><br style=\"color: #3f4254;font-family: Montserrat, sans-serif;font-size: 13px\" \/><span style=\"color: #3f4254;font-family: Montserrat, sans-serif;font-size: 13px\">Modelo: Alpaca aba 6<\/span><br style=\"color: #3f4254;font-family: Montserrat, sans-serif;font-size: 13px\" \/><span style=\"color: #3f4254;font-family: Montserrat, sans-serif;font-size: 13px\">Cor: Preto<\/span><br style=\"color: #3f4254;font-family: Montserrat, sans-serif;font-size: 13px\" \/><span style=\"color: #3f4254;font-family: Montserrat, sans-serif;font-size: 13px\">Material: Fabricado em feltro 100% l\u00e3 importada em sua composi\u00e7\u00e3o externa.<\/span><br style=\"color: #3f4254;font-family: Montserrat, sans-serif;font-size: 13px\" \/><span style=\"color: #3f4254;font-family: Montserrat, sans-serif;font-size: 13px\">L\u00e3 (Feltro): R\u00edgido<\/span><br style=\"color: #3f4254;font-family: Montserrat, sans-serif;font-size: 13px\" \/><span style=\"color: #3f4254;font-family: Montserrat, sans-serif;font-size: 13px\">Interno: Forrado<\/span><br style=\"color: #3f4254;font-family: Montserrat, sans-serif;font-size: 13px\" \/><span style=\"color: #3f4254;font-family: Montserrat, sans-serif;font-size: 13px\">Aba: 760<\/span><br style=\"color: #3f4254;font-family: Montserrat, sans-serif;font-size: 13px\" \/><br style=\"color: #3f4254;font-family: Montserrat, sans-serif;font-size: 13px\" \/><br style=\"color: #3f4254;font-family: Montserrat, sans-serif;font-size: 13px\" \/><span style=\"color: #3f4254;font-family: Montserrat, sans-serif;font-size: 13px\">*A medi\u00e7\u00e3o do chap\u00e9u \u00e9 feita em cent\u00edmetros, assim utilize uma fita m\u00e9trica em volta da sua cabe\u00e7a na altura da testa e dois dedos acima da orelha para saber o tamanho ideal do seu chap\u00e9u.<\/span><\/p>\n","protected":false},"featured_media":1009,"template":"","meta":{"_joinchat":[]},"product_brand":[],"product_cat":[40],"product_tag":[],"class_list":{"0":"post-440","1":"product","2":"type-product","3":"status-publish","4":"has-post-thumbnail","6":"product_cat-alpaca","8":"first","9":"outofstock","10":"shipping-taxable","11":"purchasable","12":"product-type-simple"},"_links":{"self":[{"href":"https:\/\/chapeucenter.com.br\/index\/wp-json\/wp\/v2\/product\/440","targetHints":{"allow":["GET"]}}],"collection":[{"href":"https:\/\/chapeucenter.com.br\/index\/wp-json\/wp\/v2\/product"}],"about":[{"href":"https:\/\/chapeucenter.com.br\/index\/wp-json\/wp\/v2\/types\/product"}],"wp:featuredmedia":[{"embeddable":true,"href":"https:\/\/chapeucenter.com.br\/index\/wp-json\/wp\/v2\/media\/1009"}],"wp:attachment":[{"href":"https:\/\/chapeucenter.com.br\/index\/wp-json\/wp\/v2\/media?parent=440"}],"wp:term":[{"taxonomy":"product_brand","embeddable":true,"href":"https:\/\/chapeucenter.com.br\/index\/wp-json\/wp\/v2\/product_brand?post=440"},{"taxonomy":"product_cat","embeddable":true,"href":"https:\/\/chapeucenter.com.br\/index\/wp-json\/wp\/v2\/product_cat?post=440"},{"taxonomy":"product_tag","embeddable":true,"href":"https:\/\/chapeucenter.com.br\/index\/wp-json\/wp\/v2\/product_tag?post=440"}],"curies":[{"name":"wp","href":"https:\/\/api.w.org\/{rel}","templated":true}]}}