{"id":4211,"date":"2025-03-10T16:44:11","date_gmt":"2025-03-10T19:44:11","guid":{"rendered":"https:\/\/chapeucenter.com.br\/index\/produto\/chapeu-personalizado-texano-aba-12-preto-gg\/"},"modified":"2026-03-25T13:27:04","modified_gmt":"2026-03-25T16:27:04","slug":"chapeu-personalizado-texano-aba-12-preto-gg","status":"publish","type":"product","link":"https:\/\/chapeucenter.com.br\/index\/produto\/chapeu-personalizado-texano-aba-12-preto-gg\/","title":{"rendered":"CHAP\u00c9U PERSONALIZADO TEXANO ABA 12 PRETO GG"},"content":{"rendered":"<p>CHAP\u00c9U PERSONALIZADO MODELO TEXANO NA ABA 12<\/p>\n<p>CHAP\u00c9U PALHA SINT\u00c9TICA<\/p>\n<p>DISPON\u00cdVEL NAS CORES BRANCO E PRETO<\/p>\n<p>NOS TAMANHO P ao GG<\/p>\n","protected":false},"excerpt":{"rendered":"<p>CHAP\u00c9U PERSONALIZADO MODELO TEXANO NA ABA 12 CHAP\u00c9U PALHA SINT\u00c9TICA DISPON\u00cdVEL NAS CORES BRANCO E PRETO NOS TAMANHO P ao GG<\/p>\n","protected":false},"featured_media":4204,"template":"","meta":{"_joinchat":[]},"product_brand":[],"product_cat":[75],"product_tag":[],"class_list":{"0":"post-4211","1":"product","2":"type-product","3":"status-publish","4":"has-post-thumbnail","6":"product_cat-texano","8":"first","9":"instock","10":"shipping-taxable","11":"purchasable","12":"product-type-simple"},"_links":{"self":[{"href":"https:\/\/chapeucenter.com.br\/index\/wp-json\/wp\/v2\/product\/4211","targetHints":{"allow":["GET"]}}],"collection":[{"href":"https:\/\/chapeucenter.com.br\/index\/wp-json\/wp\/v2\/product"}],"about":[{"href":"https:\/\/chapeucenter.com.br\/index\/wp-json\/wp\/v2\/types\/product"}],"wp:featuredmedia":[{"embeddable":true,"href":"https:\/\/chapeucenter.com.br\/index\/wp-json\/wp\/v2\/media\/4204"}],"wp:attachment":[{"href":"https:\/\/chapeucenter.com.br\/index\/wp-json\/wp\/v2\/media?parent=4211"}],"wp:term":[{"taxonomy":"product_brand","embeddable":true,"href":"https:\/\/chapeucenter.com.br\/index\/wp-json\/wp\/v2\/product_brand?post=4211"},{"taxonomy":"product_cat","embeddable":true,"href":"https:\/\/chapeucenter.com.br\/index\/wp-json\/wp\/v2\/product_cat?post=4211"},{"taxonomy":"product_tag","embeddable":true,"href":"https:\/\/chapeucenter.com.br\/index\/wp-json\/wp\/v2\/product_tag?post=4211"}],"curies":[{"name":"wp","href":"https:\/\/api.w.org\/{rel}","templated":true}]}}