{"id":4177,"date":"2025-03-07T16:51:45","date_gmt":"2025-03-07T19:51:45","guid":{"rendered":"https:\/\/chapeucenter.com.br\/index\/produto\/chapeu-3-cravos-copa-baixa-boiadeiro-aba-11-preto-p\/"},"modified":"2026-03-25T13:26:38","modified_gmt":"2026-03-25T16:26:38","slug":"chapeu-3-cravos-copa-baixa-boiadeiro-aba-11-preto-p","status":"publish","type":"product","link":"https:\/\/chapeucenter.com.br\/index\/produto\/chapeu-3-cravos-copa-baixa-boiadeiro-aba-11-preto-p\/","title":{"rendered":"Chapeu 3 Cravos Copa Baixa Boiadeiro Aba 12 Preto P"},"content":{"rendered":"<p>Chap\u00e9u Personalizado aba 12 com 3 cravos no estilo boiadeiro<\/p>\n<p>Chap\u00e9u 100% feltro<\/p>\n<p>Original Pralana<\/p>\n<p>Dispon\u00edvel nos tamanhos P ao GG<\/p>\n<p>P\u00a0 \u00a0 54-55<\/p>\n<p>M\u00a0 \u00a056-57<\/p>\n<p>G\u00a0 \u00a058-59<\/p>\n<p>GG 60-61<\/p>\n","protected":false},"excerpt":{"rendered":"<p>Chap\u00e9u Personalizado aba 12 com 3 cravos no estilo boiadeiro Chap\u00e9u 100% feltro Original Pralana Dispon\u00edvel nos tamanhos P ao GG P\u00a0 \u00a0 54-55 M\u00a0 \u00a056-57<span class=\"excerpt-hellip\"> [\u2026]<\/span><\/p>\n","protected":false},"featured_media":4280,"template":"","meta":{"_joinchat":[]},"product_brand":[],"product_cat":[73],"product_tag":[],"class_list":{"0":"post-4177","1":"product","2":"type-product","3":"status-publish","4":"has-post-thumbnail","6":"product_cat-boiadeiro","8":"first","9":"instock","10":"shipping-taxable","11":"purchasable","12":"product-type-simple"},"_links":{"self":[{"href":"https:\/\/chapeucenter.com.br\/index\/wp-json\/wp\/v2\/product\/4177","targetHints":{"allow":["GET"]}}],"collection":[{"href":"https:\/\/chapeucenter.com.br\/index\/wp-json\/wp\/v2\/product"}],"about":[{"href":"https:\/\/chapeucenter.com.br\/index\/wp-json\/wp\/v2\/types\/product"}],"wp:featuredmedia":[{"embeddable":true,"href":"https:\/\/chapeucenter.com.br\/index\/wp-json\/wp\/v2\/media\/4280"}],"wp:attachment":[{"href":"https:\/\/chapeucenter.com.br\/index\/wp-json\/wp\/v2\/media?parent=4177"}],"wp:term":[{"taxonomy":"product_brand","embeddable":true,"href":"https:\/\/chapeucenter.com.br\/index\/wp-json\/wp\/v2\/product_brand?post=4177"},{"taxonomy":"product_cat","embeddable":true,"href":"https:\/\/chapeucenter.com.br\/index\/wp-json\/wp\/v2\/product_cat?post=4177"},{"taxonomy":"product_tag","embeddable":true,"href":"https:\/\/chapeucenter.com.br\/index\/wp-json\/wp\/v2\/product_tag?post=4177"}],"curies":[{"name":"wp","href":"https:\/\/api.w.org\/{rel}","templated":true}]}}