{"id":402,"date":"2024-07-19T13:21:20","date_gmt":"2024-07-19T16:21:20","guid":{"rendered":"https:\/\/chapeucenter.com.br\/index\/produto\/chapeu-pralana-big-horse-preto-58\/"},"modified":"2026-04-09T17:56:22","modified_gmt":"2026-04-09T20:56:22","slug":"chapeu-pralana-big-horse-preto-58","status":"publish","type":"product","link":"https:\/\/chapeucenter.com.br\/index\/produto\/chapeu-pralana-big-horse-preto-58\/","title":{"rendered":"CHAP\u00c9U PRALANA BIG HORSE PRETO 58"},"content":{"rendered":"<p><span style=\"color: #3f4254;font-family: Montserrat, sans-serif;font-size: 13px\">CARACTER\u00cdSTICAS DO CHAP\u00c9U PRALANA BIG HORSE ABA 11 PRETO<\/span><br style=\"color: #3f4254;font-family: Montserrat, sans-serif;font-size: 13px\" \/><br style=\"color: #3f4254;font-family: Montserrat, sans-serif;font-size: 13px\" \/><br style=\"color: #3f4254;font-family: Montserrat, sans-serif;font-size: 13px\" \/><span style=\"color: #3f4254;font-family: Montserrat, sans-serif;font-size: 13px\">Cor: Preto<\/span><br style=\"color: #3f4254;font-family: Montserrat, sans-serif;font-size: 13px\" \/><br style=\"color: #3f4254;font-family: Montserrat, sans-serif;font-size: 13px\" \/><span style=\"color: #3f4254;font-family: Montserrat, sans-serif;font-size: 13px\">Possui carneira de couro.<\/span><br style=\"color: #3f4254;font-family: Montserrat, sans-serif;font-size: 13px\" \/><br style=\"color: #3f4254;font-family: Montserrat, sans-serif;font-size: 13px\" \/><span style=\"color: #3f4254;font-family: Montserrat, sans-serif;font-size: 13px\">Modelo Country<\/span><br style=\"color: #3f4254;font-family: Montserrat, sans-serif;font-size: 13px\" \/><br style=\"color: #3f4254;font-family: Montserrat, sans-serif;font-size: 13px\" \/><span style=\"color: #3f4254;font-family: Montserrat, sans-serif;font-size: 13px\">Composi\u00e7\u00e3o Externa: 100% L\u00e3<\/span><br style=\"color: #3f4254;font-family: Montserrat, sans-serif;font-size: 13px\" \/><br style=\"color: #3f4254;font-family: Montserrat, sans-serif;font-size: 13px\" \/><span style=\"color: #3f4254;font-family: Montserrat, sans-serif;font-size: 13px\">Banda Preta<\/span><br style=\"color: #3f4254;font-family: Montserrat, sans-serif;font-size: 13px\" \/><br style=\"color: #3f4254;font-family: Montserrat, sans-serif;font-size: 13px\" \/><span style=\"color: #3f4254;font-family: Montserrat, sans-serif;font-size: 13px\">Vendido por unidade<\/span><\/p>\n","protected":false},"excerpt":{"rendered":"<p>CARACTER\u00cdSTICAS DO CHAP\u00c9U PRALANA BIG HORSE ABA 11 PRETOCor: PretoPossui carneira de couro.Modelo CountryComposi\u00e7\u00e3o Externa: 100% L\u00e3Banda PretaVendido por unidade<\/p>\n","protected":false},"featured_media":950,"template":"","meta":{"_joinchat":[]},"product_brand":[],"product_cat":[44],"product_tag":[],"class_list":{"0":"post-402","1":"product","2":"type-product","3":"status-publish","4":"has-post-thumbnail","6":"product_cat-big-horse","8":"first","9":"instock","10":"shipping-taxable","11":"purchasable","12":"product-type-simple"},"_links":{"self":[{"href":"https:\/\/chapeucenter.com.br\/index\/wp-json\/wp\/v2\/product\/402","targetHints":{"allow":["GET"]}}],"collection":[{"href":"https:\/\/chapeucenter.com.br\/index\/wp-json\/wp\/v2\/product"}],"about":[{"href":"https:\/\/chapeucenter.com.br\/index\/wp-json\/wp\/v2\/types\/product"}],"wp:featuredmedia":[{"embeddable":true,"href":"https:\/\/chapeucenter.com.br\/index\/wp-json\/wp\/v2\/media\/950"}],"wp:attachment":[{"href":"https:\/\/chapeucenter.com.br\/index\/wp-json\/wp\/v2\/media?parent=402"}],"wp:term":[{"taxonomy":"product_brand","embeddable":true,"href":"https:\/\/chapeucenter.com.br\/index\/wp-json\/wp\/v2\/product_brand?post=402"},{"taxonomy":"product_cat","embeddable":true,"href":"https:\/\/chapeucenter.com.br\/index\/wp-json\/wp\/v2\/product_cat?post=402"},{"taxonomy":"product_tag","embeddable":true,"href":"https:\/\/chapeucenter.com.br\/index\/wp-json\/wp\/v2\/product_tag?post=402"}],"curies":[{"name":"wp","href":"https:\/\/api.w.org\/{rel}","templated":true}]}}