{"id":3838,"date":"2025-02-19T17:17:39","date_gmt":"2025-02-19T20:17:39","guid":{"rendered":"https:\/\/chapeucenter.com.br\/index\/produto\/cabeca-de-boi-longhorn-preto-acessorio-para-retrovisor\/"},"modified":"2026-03-25T13:25:26","modified_gmt":"2026-03-25T16:25:26","slug":"cabeca-de-boi-longhorn-preto-acessorio-para-retrovisor","status":"publish","type":"product","link":"https:\/\/chapeucenter.com.br\/index\/produto\/cabeca-de-boi-longhorn-preto-acessorio-para-retrovisor\/","title":{"rendered":"Cabe\u00e7a De Boi Longhorn Preto  Acessorio Para Retrovisor"},"content":{"rendered":"<p><span style=\"font-family: 'Proxima Nova', -apple-system, Roboto, Arial, sans-serif;font-size: 20px\">CARACTER\u00cdSTICAS DO PRODUTO:<\/span><br style=\"font-family: 'Proxima Nova', -apple-system, Roboto, Arial, sans-serif;font-size: 20px\" \/><br style=\"font-family: 'Proxima Nova', -apple-system, Roboto, Arial, sans-serif;font-size: 20px\" \/><span style=\"font-family: 'Proxima Nova', -apple-system, Roboto, Arial, sans-serif;font-size: 20px\">&#8211; Confeccionado em Resina resistente;<\/span><br style=\"font-family: 'Proxima Nova', -apple-system, Roboto, Arial, sans-serif;font-size: 20px\" \/><br style=\"font-family: 'Proxima Nova', -apple-system, Roboto, Arial, sans-serif;font-size: 20px\" \/><span style=\"font-family: 'Proxima Nova', -apple-system, Roboto, Arial, sans-serif;font-size: 20px\">&#8211; Pendurador abre e fecha, facilitando o encaixe em qualquer retrovisor;<\/span><br style=\"font-family: 'Proxima Nova', -apple-system, Roboto, Arial, sans-serif;font-size: 20px\" \/><br style=\"font-family: 'Proxima Nova', -apple-system, Roboto, Arial, sans-serif;font-size: 20px\" \/><br style=\"font-family: 'Proxima Nova', -apple-system, Roboto, Arial, sans-serif;font-size: 20px\" \/><span style=\"font-family: 'Proxima Nova', -apple-system, Roboto, Arial, sans-serif;font-size: 20px\">CR\u00c2NIO REALISTA COM:<\/span><br style=\"font-family: 'Proxima Nova', -apple-system, Roboto, Arial, sans-serif;font-size: 20px\" \/><br style=\"font-family: 'Proxima Nova', -apple-system, Roboto, Arial, sans-serif;font-size: 20px\" \/><span style=\"font-family: 'Proxima Nova', -apple-system, Roboto, Arial, sans-serif;font-size: 20px\">&#8211; Forma anat\u00f4mica;<\/span><br style=\"font-family: 'Proxima Nova', -apple-system, Roboto, Arial, sans-serif;font-size: 20px\" \/><br style=\"font-family: 'Proxima Nova', -apple-system, Roboto, Arial, sans-serif;font-size: 20px\" \/><span style=\"font-family: 'Proxima Nova', -apple-system, Roboto, Arial, sans-serif;font-size: 20px\">&#8211; Curvatura dos chifres;<\/span><br style=\"font-family: 'Proxima Nova', -apple-system, Roboto, Arial, sans-serif;font-size: 20px\" \/><br style=\"font-family: 'Proxima Nova', -apple-system, Roboto, Arial, sans-serif;font-size: 20px\" \/><span style=\"font-family: 'Proxima Nova', -apple-system, Roboto, Arial, sans-serif;font-size: 20px\">&#8211; Orif\u00edcio osso nasal;<\/span><br style=\"font-family: 'Proxima Nova', -apple-system, Roboto, Arial, sans-serif;font-size: 20px\" \/><br style=\"font-family: 'Proxima Nova', -apple-system, Roboto, Arial, sans-serif;font-size: 20px\" \/><span style=\"font-family: 'Proxima Nova', -apple-system, Roboto, Arial, sans-serif;font-size: 20px\">&#8211; Cobertura total de verniz automotivo fosco para garantir melhor durabilidade da pintura e est\u00e9tica da pe\u00e7a<\/span><br style=\"font-family: 'Proxima Nova', -apple-system, Roboto, Arial, sans-serif;font-size: 20px\" \/><br style=\"font-family: 'Proxima Nova', -apple-system, Roboto, Arial, sans-serif;font-size: 20px\" \/><span style=\"font-family: 'Proxima Nova', -apple-system, Roboto, Arial, sans-serif;font-size: 20px\">&#8211; Podendo ser lavado em \u00e1gua corrente e sab\u00e3o neutro se necess\u00e1rio.<\/span><\/p>\n","protected":false},"excerpt":{"rendered":"<p>CARACTER\u00cdSTICAS DO PRODUTO:&#8211; Confeccionado em Resina resistente;&#8211; Pendurador abre e fecha, facilitando o encaixe em qualquer retrovisor;CR\u00c2NIO REALISTA COM:&#8211; Forma anat\u00f4mica;&#8211; Curvatura dos chifres;&#8211; Orif\u00edcio osso<span class=\"excerpt-hellip\"> [\u2026]<\/span><\/p>\n","protected":false},"featured_media":3940,"template":"","meta":{"_joinchat":[]},"product_brand":[],"product_cat":[25],"product_tag":[],"class_list":{"0":"post-3838","1":"product","2":"type-product","3":"status-publish","4":"has-post-thumbnail","6":"product_cat-diversos","8":"first","9":"outofstock","10":"shipping-taxable","11":"purchasable","12":"product-type-simple"},"_links":{"self":[{"href":"https:\/\/chapeucenter.com.br\/index\/wp-json\/wp\/v2\/product\/3838","targetHints":{"allow":["GET"]}}],"collection":[{"href":"https:\/\/chapeucenter.com.br\/index\/wp-json\/wp\/v2\/product"}],"about":[{"href":"https:\/\/chapeucenter.com.br\/index\/wp-json\/wp\/v2\/types\/product"}],"wp:featuredmedia":[{"embeddable":true,"href":"https:\/\/chapeucenter.com.br\/index\/wp-json\/wp\/v2\/media\/3940"}],"wp:attachment":[{"href":"https:\/\/chapeucenter.com.br\/index\/wp-json\/wp\/v2\/media?parent=3838"}],"wp:term":[{"taxonomy":"product_brand","embeddable":true,"href":"https:\/\/chapeucenter.com.br\/index\/wp-json\/wp\/v2\/product_brand?post=3838"},{"taxonomy":"product_cat","embeddable":true,"href":"https:\/\/chapeucenter.com.br\/index\/wp-json\/wp\/v2\/product_cat?post=3838"},{"taxonomy":"product_tag","embeddable":true,"href":"https:\/\/chapeucenter.com.br\/index\/wp-json\/wp\/v2\/product_tag?post=3838"}],"curies":[{"name":"wp","href":"https:\/\/api.w.org\/{rel}","templated":true}]}}