{"id":380,"date":"2024-07-19T10:45:19","date_gmt":"2024-07-19T13:45:19","guid":{"rendered":"https:\/\/chapeucenter.com.br\/index\/produto\/chapeu-pralana-bangora-cross-preto-p\/"},"modified":"2026-03-25T12:52:25","modified_gmt":"2026-03-25T15:52:25","slug":"chapeu-pralana-bangora-cross-preto-p","status":"publish","type":"product","link":"https:\/\/chapeucenter.com.br\/index\/produto\/chapeu-pralana-bangora-cross-preto-p\/","title":{"rendered":"CHAP\u00c9U PRALANA BANGORA CROSS PRETO P"},"content":{"rendered":"<p><span style=\"color: #3f4254;font-family: Montserrat, sans-serif;font-size: 13px\">Chap\u00e9u Pralana Bangora cross preto Aba 12<\/span><br style=\"color: #3f4254;font-family: Montserrat, sans-serif;font-size: 13px\" \/><br style=\"color: #3f4254;font-family: Montserrat, sans-serif;font-size: 13px\" \/><span style=\"color: #3f4254;font-family: Montserrat, sans-serif;font-size: 13px\">Chap\u00e9u Pralana importado, 100% Celulose, copa rendada 12.5cm, aba 12cm, fita em recouro com detalhes em metal, e carneira el\u00e1stica<\/span><\/p>\n","protected":false},"excerpt":{"rendered":"<p>Chap\u00e9u Pralana Bangora cross preto Aba 12Chap\u00e9u Pralana importado, 100% Celulose, copa rendada 12.5cm, aba 12cm, fita em recouro com detalhes em metal, e carneira el\u00e1stica<\/p>\n","protected":false},"featured_media":922,"template":"","meta":{"_joinchat":[]},"product_brand":[],"product_cat":[38],"product_tag":[],"class_list":{"0":"post-380","1":"product","2":"type-product","3":"status-publish","4":"has-post-thumbnail","6":"product_cat-bangora-cross-preto","8":"first","9":"instock","10":"shipping-taxable","11":"purchasable","12":"product-type-simple"},"_links":{"self":[{"href":"https:\/\/chapeucenter.com.br\/index\/wp-json\/wp\/v2\/product\/380","targetHints":{"allow":["GET"]}}],"collection":[{"href":"https:\/\/chapeucenter.com.br\/index\/wp-json\/wp\/v2\/product"}],"about":[{"href":"https:\/\/chapeucenter.com.br\/index\/wp-json\/wp\/v2\/types\/product"}],"wp:featuredmedia":[{"embeddable":true,"href":"https:\/\/chapeucenter.com.br\/index\/wp-json\/wp\/v2\/media\/922"}],"wp:attachment":[{"href":"https:\/\/chapeucenter.com.br\/index\/wp-json\/wp\/v2\/media?parent=380"}],"wp:term":[{"taxonomy":"product_brand","embeddable":true,"href":"https:\/\/chapeucenter.com.br\/index\/wp-json\/wp\/v2\/product_brand?post=380"},{"taxonomy":"product_cat","embeddable":true,"href":"https:\/\/chapeucenter.com.br\/index\/wp-json\/wp\/v2\/product_cat?post=380"},{"taxonomy":"product_tag","embeddable":true,"href":"https:\/\/chapeucenter.com.br\/index\/wp-json\/wp\/v2\/product_tag?post=380"}],"curies":[{"name":"wp","href":"https:\/\/api.w.org\/{rel}","templated":true}]}}