{"id":3749,"date":"2025-02-12T16:57:28","date_gmt":"2025-02-12T19:57:28","guid":{"rendered":"https:\/\/chapeucenter.com.br\/index\/produto\/chapeu-personalizado-muladeiro-aba-8-5-gelo-tam-p\/"},"modified":"2026-03-25T13:24:08","modified_gmt":"2026-03-25T16:24:08","slug":"chapeu-personalizado-muladeiro-aba-8-5-gelo-tam-p","status":"publish","type":"product","link":"https:\/\/chapeucenter.com.br\/index\/produto\/chapeu-personalizado-muladeiro-aba-8-5-gelo-tam-p\/","title":{"rendered":"CHAP\u00c9U PERSONALIZADO MULADEIRO ABA 8.5 GELO TAM P"},"content":{"rendered":"<p>Chap\u00e9u Country NOVO!! Pralana Classic 5x Campo III Aba 8,5 com a bandinha personalizada<\/p>\n<p>Chap\u00e9u utilizado pelo Gusttavo Lima em Barretos!<\/p>\n<p>A marca Pralana, sin\u00f4nimo de qualidade no mercado de chap\u00e9us, confecciona seus produtos com materiais de alt\u00edssima qualidade, que lhe conferem alta durabilidade, acabamento diferenciado, conforto e estilo, proporcionando o melhor da moda country para os seus clientes.<\/p>\n<p>Caracter\u00edsticas do produto:<\/p>\n<p>Condi\u00e7\u00e3o: NOVO!!<\/p>\n<p>Marca: Pralana<\/p>\n<p>Modelo: Classic 5x Campo Aba 8,5<\/p>\n<p>Cor: PRETO, MARROM E GELO<\/p>\n<p>Material: Fabricado em feltro 100% l\u00e3 importada em sua composi\u00e7\u00e3o externa.<\/p>\n<p>L\u00e3 (Feltro): R\u00edgido<\/p>\n<p>Aba: 8,5<\/p>\n<p>Copa: 10<\/p>\n<p>NOVO!!<\/p>\n<p>*A medi\u00e7\u00e3o do chap\u00e9u \u00e9 feita em cent\u00edmetros, assim utilize uma fita m\u00e9trica em volta da sua cabe\u00e7a na altura da testa e dois dedos acima da orelha para saber o tamanho ideal do seu chap\u00e9u.<\/p>\n<p>Guia dos Tamanhos de Chap\u00e9us:<\/p>\n<p>P &#8211; 54\/55<\/p>\n<p>M &#8211; 56\/57<\/p>\n<p>G &#8211; 58\/59<\/p>\n","protected":false},"excerpt":{"rendered":"<p>Chap\u00e9u Country NOVO!! Pralana Classic 5x Campo III Aba 8,5 com a bandinha personalizada Chap\u00e9u utilizado pelo Gusttavo Lima em Barretos! A marca Pralana, sin\u00f4nimo de<span class=\"excerpt-hellip\"> [\u2026]<\/span><\/p>\n","protected":false},"featured_media":3741,"template":"","meta":{"_joinchat":[]},"product_brand":[],"product_cat":[61],"product_tag":[],"class_list":{"0":"post-3749","1":"product","2":"type-product","3":"status-publish","4":"has-post-thumbnail","6":"product_cat-muladeiro","8":"first","9":"instock","10":"shipping-taxable","11":"purchasable","12":"product-type-simple"},"_links":{"self":[{"href":"https:\/\/chapeucenter.com.br\/index\/wp-json\/wp\/v2\/product\/3749","targetHints":{"allow":["GET"]}}],"collection":[{"href":"https:\/\/chapeucenter.com.br\/index\/wp-json\/wp\/v2\/product"}],"about":[{"href":"https:\/\/chapeucenter.com.br\/index\/wp-json\/wp\/v2\/types\/product"}],"wp:featuredmedia":[{"embeddable":true,"href":"https:\/\/chapeucenter.com.br\/index\/wp-json\/wp\/v2\/media\/3741"}],"wp:attachment":[{"href":"https:\/\/chapeucenter.com.br\/index\/wp-json\/wp\/v2\/media?parent=3749"}],"wp:term":[{"taxonomy":"product_brand","embeddable":true,"href":"https:\/\/chapeucenter.com.br\/index\/wp-json\/wp\/v2\/product_brand?post=3749"},{"taxonomy":"product_cat","embeddable":true,"href":"https:\/\/chapeucenter.com.br\/index\/wp-json\/wp\/v2\/product_cat?post=3749"},{"taxonomy":"product_tag","embeddable":true,"href":"https:\/\/chapeucenter.com.br\/index\/wp-json\/wp\/v2\/product_tag?post=3749"}],"curies":[{"name":"wp","href":"https:\/\/api.w.org\/{rel}","templated":true}]}}