{"id":3495,"date":"2025-02-03T14:27:39","date_gmt":"2025-02-03T17:27:39","guid":{"rendered":"https:\/\/chapeucenter.com.br\/index\/produto\/chapeu-pralana-bangora-star-aba-10-tamanho-gg\/"},"modified":"2026-03-25T13:22:03","modified_gmt":"2026-03-25T16:22:03","slug":"chapeu-pralana-bangora-star-aba-10-tamanho-gg","status":"publish","type":"product","link":"https:\/\/chapeucenter.com.br\/index\/produto\/chapeu-pralana-bangora-star-aba-10-tamanho-gg\/","title":{"rendered":"CHAP\u00c9U PRALANA BANGORA STAR ABA 10 TAMANHO GG"},"content":{"rendered":"<p><span style=\"font-family: 'Proxima Nova', -apple-system, Roboto, Arial, sans-serif;font-size: 20px\">Chap\u00e9u Pralana Country Bangora Rodeo Star &#8211; Aba 10 cm<\/span><br style=\"font-family: 'Proxima Nova', -apple-system, Roboto, Arial, sans-serif;font-size: 20px\" \/><br style=\"font-family: 'Proxima Nova', -apple-system, Roboto, Arial, sans-serif;font-size: 20px\" \/><span style=\"font-family: 'Proxima Nova', -apple-system, Roboto, Arial, sans-serif;font-size: 20px\">Se voc\u00ea busca sofistica\u00e7\u00e3o e estilo incompar\u00e1veis, o Chap\u00e9u Pralana Bangora Rodeo Star \u00e9 a escolha perfeita. Com sua aba de 10 cm, ele combina eleg\u00e2ncia com um toque de modernidade.<\/span><br style=\"font-family: 'Proxima Nova', -apple-system, Roboto, Arial, sans-serif;font-size: 20px\" \/><br style=\"font-family: 'Proxima Nova', -apple-system, Roboto, Arial, sans-serif;font-size: 20px\" \/><span style=\"font-family: 'Proxima Nova', -apple-system, Roboto, Arial, sans-serif;font-size: 20px\">Especifica\u00e7\u00f5es T\u00e9cnicas:<\/span><br style=\"font-family: 'Proxima Nova', -apple-system, Roboto, Arial, sans-serif;font-size: 20px\" \/><br style=\"font-family: 'Proxima Nova', -apple-system, Roboto, Arial, sans-serif;font-size: 20px\" \/><span style=\"font-family: 'Proxima Nova', -apple-system, Roboto, Arial, sans-serif;font-size: 20px\">&#8211; A Pralana tem tecnologia desenvolvida pela experi\u00eancia de mais de uma d\u00e9cada na fabrica\u00e7\u00e3o de chap\u00e9us;<\/span><br style=\"font-family: 'Proxima Nova', -apple-system, Roboto, Arial, sans-serif;font-size: 20px\" \/><span style=\"font-family: 'Proxima Nova', -apple-system, Roboto, Arial, sans-serif;font-size: 20px\">&#8211; Possui fita em recouro com costura personalizada;<\/span><br style=\"font-family: 'Proxima Nova', -apple-system, Roboto, Arial, sans-serif;font-size: 20px\" \/><span style=\"font-family: 'Proxima Nova', -apple-system, Roboto, Arial, sans-serif;font-size: 20px\">&#8211; Produzido em 100% palha premium;<\/span><br style=\"font-family: 'Proxima Nova', -apple-system, Roboto, Arial, sans-serif;font-size: 20px\" \/><span style=\"font-family: 'Proxima Nova', -apple-system, Roboto, Arial, sans-serif;font-size: 20px\">&#8211; Largura da aba 10 cm;<\/span><br style=\"font-family: 'Proxima Nova', -apple-system, Roboto, Arial, sans-serif;font-size: 20px\" \/><span style=\"font-family: 'Proxima Nova', -apple-system, Roboto, Arial, sans-serif;font-size: 20px\">&#8211; Altura da copa 13 cm;<\/span><br style=\"font-family: 'Proxima Nova', -apple-system, Roboto, Arial, sans-serif;font-size: 20px\" \/><span style=\"font-family: 'Proxima Nova', -apple-system, Roboto, Arial, sans-serif;font-size: 20px\">&#8211; Carneira em el\u00e1stico, que veste muito bem, proporcionando mais conforto;<\/span><br style=\"font-family: 'Proxima Nova', -apple-system, Roboto, Arial, sans-serif;font-size: 20px\" \/><span style=\"font-family: 'Proxima Nova', -apple-system, Roboto, Arial, sans-serif;font-size: 20px\">&#8211; Chap\u00e9u ideal para eventos country, afters e rodeios<\/span><br style=\"font-family: 'Proxima Nova', -apple-system, Roboto, Arial, sans-serif;font-size: 20px\" \/><br style=\"font-family: 'Proxima Nova', -apple-system, Roboto, Arial, sans-serif;font-size: 20px\" \/><br style=\"font-family: 'Proxima Nova', -apple-system, Roboto, Arial, sans-serif;font-size: 20px\" \/><br style=\"font-family: 'Proxima Nova', -apple-system, Roboto, Arial, sans-serif;font-size: 20px\" \/><span style=\"font-family: 'Proxima Nova', -apple-system, Roboto, Arial, sans-serif;font-size: 20px\">Composi\u00e7\u00e3o: &#8211; 100% palha premium; (fibra de celulose)<\/span><br style=\"font-family: 'Proxima Nova', -apple-system, Roboto, Arial, sans-serif;font-size: 20px\" \/><br style=\"font-family: 'Proxima Nova', -apple-system, Roboto, Arial, sans-serif;font-size: 20px\" \/><br style=\"font-family: 'Proxima Nova', -apple-system, Roboto, Arial, sans-serif;font-size: 20px\" \/><span style=\"font-family: 'Proxima Nova', -apple-system, Roboto, Arial, sans-serif;font-size: 20px\">Tabela de medidas:<\/span><br style=\"font-family: 'Proxima Nova', -apple-system, Roboto, Arial, sans-serif;font-size: 20px\" \/><br style=\"font-family: 'Proxima Nova', -apple-system, Roboto, Arial, sans-serif;font-size: 20px\" \/><span style=\"font-family: 'Proxima Nova', -apple-system, Roboto, Arial, sans-serif;font-size: 20px\">&#8211; Tamanho PP \u2013 52\/53 cm;<\/span><br style=\"font-family: 'Proxima Nova', -apple-system, Roboto, Arial, sans-serif;font-size: 20px\" \/><span style=\"font-family: 'Proxima Nova', -apple-system, Roboto, Arial, sans-serif;font-size: 20px\">&#8211; Tamanho P \u2013 54\/55 cm;<\/span><br style=\"font-family: 'Proxima Nova', -apple-system, Roboto, Arial, sans-serif;font-size: 20px\" \/><span style=\"font-family: 'Proxima Nova', -apple-system, Roboto, Arial, sans-serif;font-size: 20px\">&#8211; Tamanho M \u2013 56\/57 cm;<\/span><br style=\"font-family: 'Proxima Nova', -apple-system, Roboto, Arial, sans-serif;font-size: 20px\" \/><span style=\"font-family: 'Proxima Nova', -apple-system, Roboto, Arial, sans-serif;font-size: 20px\">&#8211; Tamanho G \u2013 58\/59 cm;<\/span><br style=\"font-family: 'Proxima Nova', -apple-system, Roboto, Arial, sans-serif;font-size: 20px\" \/><span style=\"font-family: 'Proxima Nova', -apple-system, Roboto, Arial, sans-serif;font-size: 20px\">&#8211; Tamanho GG \u2013 60\/61 cm;<\/span><\/p>\n","protected":false},"excerpt":{"rendered":"<p>Chap\u00e9u Pralana Country Bangora Rodeo Star &#8211; Aba 10 cmSe voc\u00ea busca sofistica\u00e7\u00e3o e estilo incompar\u00e1veis, o Chap\u00e9u Pralana Bangora Rodeo Star \u00e9 a escolha perfeita.<span class=\"excerpt-hellip\"> [\u2026]<\/span><\/p>\n","protected":false},"featured_media":3494,"template":"","meta":{"_joinchat":[]},"product_brand":[],"product_cat":[70],"product_tag":[],"class_list":{"0":"post-3495","1":"product","2":"type-product","3":"status-publish","4":"has-post-thumbnail","6":"product_cat-bangora-star","8":"first","9":"instock","10":"shipping-taxable","11":"purchasable","12":"product-type-simple"},"_links":{"self":[{"href":"https:\/\/chapeucenter.com.br\/index\/wp-json\/wp\/v2\/product\/3495","targetHints":{"allow":["GET"]}}],"collection":[{"href":"https:\/\/chapeucenter.com.br\/index\/wp-json\/wp\/v2\/product"}],"about":[{"href":"https:\/\/chapeucenter.com.br\/index\/wp-json\/wp\/v2\/types\/product"}],"wp:featuredmedia":[{"embeddable":true,"href":"https:\/\/chapeucenter.com.br\/index\/wp-json\/wp\/v2\/media\/3494"}],"wp:attachment":[{"href":"https:\/\/chapeucenter.com.br\/index\/wp-json\/wp\/v2\/media?parent=3495"}],"wp:term":[{"taxonomy":"product_brand","embeddable":true,"href":"https:\/\/chapeucenter.com.br\/index\/wp-json\/wp\/v2\/product_brand?post=3495"},{"taxonomy":"product_cat","embeddable":true,"href":"https:\/\/chapeucenter.com.br\/index\/wp-json\/wp\/v2\/product_cat?post=3495"},{"taxonomy":"product_tag","embeddable":true,"href":"https:\/\/chapeucenter.com.br\/index\/wp-json\/wp\/v2\/product_tag?post=3495"}],"curies":[{"name":"wp","href":"https:\/\/api.w.org\/{rel}","templated":true}]}}