{"id":2909,"date":"2024-11-28T16:33:02","date_gmt":"2024-11-28T19:33:02","guid":{"rendered":"https:\/\/chapeucenter.com.br\/index\/produto\/chapeu-mangalarga-marchador-bege-personalizado-original-pralana-m\/"},"modified":"2026-04-01T18:20:17","modified_gmt":"2026-04-01T21:20:17","slug":"chapeu-mangalarga-marchador-bege-personalizado-original-pralana-m","status":"publish","type":"product","link":"https:\/\/chapeucenter.com.br\/index\/produto\/chapeu-mangalarga-marchador-bege-personalizado-original-pralana-m\/","title":{"rendered":"Chap\u00e9u Mangalarga Marchador Bege Personalizado Original Pralana M"},"content":{"rendered":"<p>CHAP\u00c9U PERSONALIZADO MANGALARGA MARCHADOR ORIGINAL PRALANA<\/p>\n<p>-MARCA: PRALANA<\/p>\n<p>-MATERIAL:CHAP\u00c9U EM FELTRO 100% L\u00c3<\/p>\n","protected":false},"excerpt":{"rendered":"<p>CHAP\u00c9U PERSONALIZADO MANGALARGA MARCHADOR ORIGINAL PRALANA -MARCA: PRALANA -MATERIAL:CHAP\u00c9U EM FELTRO 100% L\u00c3<\/p>\n","protected":false},"featured_media":2905,"template":"","meta":{"_joinchat":[]},"product_brand":[],"product_cat":[24],"product_tag":[],"class_list":{"0":"post-2909","1":"product","2":"type-product","3":"status-publish","4":"has-post-thumbnail","6":"product_cat-promocoes","8":"first","9":"instock","10":"shipping-taxable","11":"purchasable","12":"product-type-simple"},"_links":{"self":[{"href":"https:\/\/chapeucenter.com.br\/index\/wp-json\/wp\/v2\/product\/2909","targetHints":{"allow":["GET"]}}],"collection":[{"href":"https:\/\/chapeucenter.com.br\/index\/wp-json\/wp\/v2\/product"}],"about":[{"href":"https:\/\/chapeucenter.com.br\/index\/wp-json\/wp\/v2\/types\/product"}],"wp:featuredmedia":[{"embeddable":true,"href":"https:\/\/chapeucenter.com.br\/index\/wp-json\/wp\/v2\/media\/2905"}],"wp:attachment":[{"href":"https:\/\/chapeucenter.com.br\/index\/wp-json\/wp\/v2\/media?parent=2909"}],"wp:term":[{"taxonomy":"product_brand","embeddable":true,"href":"https:\/\/chapeucenter.com.br\/index\/wp-json\/wp\/v2\/product_brand?post=2909"},{"taxonomy":"product_cat","embeddable":true,"href":"https:\/\/chapeucenter.com.br\/index\/wp-json\/wp\/v2\/product_cat?post=2909"},{"taxonomy":"product_tag","embeddable":true,"href":"https:\/\/chapeucenter.com.br\/index\/wp-json\/wp\/v2\/product_tag?post=2909"}],"curies":[{"name":"wp","href":"https:\/\/api.w.org\/{rel}","templated":true}]}}