{"id":2899,"date":"2024-11-28T16:32:17","date_gmt":"2024-11-28T19:32:17","guid":{"rendered":"https:\/\/chapeucenter.com.br\/index\/produto\/chapeu-mangalarga-marchador-bege-personalizado-original-pralana-gg\/"},"modified":"2026-03-25T13:17:08","modified_gmt":"2026-03-25T16:17:08","slug":"chapeu-mangalarga-marchador-bege-personalizado-original-pralana-gg","status":"publish","type":"product","link":"https:\/\/chapeucenter.com.br\/index\/produto\/chapeu-mangalarga-marchador-bege-personalizado-original-pralana-gg\/","title":{"rendered":"Chap\u00e9u Mangalarga Marchador Bege Personalizado Original Pralana GG"},"content":{"rendered":"<p>CHAP\u00c9U PERSONALIZADO MANGALARGA MARCHADOR ORIGINAL PRALANA<\/p>\n<p>-MARCA: PRALANA<\/p>\n<p>-MATERIAL:CHAP\u00c9U EM FELTRO 100% L\u00c3<\/p>\n","protected":false},"excerpt":{"rendered":"<p>CHAP\u00c9U PERSONALIZADO MANGALARGA MARCHADOR ORIGINAL PRALANA -MARCA: PRALANA -MATERIAL:CHAP\u00c9U EM FELTRO 100% L\u00c3<\/p>\n","protected":false},"featured_media":2895,"template":"","meta":{"_joinchat":[]},"product_brand":[],"product_cat":[24],"product_tag":[],"class_list":{"0":"post-2899","1":"product","2":"type-product","3":"status-publish","4":"has-post-thumbnail","6":"product_cat-promocoes","8":"first","9":"instock","10":"shipping-taxable","11":"purchasable","12":"product-type-simple"},"_links":{"self":[{"href":"https:\/\/chapeucenter.com.br\/index\/wp-json\/wp\/v2\/product\/2899","targetHints":{"allow":["GET"]}}],"collection":[{"href":"https:\/\/chapeucenter.com.br\/index\/wp-json\/wp\/v2\/product"}],"about":[{"href":"https:\/\/chapeucenter.com.br\/index\/wp-json\/wp\/v2\/types\/product"}],"wp:featuredmedia":[{"embeddable":true,"href":"https:\/\/chapeucenter.com.br\/index\/wp-json\/wp\/v2\/media\/2895"}],"wp:attachment":[{"href":"https:\/\/chapeucenter.com.br\/index\/wp-json\/wp\/v2\/media?parent=2899"}],"wp:term":[{"taxonomy":"product_brand","embeddable":true,"href":"https:\/\/chapeucenter.com.br\/index\/wp-json\/wp\/v2\/product_brand?post=2899"},{"taxonomy":"product_cat","embeddable":true,"href":"https:\/\/chapeucenter.com.br\/index\/wp-json\/wp\/v2\/product_cat?post=2899"},{"taxonomy":"product_tag","embeddable":true,"href":"https:\/\/chapeucenter.com.br\/index\/wp-json\/wp\/v2\/product_tag?post=2899"}],"curies":[{"name":"wp","href":"https:\/\/api.w.org\/{rel}","templated":true}]}}