{"id":2299,"date":"2024-11-05T10:34:45","date_gmt":"2024-11-05T13:34:45","guid":{"rendered":"https:\/\/chapeucenter.com.br\/index\/produto\/chapeu-pralana-5x-campo-aba-10-cinza-escuro-gg\/"},"modified":"2026-03-25T13:11:00","modified_gmt":"2026-03-25T16:11:00","slug":"chapeu-pralana-5x-campo-aba-10-cinza-escuro-gg","status":"publish","type":"product","link":"https:\/\/chapeucenter.com.br\/index\/produto\/chapeu-pralana-5x-campo-aba-10-cinza-escuro-gg\/","title":{"rendered":"CHAPEU PRALANA 5X CAMPO ABA 10 CINZA ESCURO GG"},"content":{"rendered":"<p><span style=\"color: #3f4254;font-family: Montserrat, sans-serif;font-size: 13px\">O modelo Classic 5X \u00e9 fabricado em feltro 100% l\u00e3 e possui um acabamento nobre, est\u00e1 muito em alta no momento sendo usado por grandes nomes do sertanejo como por exemplo Gu&#8230;&#8230;&#8230;&#8230;&#8230;. Possui copa 11,5 com banda de couro com detalhes em nylon e aplica\u00e7\u00f5es em metal no formato de estrelas. Um modelo sofisticado e de alt\u00edssima qualidade, seguindo o padr\u00e3o da marca. Para quem quer ser elegante ao escolher o chap\u00e9u perfeito. Merece uma aten\u00e7\u00e3o especial afinal ele \u00e9 muito mais que um acess\u00f3rio, ele \u00e9 a tradu\u00e7\u00e3o da sua personalidade.\u00a0<\/span><br style=\"color: #3f4254;font-family: Montserrat, sans-serif;font-size: 13px\" \/><br style=\"color: #3f4254;font-family: Montserrat, sans-serif;font-size: 13px\" \/><span style=\"color: #3f4254;font-family: Montserrat, sans-serif;font-size: 13px\">-Modelo: Classic 5X<\/span><br style=\"color: #3f4254;font-family: Montserrat, sans-serif;font-size: 13px\" \/><br style=\"color: #3f4254;font-family: Montserrat, sans-serif;font-size: 13px\" \/><span style=\"color: #3f4254;font-family: Montserrat, sans-serif;font-size: 13px\">&#8211; Marca: Pralana<\/span><br style=\"color: #3f4254;font-family: Montserrat, sans-serif;font-size: 13px\" \/><br style=\"color: #3f4254;font-family: Montserrat, sans-serif;font-size: 13px\" \/><span style=\"color: #3f4254;font-family: Montserrat, sans-serif;font-size: 13px\">-Cor: Cinza Escuro<\/span><br style=\"color: #3f4254;font-family: Montserrat, sans-serif;font-size: 13px\" \/><br style=\"color: #3f4254;font-family: Montserrat, sans-serif;font-size: 13px\" \/><span style=\"color: #3f4254;font-family: Montserrat, sans-serif;font-size: 13px\">-Material: Chap\u00e9u em Feltro 100% l\u00e3<\/span><\/p>\n","protected":false},"excerpt":{"rendered":"<p>O modelo Classic 5X \u00e9 fabricado em feltro 100% l\u00e3 e possui um acabamento nobre, est\u00e1 muito em alta no momento sendo usado por grandes nomes<span class=\"excerpt-hellip\"> [\u2026]<\/span><\/p>\n","protected":false},"featured_media":2297,"template":"","meta":{"_joinchat":[]},"product_brand":[],"product_cat":[33],"product_tag":[],"class_list":{"0":"post-2299","1":"product","2":"type-product","3":"status-publish","4":"has-post-thumbnail","6":"product_cat-5x-campo-aba-10","8":"first","9":"instock","10":"shipping-taxable","11":"purchasable","12":"product-type-simple"},"_links":{"self":[{"href":"https:\/\/chapeucenter.com.br\/index\/wp-json\/wp\/v2\/product\/2299","targetHints":{"allow":["GET"]}}],"collection":[{"href":"https:\/\/chapeucenter.com.br\/index\/wp-json\/wp\/v2\/product"}],"about":[{"href":"https:\/\/chapeucenter.com.br\/index\/wp-json\/wp\/v2\/types\/product"}],"wp:featuredmedia":[{"embeddable":true,"href":"https:\/\/chapeucenter.com.br\/index\/wp-json\/wp\/v2\/media\/2297"}],"wp:attachment":[{"href":"https:\/\/chapeucenter.com.br\/index\/wp-json\/wp\/v2\/media?parent=2299"}],"wp:term":[{"taxonomy":"product_brand","embeddable":true,"href":"https:\/\/chapeucenter.com.br\/index\/wp-json\/wp\/v2\/product_brand?post=2299"},{"taxonomy":"product_cat","embeddable":true,"href":"https:\/\/chapeucenter.com.br\/index\/wp-json\/wp\/v2\/product_cat?post=2299"},{"taxonomy":"product_tag","embeddable":true,"href":"https:\/\/chapeucenter.com.br\/index\/wp-json\/wp\/v2\/product_tag?post=2299"}],"curies":[{"name":"wp","href":"https:\/\/api.w.org\/{rel}","templated":true}]}}