{"id":226,"date":"2024-07-19T08:05:03","date_gmt":"2024-07-19T11:05:03","guid":{"rendered":"https:\/\/chapeucenter.com.br\/index\/produto\/chapeu-pralana-campo-raiz-aba-reta-8-5cm-cafe-p\/"},"modified":"2026-03-25T12:49:50","modified_gmt":"2026-03-25T15:49:50","slug":"chapeu-pralana-campo-raiz-aba-reta-8-5cm-cafe-p","status":"publish","type":"product","link":"https:\/\/chapeucenter.com.br\/index\/produto\/chapeu-pralana-campo-raiz-aba-reta-8-5cm-cafe-p\/","title":{"rendered":"Chapeu Pralana Campo Raiz Aba Reta 8.5cm Cafe P"},"content":{"rendered":"<p><span style=\"color: #3f4254;font-family: Montserrat, sans-serif;font-size: 13px\">O modelo Campo Raiz \u00e9 fabricado em feltro 100% l\u00e3 e possui um acabamento nobre e com forro.Est\u00e1 muito em alta no momento sendo usado por grandes nomes do sertanejo. Possui copa 11,5 com banda de couro com detalhes em nylon e pena. Um modelo sofisticado e de alt\u00edssima qualidade, seguindo o padr\u00e3o da marca. Para quem quer ser elegante ao escolher o chap\u00e9u perfeito. Merece uma aten\u00e7\u00e3o especial afinal ele \u00e9 muito mais que um acess\u00f3rio, ele \u00e9 a tradu\u00e7\u00e3o da sua personalidade.\u00a0<\/span><br style=\"color: #3f4254;font-family: Montserrat, sans-serif;font-size: 13px\" \/><br style=\"color: #3f4254;font-family: Montserrat, sans-serif;font-size: 13px\" \/><span style=\"color: #3f4254;font-family: Montserrat, sans-serif;font-size: 13px\">-Modelo: Campo raiz<\/span><br style=\"color: #3f4254;font-family: Montserrat, sans-serif;font-size: 13px\" \/><br style=\"color: #3f4254;font-family: Montserrat, sans-serif;font-size: 13px\" \/><span style=\"color: #3f4254;font-family: Montserrat, sans-serif;font-size: 13px\">&#8211; Marca: Pralana<\/span><br style=\"color: #3f4254;font-family: Montserrat, sans-serif;font-size: 13px\" \/><br style=\"color: #3f4254;font-family: Montserrat, sans-serif;font-size: 13px\" \/><span style=\"color: #3f4254;font-family: Montserrat, sans-serif;font-size: 13px\">-Cor: Marrom, Bege<\/span><br style=\"color: #3f4254;font-family: Montserrat, sans-serif;font-size: 13px\" \/><br style=\"color: #3f4254;font-family: Montserrat, sans-serif;font-size: 13px\" \/><span style=\"color: #3f4254;font-family: Montserrat, sans-serif;font-size: 13px\">-Material: Chap\u00e9u em Feltro 100% l\u00e3<\/span><br style=\"color: #3f4254;font-family: Montserrat, sans-serif;font-size: 13px\" \/><br style=\"color: #3f4254;font-family: Montserrat, sans-serif;font-size: 13px\" \/><br style=\"color: #3f4254;font-family: Montserrat, sans-serif;font-size: 13px\" \/><span style=\"color: #3f4254;font-family: Montserrat, sans-serif;font-size: 13px\">*A medi\u00e7\u00e3o do chap\u00e9u \u00e9 feita em cent\u00edmetros, assim utilize uma fita m\u00e9trica em volta da sua cabe\u00e7a na altura da testa e dois dedos acima da orelha para saber o tamanho ideal do seu chap\u00e9u.<\/span><br style=\"color: #3f4254;font-family: Montserrat, sans-serif;font-size: 13px\" \/><br style=\"color: #3f4254;font-family: Montserrat, sans-serif;font-size: 13px\" \/><span style=\"color: #3f4254;font-family: Montserrat, sans-serif;font-size: 13px\">Guia dos Tamanhos de Chap\u00e9us:<\/span><br style=\"color: #3f4254;font-family: Montserrat, sans-serif;font-size: 13px\" \/><br style=\"color: #3f4254;font-family: Montserrat, sans-serif;font-size: 13px\" \/><span style=\"color: #3f4254;font-family: Montserrat, sans-serif;font-size: 13px\">PP &#8211; 52\/53<\/span><br style=\"color: #3f4254;font-family: Montserrat, sans-serif;font-size: 13px\" \/><span style=\"color: #3f4254;font-family: Montserrat, sans-serif;font-size: 13px\">P &#8211; 54\/55<\/span><br style=\"color: #3f4254;font-family: Montserrat, sans-serif;font-size: 13px\" \/><span style=\"color: #3f4254;font-family: Montserrat, sans-serif;font-size: 13px\">M &#8211; 56\/57<\/span><br style=\"color: #3f4254;font-family: Montserrat, sans-serif;font-size: 13px\" \/><span style=\"color: #3f4254;font-family: Montserrat, sans-serif;font-size: 13px\">G &#8211; 58\/59<\/span><br style=\"color: #3f4254;font-family: Montserrat, sans-serif;font-size: 13px\" \/><span style=\"color: #3f4254;font-family: Montserrat, sans-serif;font-size: 13px\">GG &#8211; 60\/61<\/span><\/p>\n","protected":false},"excerpt":{"rendered":"<p>O modelo Campo Raiz \u00e9 fabricado em feltro 100% l\u00e3 e possui um acabamento nobre e com forro.Est\u00e1 muito em alta no momento sendo usado por<span class=\"excerpt-hellip\"> [\u2026]<\/span><\/p>\n","protected":false},"featured_media":3529,"template":"","meta":{"_joinchat":[]},"product_brand":[],"product_cat":[47],"product_tag":[],"class_list":{"0":"post-226","1":"product","2":"type-product","3":"status-publish","4":"has-post-thumbnail","6":"product_cat-campo-raiz-aba-8-5","8":"first","9":"instock","10":"shipping-taxable","11":"purchasable","12":"product-type-simple"},"_links":{"self":[{"href":"https:\/\/chapeucenter.com.br\/index\/wp-json\/wp\/v2\/product\/226","targetHints":{"allow":["GET"]}}],"collection":[{"href":"https:\/\/chapeucenter.com.br\/index\/wp-json\/wp\/v2\/product"}],"about":[{"href":"https:\/\/chapeucenter.com.br\/index\/wp-json\/wp\/v2\/types\/product"}],"wp:featuredmedia":[{"embeddable":true,"href":"https:\/\/chapeucenter.com.br\/index\/wp-json\/wp\/v2\/media\/3529"}],"wp:attachment":[{"href":"https:\/\/chapeucenter.com.br\/index\/wp-json\/wp\/v2\/media?parent=226"}],"wp:term":[{"taxonomy":"product_brand","embeddable":true,"href":"https:\/\/chapeucenter.com.br\/index\/wp-json\/wp\/v2\/product_brand?post=226"},{"taxonomy":"product_cat","embeddable":true,"href":"https:\/\/chapeucenter.com.br\/index\/wp-json\/wp\/v2\/product_cat?post=226"},{"taxonomy":"product_tag","embeddable":true,"href":"https:\/\/chapeucenter.com.br\/index\/wp-json\/wp\/v2\/product_tag?post=226"}],"curies":[{"name":"wp","href":"https:\/\/api.w.org\/{rel}","templated":true}]}}