{"id":1899,"date":"2024-10-02T08:42:59","date_gmt":"2024-10-02T11:42:59","guid":{"rendered":"https:\/\/chapeucenter.com.br\/index\/produto\/chapeu-muladeiro-cor-areia-personalizado-aba-grande-tam-59\/"},"modified":"2026-03-25T13:07:38","modified_gmt":"2026-03-25T16:07:38","slug":"chapeu-muladeiro-cor-areia-personalizado-aba-grande-tam-59","status":"publish","type":"product","link":"https:\/\/chapeucenter.com.br\/index\/produto\/chapeu-muladeiro-cor-areia-personalizado-aba-grande-tam-59\/","title":{"rendered":"CHAP\u00c9U MULADEIRO COR AREIA PERSONALIZADO ABA GRANDE TAM 59"},"content":{"rendered":"<p>Chap\u00e9u Muladeiro Aba Grande Pralana<\/p>\n<p>A marca Pralana, sin\u00f4nimo de qualidade no mercado de chap\u00e9us, confecciona seus produtos com materiais de alt\u00edssima qualidade, que lhe conferem alta durabilidade, acabamento diferenciado, conforto e estilo, proporcionando o melhor da moda country para os seus clientes.<\/p>\n<p>Caracter\u00edsticas do produto:<\/p>\n<p>Marca: Pralana<\/p>\n<p>Modelo: Champion Biplay II<\/p>\n<p>Material: Fabricado em feltro 100% l\u00e3 importada em sua composi\u00e7\u00e3o externa e o forro em 100% poli\u00e9ster<\/p>\n<p>Aba e copa: 13 cm<\/p>\n<p>Constru\u00e7\u00e3o: Chap\u00e9u 30X com banda em recouro com detalhe conforme\u00a0 e carneira em recouro forrada.<\/p>\n<p>-A medi\u00e7\u00e3o do chap\u00e9u \u00e9 feita em cent\u00edmetros, assim utilize uma fita m\u00e9trica em volta da sua cabe\u00e7a na altura da testa e dois dedos acima da orelha para saber o tamanho ideal do seu chap\u00e9u.<\/p>\n<p>-Caixa Personalizada Pralana.<\/p>\n","protected":false},"excerpt":{"rendered":"<p>Chap\u00e9u Muladeiro Aba Grande Pralana A marca Pralana, sin\u00f4nimo de qualidade no mercado de chap\u00e9us, confecciona seus produtos com materiais de alt\u00edssima qualidade, que lhe conferem<span class=\"excerpt-hellip\"> [\u2026]<\/span><\/p>\n","protected":false},"featured_media":1897,"template":"","meta":{"_joinchat":[]},"product_brand":[],"product_cat":[61],"product_tag":[],"class_list":{"0":"post-1899","1":"product","2":"type-product","3":"status-publish","4":"has-post-thumbnail","6":"product_cat-muladeiro","8":"first","9":"outofstock","10":"shipping-taxable","11":"purchasable","12":"product-type-simple"},"_links":{"self":[{"href":"https:\/\/chapeucenter.com.br\/index\/wp-json\/wp\/v2\/product\/1899","targetHints":{"allow":["GET"]}}],"collection":[{"href":"https:\/\/chapeucenter.com.br\/index\/wp-json\/wp\/v2\/product"}],"about":[{"href":"https:\/\/chapeucenter.com.br\/index\/wp-json\/wp\/v2\/types\/product"}],"wp:featuredmedia":[{"embeddable":true,"href":"https:\/\/chapeucenter.com.br\/index\/wp-json\/wp\/v2\/media\/1897"}],"wp:attachment":[{"href":"https:\/\/chapeucenter.com.br\/index\/wp-json\/wp\/v2\/media?parent=1899"}],"wp:term":[{"taxonomy":"product_brand","embeddable":true,"href":"https:\/\/chapeucenter.com.br\/index\/wp-json\/wp\/v2\/product_brand?post=1899"},{"taxonomy":"product_cat","embeddable":true,"href":"https:\/\/chapeucenter.com.br\/index\/wp-json\/wp\/v2\/product_cat?post=1899"},{"taxonomy":"product_tag","embeddable":true,"href":"https:\/\/chapeucenter.com.br\/index\/wp-json\/wp\/v2\/product_tag?post=1899"}],"curies":[{"name":"wp","href":"https:\/\/api.w.org\/{rel}","templated":true}]}}