{"id":1896,"date":"2024-10-01T17:19:46","date_gmt":"2024-10-01T20:19:46","guid":{"rendered":"https:\/\/chapeucenter.com.br\/index\/produto\/chapeu-muladeiro-3-cravos-marrom-personalizado-aba-grande-tam-62\/"},"modified":"2026-04-13T08:24:40","modified_gmt":"2026-04-13T11:24:40","slug":"chapeu-muladeiro-3-cravos-marrom-personalizado-aba-grande-tam-62","status":"publish","type":"product","link":"https:\/\/chapeucenter.com.br\/index\/produto\/chapeu-muladeiro-3-cravos-marrom-personalizado-aba-grande-tam-62\/","title":{"rendered":"CHAP\u00c9U MULADEIRO 3 CRAVOS MARROM PERSONALIZADO ABA GRANDE TAM 62"},"content":{"rendered":"<p>Chap\u00e9u Muladeiro 3 Cravos Aba Grande Pralana<\/p>\n<p>A marca Pralana, sin\u00f4nimo de qualidade no mercado de chap\u00e9us, confecciona seus produtos com materiais de alt\u00edssima qualidade, que lhe conferem alta durabilidade, acabamento diferenciado, conforto e estilo, proporcionando o melhor da moda country para os seus clientes.<\/p>\n<p>Caracter\u00edsticas do produto:<\/p>\n<p>Marca: Pralana<\/p>\n<p>Modelo: Champion Biplay II<\/p>\n<p>Material: Fabricado em feltro 100% l\u00e3 importada em sua composi\u00e7\u00e3o externa e o forro em 100% poli\u00e9ster<\/p>\n<p>Aba e copa: 13 cm<\/p>\n<p>Constru\u00e7\u00e3o: Chap\u00e9u 30X com banda em recouro com detalhe conforme\u00a0 e carneira em recouro forrada.<\/p>\n<p>-A medi\u00e7\u00e3o do chap\u00e9u \u00e9 feita em cent\u00edmetros, assim utilize uma fita m\u00e9trica em volta da sua cabe\u00e7a na altura da testa e dois dedos acima da orelha para saber o tamanho ideal do seu chap\u00e9u.<\/p>\n<p>-Caixa Personalizada Pralana.<\/p>\n","protected":false},"excerpt":{"rendered":"<p>Chap\u00e9u Muladeiro 3 Cravos Aba Grande Pralana A marca Pralana, sin\u00f4nimo de qualidade no mercado de chap\u00e9us, confecciona seus produtos com materiais de alt\u00edssima qualidade, que<span class=\"excerpt-hellip\"> [\u2026]<\/span><\/p>\n","protected":false},"featured_media":1892,"template":"","meta":{"_joinchat":[]},"product_brand":[],"product_cat":[61],"product_tag":[],"class_list":{"0":"post-1896","1":"product","2":"type-product","3":"status-publish","4":"has-post-thumbnail","6":"product_cat-muladeiro","8":"first","9":"instock","10":"shipping-taxable","11":"purchasable","12":"product-type-simple"},"_links":{"self":[{"href":"https:\/\/chapeucenter.com.br\/index\/wp-json\/wp\/v2\/product\/1896","targetHints":{"allow":["GET"]}}],"collection":[{"href":"https:\/\/chapeucenter.com.br\/index\/wp-json\/wp\/v2\/product"}],"about":[{"href":"https:\/\/chapeucenter.com.br\/index\/wp-json\/wp\/v2\/types\/product"}],"wp:featuredmedia":[{"embeddable":true,"href":"https:\/\/chapeucenter.com.br\/index\/wp-json\/wp\/v2\/media\/1892"}],"wp:attachment":[{"href":"https:\/\/chapeucenter.com.br\/index\/wp-json\/wp\/v2\/media?parent=1896"}],"wp:term":[{"taxonomy":"product_brand","embeddable":true,"href":"https:\/\/chapeucenter.com.br\/index\/wp-json\/wp\/v2\/product_brand?post=1896"},{"taxonomy":"product_cat","embeddable":true,"href":"https:\/\/chapeucenter.com.br\/index\/wp-json\/wp\/v2\/product_cat?post=1896"},{"taxonomy":"product_tag","embeddable":true,"href":"https:\/\/chapeucenter.com.br\/index\/wp-json\/wp\/v2\/product_tag?post=1896"}],"curies":[{"name":"wp","href":"https:\/\/api.w.org\/{rel}","templated":true}]}}