{"id":1840,"date":"2024-10-01T17:07:42","date_gmt":"2024-10-01T20:07:42","guid":{"rendered":"https:\/\/chapeucenter.com.br\/index\/produto\/chapeu-personalizado-aba-75-london-luxury-p\/"},"modified":"2026-03-25T13:07:08","modified_gmt":"2026-03-25T16:07:08","slug":"chapeu-personalizado-aba-75-london-luxury-p","status":"publish","type":"product","link":"https:\/\/chapeucenter.com.br\/index\/produto\/chapeu-personalizado-aba-75-london-luxury-p\/","title":{"rendered":"CHAP\u00c9U PERSONALIZADO ABA 7,5 LONDON LUXURY P"},"content":{"rendered":"<p>CHAP\u00c9U PERSONALIZADO LONDON LUXURY ORIGINAL<\/p>\n<p>A PERSONALIZA\u00c7\u00c3O \u00c9 FEITA EM CIMA DO 5X CAMPO ABA 7,5 CINZA DA PRALANA<\/p>\n<p>Caracter\u00edsticas do produto:<\/p>\n<p>Marca: Pralana<\/p>\n<p>Modelo: London Luxury<\/p>\n<p>Cor: Cinza<\/p>\n<p>Material: Fabricado em feltro 100% l\u00e3 importada em sua composi\u00e7\u00e3o externa.<\/p>\n<p>L\u00e3 (Feltro): R\u00edgido<\/p>\n<p>Aba: 7,5<\/p>\n<p>Copa: 10<\/p>\n<p>*A medi\u00e7\u00e3o do chap\u00e9u \u00e9 feita em cent\u00edmetros, assim utilize uma fita m\u00e9trica em volta da sua cabe\u00e7a na altura da testa e dois dedos acima da orelha para saber o tamanho ideal do seu chap\u00e9u.<\/p>\n<p>55-56 P<\/p>\n<p>57-58 M<\/p>\n<p>59-60 G<\/p>\n<p>61-62 GG<\/p>\n","protected":false},"excerpt":{"rendered":"<p>CHAP\u00c9U PERSONALIZADO LONDON LUXURY ORIGINAL A PERSONALIZA\u00c7\u00c3O \u00c9 FEITA EM CIMA DO 5X CAMPO ABA 7,5 CINZA DA PRALANA Caracter\u00edsticas do produto: Marca: Pralana Modelo: London<span class=\"excerpt-hellip\"> [\u2026]<\/span><\/p>\n","protected":false},"featured_media":1837,"template":"","meta":{"_joinchat":[]},"product_brand":[],"product_cat":[64],"product_tag":[],"class_list":{"0":"post-1840","1":"product","2":"type-product","3":"status-publish","4":"has-post-thumbnail","6":"product_cat-london","8":"first","9":"instock","10":"shipping-taxable","11":"purchasable","12":"product-type-simple"},"_links":{"self":[{"href":"https:\/\/chapeucenter.com.br\/index\/wp-json\/wp\/v2\/product\/1840","targetHints":{"allow":["GET"]}}],"collection":[{"href":"https:\/\/chapeucenter.com.br\/index\/wp-json\/wp\/v2\/product"}],"about":[{"href":"https:\/\/chapeucenter.com.br\/index\/wp-json\/wp\/v2\/types\/product"}],"wp:featuredmedia":[{"embeddable":true,"href":"https:\/\/chapeucenter.com.br\/index\/wp-json\/wp\/v2\/media\/1837"}],"wp:attachment":[{"href":"https:\/\/chapeucenter.com.br\/index\/wp-json\/wp\/v2\/media?parent=1840"}],"wp:term":[{"taxonomy":"product_brand","embeddable":true,"href":"https:\/\/chapeucenter.com.br\/index\/wp-json\/wp\/v2\/product_brand?post=1840"},{"taxonomy":"product_cat","embeddable":true,"href":"https:\/\/chapeucenter.com.br\/index\/wp-json\/wp\/v2\/product_cat?post=1840"},{"taxonomy":"product_tag","embeddable":true,"href":"https:\/\/chapeucenter.com.br\/index\/wp-json\/wp\/v2\/product_tag?post=1840"}],"curies":[{"name":"wp","href":"https:\/\/api.w.org\/{rel}","templated":true}]}}