{"id":1773,"date":"2024-09-13T09:46:33","date_gmt":"2024-09-13T12:46:33","guid":{"rendered":"https:\/\/chapeucenter.com.br\/index\/produto\/pena-prateada-para-personalizacao\/"},"modified":"2026-04-06T20:00:21","modified_gmt":"2026-04-06T23:00:21","slug":"pena-prateada-para-personalizacao","status":"publish","type":"product","link":"https:\/\/chapeucenter.com.br\/index\/produto\/pena-prateada-para-personalizacao\/","title":{"rendered":"PENA PRATEADA PARA PERSONALIZACAO"},"content":{"rendered":"<p>PENA PRATEADA PARA PERSONALIZA\u00c7\u00c3O DE CHAP\u00c9U<\/p>\n","protected":false},"excerpt":{"rendered":"<p>PENA PRATEADA PARA PERSONALIZA\u00c7\u00c3O DE CHAP\u00c9U<\/p>\n","protected":false},"featured_media":1769,"template":"","meta":{"_joinchat":[]},"product_brand":[],"product_cat":[25],"product_tag":[],"class_list":{"0":"post-1773","1":"product","2":"type-product","3":"status-publish","4":"has-post-thumbnail","6":"product_cat-diversos","8":"first","9":"instock","10":"shipping-taxable","11":"purchasable","12":"product-type-simple"},"_links":{"self":[{"href":"https:\/\/chapeucenter.com.br\/index\/wp-json\/wp\/v2\/product\/1773","targetHints":{"allow":["GET"]}}],"collection":[{"href":"https:\/\/chapeucenter.com.br\/index\/wp-json\/wp\/v2\/product"}],"about":[{"href":"https:\/\/chapeucenter.com.br\/index\/wp-json\/wp\/v2\/types\/product"}],"wp:featuredmedia":[{"embeddable":true,"href":"https:\/\/chapeucenter.com.br\/index\/wp-json\/wp\/v2\/media\/1769"}],"wp:attachment":[{"href":"https:\/\/chapeucenter.com.br\/index\/wp-json\/wp\/v2\/media?parent=1773"}],"wp:term":[{"taxonomy":"product_brand","embeddable":true,"href":"https:\/\/chapeucenter.com.br\/index\/wp-json\/wp\/v2\/product_brand?post=1773"},{"taxonomy":"product_cat","embeddable":true,"href":"https:\/\/chapeucenter.com.br\/index\/wp-json\/wp\/v2\/product_cat?post=1773"},{"taxonomy":"product_tag","embeddable":true,"href":"https:\/\/chapeucenter.com.br\/index\/wp-json\/wp\/v2\/product_tag?post=1773"}],"curies":[{"name":"wp","href":"https:\/\/api.w.org\/{rel}","templated":true}]}}