{"id":1766,"date":"2024-09-13T09:46:20","date_gmt":"2024-09-13T12:46:20","guid":{"rendered":"https:\/\/chapeucenter.com.br\/index\/produto\/goma-para-chapeu-de-feltro-hatgum-500ml\/"},"modified":"2026-04-05T22:46:13","modified_gmt":"2026-04-06T01:46:13","slug":"goma-para-chapeu-de-feltro-hatgum-500ml","status":"publish","type":"product","link":"https:\/\/chapeucenter.com.br\/index\/produto\/goma-para-chapeu-de-feltro-hatgum-500ml\/","title":{"rendered":"GOMA PARA CHAP\u00c9U DE FELTRO HATGUM 500ML"},"content":{"rendered":"<p><span style=\"color: #666666;font-family: 'Proxima Nova', -apple-system, Roboto, Arial, sans-serif;font-size: 20px\">Goma Para Chap\u00e9u de Feltro Hatgum 500ML<\/span><br style=\"color: #666666;font-family: 'Proxima Nova', -apple-system, Roboto, Arial, sans-serif;font-size: 20px\" \/><span style=\"color: #666666;font-family: 'Proxima Nova', -apple-system, Roboto, Arial, sans-serif;font-size: 20px\">\u00c9 indicado Para o uso em Chap\u00e9u de feltro ou de pelo, para deixar o feltropelo mais r\u00edgido e firme.<\/span><br style=\"color: #666666;font-family: 'Proxima Nova', -apple-system, Roboto, Arial, sans-serif;font-size: 20px\" \/><span style=\"color: #666666;font-family: 'Proxima Nova', -apple-system, Roboto, Arial, sans-serif;font-size: 20px\">Sua formula com alta concentra\u00e7\u00e3o de resinas tira a flacidez do feltropelo, restaurando e dando firmeza nas \u00e1reas danificadas, promovendo uma vida \u00fatil maior ao seu chap\u00e9u.<\/span><br style=\"color: #666666;font-family: 'Proxima Nova', -apple-system, Roboto, Arial, sans-serif;font-size: 20px\" \/><br style=\"color: #666666;font-family: 'Proxima Nova', -apple-system, Roboto, Arial, sans-serif;font-size: 20px\" \/><span style=\"color: #666666;font-family: 'Proxima Nova', -apple-system, Roboto, Arial, sans-serif;font-size: 20px\">MODO DE USAR:<\/span><br style=\"color: #666666;font-family: 'Proxima Nova', -apple-system, Roboto, Arial, sans-serif;font-size: 20px\" \/><br style=\"color: #666666;font-family: 'Proxima Nova', -apple-system, Roboto, Arial, sans-serif;font-size: 20px\" \/><span style=\"color: #666666;font-family: 'Proxima Nova', -apple-system, Roboto, Arial, sans-serif;font-size: 20px\">Aplicar o produto em superf\u00edcie limpa, com o borrifador de forma uniforme, depois deixar secar ao sol por 30 minutos.<\/span><br style=\"color: #666666;font-family: 'Proxima Nova', -apple-system, Roboto, Arial, sans-serif;font-size: 20px\" \/><br style=\"color: #666666;font-family: 'Proxima Nova', -apple-system, Roboto, Arial, sans-serif;font-size: 20px\" \/><span style=\"color: #666666;font-family: 'Proxima Nova', -apple-system, Roboto, Arial, sans-serif;font-size: 20px\">PRECAU\u00c7\u00d5ES: Evitar a ingest\u00e3o ou contato do produto com olhos e mucosas, n\u00e3o reutilizar a embalagem vazia, em caso de irrita\u00e7\u00e3o, lavar o local com \u00e1gua abundante e suspender o uso do produto imediatamente. Conservar em local fresco ( \u00e1 temperatura ambiente entre 15\u00b0C e 30\u00b0C), seco e ao abrigo da luz solar direta, fora do alcance de crian\u00e7as e animais dom\u00e9sticos.<\/span><br style=\"color: #666666;font-family: 'Proxima Nova', -apple-system, Roboto, Arial, sans-serif;font-size: 20px\" \/><span style=\"color: #666666;font-family: 'Proxima Nova', -apple-system, Roboto, Arial, sans-serif;font-size: 20px\">Produto Inseto de Registro no Minist\u00e9rio da Agricultura Pecu\u00e1ria e Abastecimento.<\/span><br style=\"color: #666666;font-family: 'Proxima Nova', -apple-system, Roboto, Arial, sans-serif;font-size: 20px\" \/><br style=\"color: #666666;font-family: 'Proxima Nova', -apple-system, Roboto, Arial, sans-serif;font-size: 20px\" \/><span style=\"color: #666666;font-family: 'Proxima Nova', -apple-system, Roboto, Arial, sans-serif;font-size: 20px\">INGREDIENTES: \u00c1lcool et\u00edlico e resina.<\/span><\/p>\n","protected":false},"excerpt":{"rendered":"<p>Goma Para Chap\u00e9u de Feltro Hatgum 500ML\u00c9 indicado Para o uso em Chap\u00e9u de feltro ou de pelo, para deixar o feltropelo mais r\u00edgido e firme.Sua<span class=\"excerpt-hellip\"> [\u2026]<\/span><\/p>\n","protected":false},"featured_media":1765,"template":"","meta":{"_joinchat":[]},"product_brand":[],"product_cat":[25],"product_tag":[],"class_list":{"0":"post-1766","1":"product","2":"type-product","3":"status-publish","4":"has-post-thumbnail","6":"product_cat-diversos","8":"first","9":"outofstock","10":"shipping-taxable","11":"purchasable","12":"product-type-simple"},"_links":{"self":[{"href":"https:\/\/chapeucenter.com.br\/index\/wp-json\/wp\/v2\/product\/1766","targetHints":{"allow":["GET"]}}],"collection":[{"href":"https:\/\/chapeucenter.com.br\/index\/wp-json\/wp\/v2\/product"}],"about":[{"href":"https:\/\/chapeucenter.com.br\/index\/wp-json\/wp\/v2\/types\/product"}],"wp:featuredmedia":[{"embeddable":true,"href":"https:\/\/chapeucenter.com.br\/index\/wp-json\/wp\/v2\/media\/1765"}],"wp:attachment":[{"href":"https:\/\/chapeucenter.com.br\/index\/wp-json\/wp\/v2\/media?parent=1766"}],"wp:term":[{"taxonomy":"product_brand","embeddable":true,"href":"https:\/\/chapeucenter.com.br\/index\/wp-json\/wp\/v2\/product_brand?post=1766"},{"taxonomy":"product_cat","embeddable":true,"href":"https:\/\/chapeucenter.com.br\/index\/wp-json\/wp\/v2\/product_cat?post=1766"},{"taxonomy":"product_tag","embeddable":true,"href":"https:\/\/chapeucenter.com.br\/index\/wp-json\/wp\/v2\/product_tag?post=1766"}],"curies":[{"name":"wp","href":"https:\/\/api.w.org\/{rel}","templated":true}]}}