{"id":1629,"date":"2024-08-28T10:26:14","date_gmt":"2024-08-28T13:26:14","guid":{"rendered":"https:\/\/chapeucenter.com.br\/index\/produto\/chapeu-pralana-bangora-horse-aba-11-tamanho-m\/"},"modified":"2026-04-14T09:26:20","modified_gmt":"2026-04-14T12:26:20","slug":"chapeu-pralana-bangora-horse-aba-11-tamanho-m","status":"publish","type":"product","link":"https:\/\/chapeucenter.com.br\/index\/produto\/chapeu-pralana-bangora-horse-aba-11-tamanho-m\/","title":{"rendered":"CHAP\u00c9U PRALANA BANGORA HORSE ABA 11 TAMANHO M"},"content":{"rendered":"<p style=\"margin-bottom: 1rem;color: #3f4254;font-family: Montserrat, sans-serif;font-size: 13px\">CHAP\u00c9U DE ALTA QUALIDADE E DURABILIDADE, SUPER ESTILOSO E CONFORT\u00c1VEL PARA QUALQUER HORA DO DIA. A MARCA PRALANA SEMPRE PENSANDO NA SATISFA\u00c7\u00c3O DE SEUS CLIENTES PROPORCIONANDO O MELHOR DA MODA COUNTRY.<\/p>\n<p><br style=\"color: #666666;font-family: 'Proxima Nova', -apple-system, Roboto, Arial, sans-serif;font-size: 20px\" \/><span style=\"color: #626262;font-family: Jost, -apple-system, BlinkMacSystemFont, Segoe UI, Roboto, Oxygen-Sans, Ubuntu, Cantarell, Helvetica Neue, sans-serif\"><span style=\"font-size: 16px\">Fabricado em palha na cor Natural;<\/span><\/span><\/p>\n<p style=\"margin-bottom: 1rem;color: #3f4254;font-family: Montserrat, sans-serif;font-size: 13px\"><span style=\"color: #626262;font-family: Jost, -apple-system, BlinkMacSystemFont, Segoe UI, Roboto, Oxygen-Sans, Ubuntu, Cantarell, Helvetica Neue, sans-serif\"><span style=\"font-size: 16px\">Copa rendada de aproximadamente 11cm, com banda em tecido na cor Preto com fivela Pralana;<\/span><\/span><\/p>\n<p style=\"margin-bottom: 1rem;color: #3f4254;font-family: Montserrat, sans-serif;font-size: 13px\"><span style=\"color: #626262;font-family: Jost, -apple-system, BlinkMacSystemFont, Segoe UI, Roboto, Oxygen-Sans, Ubuntu, Cantarell, Helvetica Neue, sans-serif\"><span style=\"font-size: 16px\">Aba de aproximadamente 11cm;<\/span><\/span><\/p>\n<p style=\"margin-bottom: 1rem;color: #3f4254;font-family: Montserrat, sans-serif;font-size: 13px\"><span style=\"color: #626262;font-family: Jost, -apple-system, BlinkMacSystemFont, Segoe UI, Roboto, Oxygen-Sans, Ubuntu, Cantarell, Helvetica Neue, sans-serif\"><span style=\"font-size: 16px\">Carneira de el\u00e1stico<\/span><\/span><\/p>\n<p>O tamanho do chap\u00e9u deve ser informado por mensagem (podendo ser antes ou ap\u00f3s a compra). Sendo assim, seu pedido ser\u00e1 enviado conforme voc\u00ea pedir!!!<\/p>\n<p>O tamanho do chap\u00e9u \u00e9 a medida em cent\u00edmetros cm da circunfer\u00eancia da cabe\u00e7a, portanto Para medir o tamanho do seu chap\u00e9u, passe uma fita m\u00e9trica no meio da testa, seguindo 2 dedos acima da orelha, at\u00e9 completar a volta inteira na cabe\u00e7a<\/p>\n","protected":false},"excerpt":{"rendered":"<p>CHAP\u00c9U DE ALTA QUALIDADE E DURABILIDADE, SUPER ESTILOSO E CONFORT\u00c1VEL PARA QUALQUER HORA DO DIA. A MARCA PRALANA SEMPRE PENSANDO NA SATISFA\u00c7\u00c3O DE SEUS CLIENTES PROPORCIONANDO<span class=\"excerpt-hellip\"> [\u2026]<\/span><\/p>\n","protected":false},"featured_media":1626,"template":"","meta":{"_joinchat":[]},"product_brand":[],"product_cat":[63],"product_tag":[],"class_list":{"0":"post-1629","1":"product","2":"type-product","3":"status-publish","4":"has-post-thumbnail","6":"product_cat-bangora-horse","8":"first","9":"instock","10":"shipping-taxable","11":"purchasable","12":"product-type-simple"},"_links":{"self":[{"href":"https:\/\/chapeucenter.com.br\/index\/wp-json\/wp\/v2\/product\/1629","targetHints":{"allow":["GET"]}}],"collection":[{"href":"https:\/\/chapeucenter.com.br\/index\/wp-json\/wp\/v2\/product"}],"about":[{"href":"https:\/\/chapeucenter.com.br\/index\/wp-json\/wp\/v2\/types\/product"}],"wp:featuredmedia":[{"embeddable":true,"href":"https:\/\/chapeucenter.com.br\/index\/wp-json\/wp\/v2\/media\/1626"}],"wp:attachment":[{"href":"https:\/\/chapeucenter.com.br\/index\/wp-json\/wp\/v2\/media?parent=1629"}],"wp:term":[{"taxonomy":"product_brand","embeddable":true,"href":"https:\/\/chapeucenter.com.br\/index\/wp-json\/wp\/v2\/product_brand?post=1629"},{"taxonomy":"product_cat","embeddable":true,"href":"https:\/\/chapeucenter.com.br\/index\/wp-json\/wp\/v2\/product_cat?post=1629"},{"taxonomy":"product_tag","embeddable":true,"href":"https:\/\/chapeucenter.com.br\/index\/wp-json\/wp\/v2\/product_tag?post=1629"}],"curies":[{"name":"wp","href":"https:\/\/api.w.org\/{rel}","templated":true}]}}