{"id":1552,"date":"2024-08-16T10:12:51","date_gmt":"2024-08-16T13:12:51","guid":{"rendered":"https:\/\/chapeucenter.com.br\/index\/produto\/chapeu-pralana-5x-campo-marrom-aba-10-3-cravos-dourado-feminino-p\/"},"modified":"2026-04-11T10:30:18","modified_gmt":"2026-04-11T13:30:18","slug":"chapeu-pralana-5x-campo-marrom-aba-10-3-cravos-dourado-feminino-p","status":"publish","type":"product","link":"https:\/\/chapeucenter.com.br\/index\/produto\/chapeu-pralana-5x-campo-marrom-aba-10-3-cravos-dourado-feminino-p\/","title":{"rendered":"CHAP\u00c9U PRALANA 5X CAMPO MARROM ABA 10 3 CRAVOS DOURADO FEMININO P"},"content":{"rendered":"<p><span style=\"color: #3f4254;font-family: Montserrat, sans-serif\"><span style=\"font-size: 13px\">PRODUTO REFERE-SE A UM CHAP\u00c9U PERSONALIZADO FEITO A M\u00c3O !!<\/span><\/span><\/p>\n<p><span style=\"color: #3f4254;font-family: Montserrat, sans-serif\"><span style=\"font-size: 13px\">POR SER ARTESANAL, PODE HAVER PEQUENAS VARIA\u00c7\u00d5ES EM TONS DE CORES DOS ACESS\u00d3RIOS.<\/span><\/span><\/p>\n<p><span style=\"color: #3f4254;font-family: Montserrat, sans-serif\"><span style=\"font-size: 13px\">POREM O ESTILOCONTINUA O MESMO DAS FOTOS.<\/span><\/span><\/p>\n<p><span style=\"color: #3f4254;font-family: Montserrat, sans-serif\"><span style=\"font-size: 13px\">\u00a0<\/span><\/span><span style=\"font-size: 13px;color: #3f4254;font-family: Montserrat, sans-serif\">\u00a0<\/span><\/p>\n<p><span style=\"color: #3f4254;font-family: Montserrat, sans-serif\"><span style=\"font-size: 13px\">Temos tamb\u00e9m op\u00e7\u00f5es de outros tamanhos de aba , com e sem strass , etc , fa\u00e7a todas perguntas antes da compra ,<\/span><\/span><\/p>\n<p><span style=\"color: #3f4254;font-family: Montserrat, sans-serif\"><span style=\"font-size: 13px\">\u00a0<\/span><\/span><\/p>\n<p><span style=\"color: #3f4254;font-family: Montserrat, sans-serif\"><span style=\"font-size: 13px\">O modelo Classic 5X \u00e9 fabricado em feltro 100% l\u00e3 e possui um acabamento nobre, est\u00e1 muito em alta no momento sendo usado por grandes nomes do sertanejo como por exemplo &#8230;&#8230;. .\u00a0<\/span><\/span><\/p>\n<p><span style=\"color: #3f4254;font-family: Montserrat, sans-serif\"><span style=\"font-size: 13px\">Possui copa 11,5 e aba 10\u00a0 cm com banda de couro com detalhes em nylon e aplica\u00e7\u00f5es em metal n. Um modelo sofisticado e de alt\u00edssima qualidade, seguindo o padr\u00e3o da marca. Para quem quer ser elegante ao escolher o chap\u00e9u perfeito. Merece uma aten\u00e7\u00e3o especial afinal ele \u00e9 muito mais que um acess\u00f3rio, ele \u00e9 a tradu\u00e7\u00e3o da sua personalidade.<\/span><\/span><\/p>\n<p><span style=\"color: #3f4254;font-family: Montserrat, sans-serif\"><span style=\"font-size: 13px\">\u00a0<\/span><\/span><\/p>\n<p><span style=\"color: #3f4254;font-family: Montserrat, sans-serif\"><span style=\"font-size: 13px\">-Modelo: Classic 5X 100 feltro pralana original<\/span><\/span><\/p>\n<p><span style=\"color: #3f4254;font-family: Montserrat, sans-serif\"><span style=\"font-size: 13px\">\u00a0<\/span><\/span><\/p>\n<p><span style=\"color: #3f4254;font-family: Montserrat, sans-serif\"><span style=\"font-size: 13px\">&#8211; Marca: Pralana<\/span><\/span><\/p>\n<p><span style=\"color: #3f4254;font-family: Montserrat, sans-serif\"><span style=\"font-size: 13px\">\u00a0<\/span><\/span><\/p>\n<p><span style=\"color: #3f4254;font-family: Montserrat, sans-serif\"><span style=\"font-size: 13px\">-Cor: Marrom<\/span><\/span><\/p>\n<p><span style=\"color: #3f4254;font-family: Montserrat, sans-serif\"><span style=\"font-size: 13px\">\u00a0<\/span><\/span><\/p>\n<p><span style=\"color: #3f4254;font-family: Montserrat, sans-serif\"><span style=\"font-size: 13px\">-Material: Chap\u00e9u em Feltro 100% l\u00e3<\/span><\/span><\/p>\n","protected":false},"excerpt":{"rendered":"<p>PRODUTO REFERE-SE A UM CHAP\u00c9U PERSONALIZADO FEITO A M\u00c3O !! POR SER ARTESANAL, PODE HAVER PEQUENAS VARIA\u00c7\u00d5ES EM TONS DE CORES DOS ACESS\u00d3RIOS. POREM O ESTILOCONTINUA<span class=\"excerpt-hellip\"> [\u2026]<\/span><\/p>\n","protected":false},"featured_media":1547,"template":"","meta":{"_joinchat":[]},"product_brand":[],"product_cat":[49],"product_tag":[],"class_list":{"0":"post-1552","1":"product","2":"type-product","3":"status-publish","4":"has-post-thumbnail","6":"product_cat-3-cravos-aba-10","8":"first","9":"instock","10":"shipping-taxable","11":"purchasable","12":"product-type-simple"},"_links":{"self":[{"href":"https:\/\/chapeucenter.com.br\/index\/wp-json\/wp\/v2\/product\/1552","targetHints":{"allow":["GET"]}}],"collection":[{"href":"https:\/\/chapeucenter.com.br\/index\/wp-json\/wp\/v2\/product"}],"about":[{"href":"https:\/\/chapeucenter.com.br\/index\/wp-json\/wp\/v2\/types\/product"}],"wp:featuredmedia":[{"embeddable":true,"href":"https:\/\/chapeucenter.com.br\/index\/wp-json\/wp\/v2\/media\/1547"}],"wp:attachment":[{"href":"https:\/\/chapeucenter.com.br\/index\/wp-json\/wp\/v2\/media?parent=1552"}],"wp:term":[{"taxonomy":"product_brand","embeddable":true,"href":"https:\/\/chapeucenter.com.br\/index\/wp-json\/wp\/v2\/product_brand?post=1552"},{"taxonomy":"product_cat","embeddable":true,"href":"https:\/\/chapeucenter.com.br\/index\/wp-json\/wp\/v2\/product_cat?post=1552"},{"taxonomy":"product_tag","embeddable":true,"href":"https:\/\/chapeucenter.com.br\/index\/wp-json\/wp\/v2\/product_tag?post=1552"}],"curies":[{"name":"wp","href":"https:\/\/api.w.org\/{rel}","templated":true}]}}