{"id":1277,"date":"2024-07-26T14:12:40","date_gmt":"2024-07-26T17:12:40","guid":{"rendered":"https:\/\/chapeucenter.com.br\/index\/produto\/chapeu-modelo-panama-celulose-aba-curta-56\/"},"modified":"2026-03-25T13:02:15","modified_gmt":"2026-03-25T16:02:15","slug":"chapeu-modelo-panama-celulose-aba-curta-56","status":"publish","type":"product","link":"https:\/\/chapeucenter.com.br\/index\/produto\/chapeu-modelo-panama-celulose-aba-curta-56\/","title":{"rendered":"CHAP\u00c9U MODELO PANAM\u00c1 CELULOSE ABA CURTA 56"},"content":{"rendered":"<p><span style=\"color: #666666;font-family: 'Proxima Nova', -apple-system, Roboto, Arial, sans-serif;font-size: 20px\">Chap\u00e9u Moda Panam\u00e1 Casual<\/span><br style=\"color: #666666;font-family: 'Proxima Nova', -apple-system, Roboto, Arial, sans-serif;font-size: 20px\" \/><br style=\"color: #666666;font-family: 'Proxima Nova', -apple-system, Roboto, Arial, sans-serif;font-size: 20px\" \/><span style=\"color: #666666;font-family: 'Proxima Nova', -apple-system, Roboto, Arial, sans-serif;font-size: 20px\">Chap\u00e9u Estilo Panam\u00e1<\/span><br style=\"color: #666666;font-family: 'Proxima Nova', -apple-system, Roboto, Arial, sans-serif;font-size: 20px\" \/><br style=\"color: #666666;font-family: 'Proxima Nova', -apple-system, Roboto, Arial, sans-serif;font-size: 20px\" \/><span style=\"color: #666666;font-family: 'Proxima Nova', -apple-system, Roboto, Arial, sans-serif;font-size: 20px\">Produto de excelente qualidade, dur\u00e1vel e bonito.<\/span><br style=\"color: #666666;font-family: 'Proxima Nova', -apple-system, Roboto, Arial, sans-serif;font-size: 20px\" \/><br style=\"color: #666666;font-family: 'Proxima Nova', -apple-system, Roboto, Arial, sans-serif;font-size: 20px\" \/><span style=\"color: #666666;font-family: 'Proxima Nova', -apple-system, Roboto, Arial, sans-serif;font-size: 20px\">No melhor visual bem relaxante, um chap\u00e9u panam\u00e1 \u00e9 uma \u00f3tima indica\u00e7\u00e3o no clima praiano.<\/span><\/p>\n<p>\u00a0<\/p>\n<p><span style=\"color: #666666;font-family: 'Proxima Nova', -apple-system, Roboto, Arial, sans-serif;font-size: 20px\">O chap\u00e9u panam\u00e1 \u00e9 uma \u00f3tima indica\u00e7\u00e3o no clima praiano, descontra\u00eddo e quente! Possui um estilo\u00a0<\/span><span style=\"color: #666666;font-family: 'Proxima Nova', -apple-system, Roboto, Arial, sans-serif;font-size: 20px\">pr\u00f3prio e bem original, caindo muito bem com roupas de ver\u00e3o (shorts, camisetas, biquinis).<\/span><span style=\"color: #666666;font-family: 'Proxima Nova', -apple-system, Roboto, Arial, sans-serif;font-size: 20px\"><\/span><\/p>\n","protected":false},"excerpt":{"rendered":"<p>Chap\u00e9u Moda Panam\u00e1 CasualChap\u00e9u Estilo Panam\u00e1Produto de excelente qualidade, dur\u00e1vel e bonito.No melhor visual bem relaxante, um chap\u00e9u panam\u00e1 \u00e9 uma \u00f3tima indica\u00e7\u00e3o no clima praiano.<span class=\"excerpt-hellip\"> [\u2026]<\/span><\/p>\n","protected":false},"featured_media":1275,"template":"","meta":{"_joinchat":[]},"product_brand":[],"product_cat":[24],"product_tag":[],"class_list":{"0":"post-1277","1":"product","2":"type-product","3":"status-publish","4":"has-post-thumbnail","6":"product_cat-promocoes","8":"first","9":"instock","10":"shipping-taxable","11":"purchasable","12":"product-type-simple"},"_links":{"self":[{"href":"https:\/\/chapeucenter.com.br\/index\/wp-json\/wp\/v2\/product\/1277","targetHints":{"allow":["GET"]}}],"collection":[{"href":"https:\/\/chapeucenter.com.br\/index\/wp-json\/wp\/v2\/product"}],"about":[{"href":"https:\/\/chapeucenter.com.br\/index\/wp-json\/wp\/v2\/types\/product"}],"wp:featuredmedia":[{"embeddable":true,"href":"https:\/\/chapeucenter.com.br\/index\/wp-json\/wp\/v2\/media\/1275"}],"wp:attachment":[{"href":"https:\/\/chapeucenter.com.br\/index\/wp-json\/wp\/v2\/media?parent=1277"}],"wp:term":[{"taxonomy":"product_brand","embeddable":true,"href":"https:\/\/chapeucenter.com.br\/index\/wp-json\/wp\/v2\/product_brand?post=1277"},{"taxonomy":"product_cat","embeddable":true,"href":"https:\/\/chapeucenter.com.br\/index\/wp-json\/wp\/v2\/product_cat?post=1277"},{"taxonomy":"product_tag","embeddable":true,"href":"https:\/\/chapeucenter.com.br\/index\/wp-json\/wp\/v2\/product_tag?post=1277"}],"curies":[{"name":"wp","href":"https:\/\/api.w.org\/{rel}","templated":true}]}}