{"id":122,"date":"2024-07-17T17:06:25","date_gmt":"2024-07-17T20:06:25","guid":{"rendered":"https:\/\/chapeucenter.com.br\/index\/produto\/chapeu-karanda-duplo-campeiro-luan-pereira-lancamento-g\/"},"modified":"2026-03-25T12:49:28","modified_gmt":"2026-03-25T15:49:28","slug":"chapeu-karanda-duplo-campeiro-luan-pereira-lancamento-g","status":"publish","type":"product","link":"https:\/\/chapeucenter.com.br\/index\/produto\/chapeu-karanda-duplo-campeiro-luan-pereira-lancamento-g\/","title":{"rendered":"Chapeu Karanda Duplo Campeiro Luan Pereira Lan\u00e7amento G"},"content":{"rendered":"<p>Chap\u00e9u Karand\u00e1 de palha Carna\u00faba, com forma Violeiro, modelo exclusivo do cantor Luan Pereira:<\/p>\n<p>\u00a0<\/p>\n<p>Modelo unissex<\/p>\n<p>Suador e forro de recouro<\/p>\n<p>Banda com tira de tecido e de sola<\/p>\n<p>Palha dupla e customizada<\/p>\n<p>Copa 11cm<\/p>\n<p>Aba 12,5cm<\/p>\n<p>\u00a0<\/p>\n<p>\u00a0<\/p>\n<p>Circunfer\u00eancia da pe\u00e7a e largura da copa e aba: (toler\u00e2ncia de 1,0cm a 2,0cm)<\/p>\n<p>\u00a0<\/p>\n<p>Observa\u00e7\u00f5es:<\/p>\n<p>Os chap\u00e9us de palha s\u00e3o feitos \u00e0 m\u00e3o, sendo assim, por se tratar de uma pe\u00e7a natural e produzida artesanalmente poder\u00e1 haver pequenas diferen\u00e7as na tonalidade das cores e na trama da palha, tornando o item ainda mais exclusivo. Al\u00e9m disso, os produtos podem apresentar pequenas altera\u00e7\u00f5es na cor devido flash da c\u00e2mera fotogr\u00e1fica, configura\u00e7\u00f5es dos monitores e configura\u00e7\u00f5es dos dispositivos m\u00f3veis.<\/p>\n","protected":false},"excerpt":{"rendered":"<p>Chap\u00e9u Karand\u00e1 de palha Carna\u00faba, com forma Violeiro, modelo exclusivo do cantor Luan Pereira: \u00a0 Modelo unissex Suador e forro de recouro Banda com tira de<span class=\"excerpt-hellip\"> [\u2026]<\/span><\/p>\n","protected":false},"featured_media":730,"template":"","meta":{"_joinchat":[]},"product_brand":[],"product_cat":[32],"product_tag":[],"class_list":{"0":"post-122","1":"product","2":"type-product","3":"status-publish","4":"has-post-thumbnail","6":"product_cat-luan-pereira","8":"first","9":"instock","10":"shipping-taxable","11":"purchasable","12":"product-type-simple"},"_links":{"self":[{"href":"https:\/\/chapeucenter.com.br\/index\/wp-json\/wp\/v2\/product\/122","targetHints":{"allow":["GET"]}}],"collection":[{"href":"https:\/\/chapeucenter.com.br\/index\/wp-json\/wp\/v2\/product"}],"about":[{"href":"https:\/\/chapeucenter.com.br\/index\/wp-json\/wp\/v2\/types\/product"}],"wp:featuredmedia":[{"embeddable":true,"href":"https:\/\/chapeucenter.com.br\/index\/wp-json\/wp\/v2\/media\/730"}],"wp:attachment":[{"href":"https:\/\/chapeucenter.com.br\/index\/wp-json\/wp\/v2\/media?parent=122"}],"wp:term":[{"taxonomy":"product_brand","embeddable":true,"href":"https:\/\/chapeucenter.com.br\/index\/wp-json\/wp\/v2\/product_brand?post=122"},{"taxonomy":"product_cat","embeddable":true,"href":"https:\/\/chapeucenter.com.br\/index\/wp-json\/wp\/v2\/product_cat?post=122"},{"taxonomy":"product_tag","embeddable":true,"href":"https:\/\/chapeucenter.com.br\/index\/wp-json\/wp\/v2\/product_tag?post=122"}],"curies":[{"name":"wp","href":"https:\/\/api.w.org\/{rel}","templated":true}]}}