{"id":1128,"date":"2024-07-22T16:38:40","date_gmt":"2024-07-22T19:38:40","guid":{"rendered":"https:\/\/chapeucenter.com.br\/index\/produto\/chapeu-pralana-5x-campo-marrom-aba-7-5cm-dourado-g\/"},"modified":"2026-03-25T13:01:59","modified_gmt":"2026-03-25T16:01:59","slug":"chapeu-pralana-5x-campo-marrom-aba-7-5cm-dourado-g","status":"publish","type":"product","link":"https:\/\/chapeucenter.com.br\/index\/produto\/chapeu-pralana-5x-campo-marrom-aba-7-5cm-dourado-g\/","title":{"rendered":"CHAP\u00c9U PRALANA 5X CAMPO MARROM ABA 7.5CM DOURADO G"},"content":{"rendered":"<p><span style=\"color: #3f4254;font-family: Montserrat, sans-serif;font-size: 13px\">MARCA PRALANA<\/span><br style=\"color: #3f4254;font-family: Montserrat, sans-serif;font-size: 13px\" \/><span style=\"color: #3f4254;font-family: Montserrat, sans-serif;font-size: 13px\">EMBALAGEM NA CAIXA ORIGINAL PRALANA<\/span><\/p>\n<p><span style=\"color: #3f4254;font-family: Montserrat, sans-serif\"><span style=\"font-size: 13px\">PRODUTO REFERE-SE A UM CHAP\u00c9U PERSONALIZADO FEITO A M\u00c3O !!<\/span><\/span><\/p>\n<p><span style=\"color: #3f4254;font-family: Montserrat, sans-serif\"><span style=\"font-size: 13px\">POR SER ARTESANAL, PODE HAVER PEQUENAS VARIA\u00c7\u00d5ES EM TONS DE CORES DOS ACESS\u00d3RIOS.<\/span><\/span><\/p>\n<p><span style=\"color: #3f4254;font-family: Montserrat, sans-serif\"><span style=\"font-size: 13px\">POREM O ESTILOCONTINUA O MESMO DAS FOTOS.<\/span><\/span><\/p>\n<p><br style=\"color: #3f4254;font-family: Montserrat, sans-serif;font-size: 13px\" \/><span style=\"color: #3f4254;font-family: Montserrat, sans-serif;font-size: 13px\">100 % FELRO ORIGINAL<\/span><br style=\"color: #3f4254;font-family: Montserrat, sans-serif;font-size: 13px\" \/><span style=\"color: #3f4254;font-family: Montserrat, sans-serif;font-size: 13px\">O modelo Classic 5X \u00e9 fabricado em feltro 100% l\u00e3 e possui um acabamento nobre, est\u00e1 muito em alta no momento sendo usado por grandes nomes do sertanejo como por exemplo Gustta\u2026. Possui copa 11,5 com banda de couro com detalhes em nylon e aplica\u00e7\u00f5es em metal no formato de estrelas. Um modelo sofisticado e de alt\u00edssima qualidade, seguindo o padr\u00e3o da marca. Para quem quer ser elegante ao escolher o chap\u00e9u perfeito. Merece uma aten\u00e7\u00e3o especial afinal ele \u00e9 muito mais que um acess\u00f3rio, ele \u00e9 a tradu\u00e7\u00e3o da sua personalidade.\u00a0<\/span><br style=\"color: #3f4254;font-family: Montserrat, sans-serif;font-size: 13px\" \/><br style=\"color: #3f4254;font-family: Montserrat, sans-serif;font-size: 13px\" \/><span style=\"color: #3f4254;font-family: Montserrat, sans-serif;font-size: 13px\">-Modelo: Classic 5X.<\/span><\/p>\n","protected":false},"excerpt":{"rendered":"<p>MARCA PRALANAEMBALAGEM NA CAIXA ORIGINAL PRALANA PRODUTO REFERE-SE A UM CHAP\u00c9U PERSONALIZADO FEITO A M\u00c3O !! POR SER ARTESANAL, PODE HAVER PEQUENAS VARIA\u00c7\u00d5ES EM TONS DE<span class=\"excerpt-hellip\"> [\u2026]<\/span><\/p>\n","protected":false},"featured_media":3047,"template":"","meta":{"_joinchat":[]},"product_brand":[],"product_cat":[53],"product_tag":[],"class_list":{"0":"post-1128","1":"product","2":"type-product","3":"status-publish","4":"has-post-thumbnail","6":"product_cat-dourado","8":"first","9":"instock","10":"shipping-taxable","11":"purchasable","12":"product-type-simple"},"_links":{"self":[{"href":"https:\/\/chapeucenter.com.br\/index\/wp-json\/wp\/v2\/product\/1128","targetHints":{"allow":["GET"]}}],"collection":[{"href":"https:\/\/chapeucenter.com.br\/index\/wp-json\/wp\/v2\/product"}],"about":[{"href":"https:\/\/chapeucenter.com.br\/index\/wp-json\/wp\/v2\/types\/product"}],"wp:featuredmedia":[{"embeddable":true,"href":"https:\/\/chapeucenter.com.br\/index\/wp-json\/wp\/v2\/media\/3047"}],"wp:attachment":[{"href":"https:\/\/chapeucenter.com.br\/index\/wp-json\/wp\/v2\/media?parent=1128"}],"wp:term":[{"taxonomy":"product_brand","embeddable":true,"href":"https:\/\/chapeucenter.com.br\/index\/wp-json\/wp\/v2\/product_brand?post=1128"},{"taxonomy":"product_cat","embeddable":true,"href":"https:\/\/chapeucenter.com.br\/index\/wp-json\/wp\/v2\/product_cat?post=1128"},{"taxonomy":"product_tag","embeddable":true,"href":"https:\/\/chapeucenter.com.br\/index\/wp-json\/wp\/v2\/product_tag?post=1128"}],"curies":[{"name":"wp","href":"https:\/\/api.w.org\/{rel}","templated":true}]}}