{"id":1093,"date":"2024-07-22T14:00:05","date_gmt":"2024-07-22T17:00:05","guid":{"rendered":"https:\/\/chapeucenter.com.br\/index\/produto\/chapeu-karanda-social-nevada-eduardo-costa-aba-9-gg\/"},"modified":"2026-03-25T13:01:36","modified_gmt":"2026-03-25T16:01:36","slug":"chapeu-karanda-social-nevada-eduardo-costa-aba-9-gg","status":"publish","type":"product","link":"https:\/\/chapeucenter.com.br\/index\/produto\/chapeu-karanda-social-nevada-eduardo-costa-aba-9-gg\/","title":{"rendered":"CHAP\u00c9U KARANDA SOCIAL NEVADA EDUARDO COSTA ABA 9 GG"},"content":{"rendered":"<p>Chap\u00e9u Unissex karand\u00e1 Social Nevada<\/p>\n<p>\u00a0<\/p>\n<p>PRODUTO ORIGINAL KARANDA &#8211;\u00a0ACOMPANHA ADESIVO DE BRINDE<\/p>\n<p>\u00a0<\/p>\n<p>A Karand\u00e1 \u00e9 uma empresa familiar, cujo in\u00edcio foi marcado pela revenda de produtos. Ao longo dos anos, fiel \u00e0 sua miss\u00e3o de ACOMPANHA ADESIVO DE BRINDE surpreender os clientes, passou a criar produtos exclusivos, inovadores e feitos \u00e0 m\u00e3o, al\u00e9m de seguir princ\u00edpios de sustentabilidade e responsabilidade ambiental.<\/p>\n<p>\u00a0<\/p>\n<p>Chap\u00e9u Unissex karand\u00e1 Social Nevada<\/p>\n<p>\u00a0<\/p>\n<p>Caracter\u00edsticas:<\/p>\n<p>&#8211; Produzido em material de \u00f3tima qualidade, garantindo maior durabilidade ao produto;<\/p>\n<p>&#8211; Fabricado artesanalmente;<\/p>\n<p>&#8211; Aba 9 cm;- Banda de Couro;<\/p>\n<p>&#8211; Ideal para passeios,cavalgadas, rodeios e tamb\u00e9m para o dia dia;<\/p>\n<p>&#8211; Proporciona um visual com estilo e conforto;<\/p>\n","protected":false},"excerpt":{"rendered":"<p>Chap\u00e9u Unissex karand\u00e1 Social Nevada \u00a0 PRODUTO ORIGINAL KARANDA &#8211;\u00a0ACOMPANHA ADESIVO DE BRINDE \u00a0 A Karand\u00e1 \u00e9 uma empresa familiar, cujo in\u00edcio foi marcado pela revenda<span class=\"excerpt-hellip\"> [\u2026]<\/span><\/p>\n","protected":false},"featured_media":1090,"template":"","meta":{"_joinchat":[]},"product_brand":[],"product_cat":[31],"product_tag":[],"class_list":{"0":"post-1093","1":"product","2":"type-product","3":"status-publish","4":"has-post-thumbnail","6":"product_cat-nevada-eduardo-costa","8":"first","9":"instock","10":"shipping-taxable","11":"purchasable","12":"product-type-simple"},"_links":{"self":[{"href":"https:\/\/chapeucenter.com.br\/index\/wp-json\/wp\/v2\/product\/1093","targetHints":{"allow":["GET"]}}],"collection":[{"href":"https:\/\/chapeucenter.com.br\/index\/wp-json\/wp\/v2\/product"}],"about":[{"href":"https:\/\/chapeucenter.com.br\/index\/wp-json\/wp\/v2\/types\/product"}],"wp:featuredmedia":[{"embeddable":true,"href":"https:\/\/chapeucenter.com.br\/index\/wp-json\/wp\/v2\/media\/1090"}],"wp:attachment":[{"href":"https:\/\/chapeucenter.com.br\/index\/wp-json\/wp\/v2\/media?parent=1093"}],"wp:term":[{"taxonomy":"product_brand","embeddable":true,"href":"https:\/\/chapeucenter.com.br\/index\/wp-json\/wp\/v2\/product_brand?post=1093"},{"taxonomy":"product_cat","embeddable":true,"href":"https:\/\/chapeucenter.com.br\/index\/wp-json\/wp\/v2\/product_cat?post=1093"},{"taxonomy":"product_tag","embeddable":true,"href":"https:\/\/chapeucenter.com.br\/index\/wp-json\/wp\/v2\/product_tag?post=1093"}],"curies":[{"name":"wp","href":"https:\/\/api.w.org\/{rel}","templated":true}]}}