{"id":1077,"date":"2024-07-22T13:56:21","date_gmt":"2024-07-22T16:56:21","guid":{"rendered":"https:\/\/chapeucenter.com.br\/index\/produto\/chapeu-karanda-duplo-campeiro-premium-aba-13-gg\/"},"modified":"2026-03-25T13:01:17","modified_gmt":"2026-03-25T16:01:17","slug":"chapeu-karanda-duplo-campeiro-premium-aba-13-gg","status":"publish","type":"product","link":"https:\/\/chapeucenter.com.br\/index\/produto\/chapeu-karanda-duplo-campeiro-premium-aba-13-gg\/","title":{"rendered":"CHAP\u00c9U KARANDA DUPLO CAMPEIRO PREMIUM ABA 13 GG"},"content":{"rendered":"<p>Chap\u00e9u Duplo Campeiro premium Karand\u00e1 !!!\u00a0<\/p>\n<p>\u00a0<\/p>\n<p>PRODUTO ORIGINAL KARAND\u00c1 &#8211; ACOMPANHA UM ADESIVO DE BRINDE\u00a0<\/p>\n<p>\u00a0<\/p>\n<p>Produzido artesanalmente em palha de carna\u00faba possui detalhe com grava\u00e7\u00e3o da marca bandinha tran\u00e7ada em couro com fivela.\u00a0<\/p>\n<p>Aba de 13,5cm e copa de 10cm.<\/p>\n<p>\u00a0<\/p>\n<p>Os chap\u00e9us de palha s\u00e3o feitos \u00e0 m\u00e3o, sendo assim, por se tratar de uma pe\u00e7a natural e produzida artesanalmente poder\u00e1 haver pequenas diferen\u00e7as na tonalidade das cores e na trama da palha, tornando o item ainda mais exclusivo.<\/p>\n<p>\u00a0<\/p>\n<p>\u00a0Al\u00e9m disso, os produtos podem apresentar pequenas altera\u00e7\u00f5es na cor devido flash da c\u00e2mera fotogr\u00e1fica, configura\u00e7\u00f5es dos monitores e configura\u00e7\u00f5es dos dispositivos m\u00f3veis.<\/p>\n","protected":false},"excerpt":{"rendered":"<p>Chap\u00e9u Duplo Campeiro premium Karand\u00e1 !!!\u00a0 \u00a0 PRODUTO ORIGINAL KARAND\u00c1 &#8211; ACOMPANHA UM ADESIVO DE BRINDE\u00a0 \u00a0 Produzido artesanalmente em palha de carna\u00faba possui detalhe com<span class=\"excerpt-hellip\"> [\u2026]<\/span><\/p>\n","protected":false},"featured_media":1074,"template":"","meta":{"_joinchat":[]},"product_brand":[],"product_cat":[28],"product_tag":[],"class_list":{"0":"post-1077","1":"product","2":"type-product","3":"status-publish","4":"has-post-thumbnail","6":"product_cat-campeiro-premium","8":"first","9":"outofstock","10":"shipping-taxable","11":"purchasable","12":"product-type-simple"},"_links":{"self":[{"href":"https:\/\/chapeucenter.com.br\/index\/wp-json\/wp\/v2\/product\/1077","targetHints":{"allow":["GET"]}}],"collection":[{"href":"https:\/\/chapeucenter.com.br\/index\/wp-json\/wp\/v2\/product"}],"about":[{"href":"https:\/\/chapeucenter.com.br\/index\/wp-json\/wp\/v2\/types\/product"}],"wp:featuredmedia":[{"embeddable":true,"href":"https:\/\/chapeucenter.com.br\/index\/wp-json\/wp\/v2\/media\/1074"}],"wp:attachment":[{"href":"https:\/\/chapeucenter.com.br\/index\/wp-json\/wp\/v2\/media?parent=1077"}],"wp:term":[{"taxonomy":"product_brand","embeddable":true,"href":"https:\/\/chapeucenter.com.br\/index\/wp-json\/wp\/v2\/product_brand?post=1077"},{"taxonomy":"product_cat","embeddable":true,"href":"https:\/\/chapeucenter.com.br\/index\/wp-json\/wp\/v2\/product_cat?post=1077"},{"taxonomy":"product_tag","embeddable":true,"href":"https:\/\/chapeucenter.com.br\/index\/wp-json\/wp\/v2\/product_tag?post=1077"}],"curies":[{"name":"wp","href":"https:\/\/api.w.org\/{rel}","templated":true}]}}