{"id":1053,"date":"2024-07-22T11:44:07","date_gmt":"2024-07-22T14:44:07","guid":{"rendered":"https:\/\/chapeucenter.com.br\/index\/produto\/chapeu-karanda-ze-neto-campeiro-duplo-p\/"},"modified":"2026-03-25T13:00:57","modified_gmt":"2026-03-25T16:00:57","slug":"chapeu-karanda-ze-neto-campeiro-duplo-p","status":"publish","type":"product","link":"https:\/\/chapeucenter.com.br\/index\/produto\/chapeu-karanda-ze-neto-campeiro-duplo-p\/","title":{"rendered":"CHAP\u00c9U KARANDA Z\u00c9 NETO CAMPEIRO DUPLO P"},"content":{"rendered":"<p>CHAP\u00c9U KARAND\u00c1 Z\u00c9 NETO CAMPEIRO PREMIUM PALHA DUPLA\u00a0<\/p>\n<p>\u00a0<\/p>\n<p>PRODUTO ORIGINAL KARANDA &#8211;\u00a0<\/p>\n<p>ACOMPANHA UM ADESIVO SIMPLES KARANDA\u00a0<\/p>\n<p>\u00a0<\/p>\n<p>Chap\u00e9u Karand\u00e1 de palha Carna\u00faba, com forma Campeiro:<\/p>\n<p>Aba G: 1 3 CM\u00a0<\/p>\n<p>Suador de recouro<\/p>\n<p>Banda de fitilho com fivela de metal<\/p>\n<p>Copa 10cm<\/p>\n<p>\u00a0<\/p>\n<p>Aba dobrada\u00a0<\/p>\n<p>Circunfer\u00eancia da pe\u00e7a e largura da copa e aba: (toler\u00e2ncia de 1,0cm a 2,0cm)<\/p>\n<p>Observa\u00e7\u00f5es:<\/p>\n<p>\u00a0<\/p>\n<p>Os chap\u00e9us de palha s\u00e3o feitos \u00e0 m\u00e3o, sendo assim, por se tratar de uma pe\u00e7a natural e produzida artesanalmente poder\u00e1 haver pequenas diferen\u00e7as na tonalidade das cores e na trama da palha, tornando o item ainda mais exclusivo.<\/p>\n","protected":false},"excerpt":{"rendered":"<p>CHAP\u00c9U KARAND\u00c1 Z\u00c9 NETO CAMPEIRO PREMIUM PALHA DUPLA\u00a0 \u00a0 PRODUTO ORIGINAL KARANDA &#8211;\u00a0 ACOMPANHA UM ADESIVO SIMPLES KARANDA\u00a0 \u00a0 Chap\u00e9u Karand\u00e1 de palha Carna\u00faba, com forma<span class=\"excerpt-hellip\"> [\u2026]<\/span><\/p>\n","protected":false},"featured_media":1052,"template":"","meta":{"_joinchat":[]},"product_brand":[],"product_cat":[26],"product_tag":[],"class_list":{"0":"post-1053","1":"product","2":"type-product","3":"status-publish","4":"has-post-thumbnail","6":"product_cat-ze-neto-campeiro","8":"first","9":"outofstock","10":"shipping-taxable","11":"purchasable","12":"product-type-simple"},"_links":{"self":[{"href":"https:\/\/chapeucenter.com.br\/index\/wp-json\/wp\/v2\/product\/1053","targetHints":{"allow":["GET"]}}],"collection":[{"href":"https:\/\/chapeucenter.com.br\/index\/wp-json\/wp\/v2\/product"}],"about":[{"href":"https:\/\/chapeucenter.com.br\/index\/wp-json\/wp\/v2\/types\/product"}],"wp:featuredmedia":[{"embeddable":true,"href":"https:\/\/chapeucenter.com.br\/index\/wp-json\/wp\/v2\/media\/1052"}],"wp:attachment":[{"href":"https:\/\/chapeucenter.com.br\/index\/wp-json\/wp\/v2\/media?parent=1053"}],"wp:term":[{"taxonomy":"product_brand","embeddable":true,"href":"https:\/\/chapeucenter.com.br\/index\/wp-json\/wp\/v2\/product_brand?post=1053"},{"taxonomy":"product_cat","embeddable":true,"href":"https:\/\/chapeucenter.com.br\/index\/wp-json\/wp\/v2\/product_cat?post=1053"},{"taxonomy":"product_tag","embeddable":true,"href":"https:\/\/chapeucenter.com.br\/index\/wp-json\/wp\/v2\/product_tag?post=1053"}],"curies":[{"name":"wp","href":"https:\/\/api.w.org\/{rel}","templated":true}]}}